{"id":113187,"date":"2026-05-05T11:16:14","date_gmt":"2026-05-05T14:16:14","guid":{"rendered":"https:\/\/www.hediyepazar.com\/?product=powerbank-60-000-mah-dijital-gostergeli-4-portlu-tasinabilir-2"},"modified":"2026-05-05T11:16:14","modified_gmt":"2026-05-05T14:16:14","slug":"powerbank-60-000-mah-dijital-gostergeli-4-portlu-tasinabilir-2","status":"publish","type":"product","link":"https:\/\/www.hediyepazar.com\/?product=powerbank-60-000-mah-dijital-gostergeli-4-portlu-tasinabilir-2","title":{"rendered":"Powerbank 60.000 MAH Dijital G\u00f6stergeli 4 Portlu Ta\u015f\u0131nabilir"},"content":{"rendered":"<p>Bu ta\u015f\u0131nabilir \u015farj cihaz\u0131, t\u00fcm ak\u0131ll\u0131 telefon, tablet ve ak\u0131ll\u0131 saatleriniz i\u00e7in h\u0131zl\u0131, g\u00fcvenli ve \u00e7ok y\u00f6nl\u00fc bir \u015farj deneyimi sunar. LED fener, ergonomik tasar\u0131m ve g\u00fcvenlik \u00f6zellikleriyle dolu bu cihaz, her an ihtiya\u00e7lar\u0131n\u0131za cevap verecek \u015fekilde tasarland\u0131.Geni\u015f UyumlulukPakette bulunan Micro USB, Lightning, Type-C ve USB kablolar\u0131 sayesinde, farkl\u0131 marka ve model cihazlar\u0131n\u0131z\u0131 tek bir cihazla \u015farj edebilirsiniz. \u00c7oklu uyumluluk \u00f6zelli\u011fiyle zamandan ve yerden tasarruf edin.G\u00fc\u00e7 ve Kontrol Bir AradaDijital g\u00f6sterge, cihaz\u0131n kalan \u015farj kapasitesini ve \u00e7al\u0131\u015fma durumunu kolayca takip etmenizi sa\u011flar. Bu \u00f6zellik, enerji y\u00f6netimini daha verimli hale getirir.Karanl\u0131kta Yard\u0131mc\u0131n\u0131zLED fener, cihaz\u0131 sadece bir \u015farj istasyonu de\u011fil, ayn\u0131 zamanda karanl\u0131k ortamlarda kullanabilece\u011finiz bir ayd\u0131nlatma arac\u0131 haline getirir.\u00c7oklu \u015earj ve G\u00fcvenlikAyn\u0131 anda d\u00f6rt farkl\u0131 cihaz\u0131 \u015farj etme kapasitesiyle donat\u0131lm\u0131\u015f olan bu cihaz, yo\u011fun tempoda dahi yan\u0131n\u0131zda g\u00fcvenilir bir yard\u0131mc\u0131 olur. K\u0131sa devre, a\u015f\u0131r\u0131 ak\u0131m ve y\u00fcksek gerilim koruma \u00f6zellikleri ile cihazlar\u0131n\u0131z her zaman g\u00fcvende kal\u0131r.Ta\u015f\u0131nabilir ve Kompakt Tasar\u0131m18x8x6 cm \u00f6l\u00e7\u00fclerindeki hafif ve kompakt yap\u0131s\u0131, bu \u015farj cihaz\u0131n\u0131 ta\u015f\u0131may\u0131 kolayla\u015ft\u0131r\u0131r. Kamp, seyahat veya ev kullan\u0131m\u0131nda m\u00fckemmel bir \u00e7\u00f6z\u00fcm sunar.Her an her yerde cihazlar\u0131n\u0131z\u0131 h\u0131zl\u0131 ve g\u00fcvenli bir \u015fekilde \u015farj etmek i\u00e7in bu ta\u015f\u0131nabilir \u015farj cihaz\u0131n\u0131 tercih edin. \u015eimdi sipari\u015f verin, pratikli\u011fin keyfini \u00e7\u0131kar\u0131n!<\/p>\n","protected":false},"excerpt":{"rendered":"<p>Bu ta\u015f\u0131nabilir \u015farj cihaz\u0131, t\u00fcm ak\u0131ll\u0131 telefon, tablet ve ak\u0131ll\u0131 saatleriniz i\u00e7in h\u0131zl\u0131, g\u00fcvenli ve \u00e7ok y\u00f6nl\u00fc bir \u015farj deneyimi sunar. LED fener, ergonomik tasar\u0131m ve g\u00fcvenlik \u00f6zellikleriyle dolu bu cihaz, her an ihtiya\u00e7lar\u0131n\u0131za cevap verecek \u015fekilde tasarland\u0131.Geni\u015f UyumlulukPakette bulunan Micro USB, Lightning, Type-C ve USB kablolar\u0131 sayesinde, farkl\u0131 marka ve model cihazlar\u0131n\u0131z\u0131 tek bir&#8230;<\/p>\n","protected":false},"featured_media":113186,"comment_status":"open","ping_status":"closed","template":"","meta":{"_kad_post_transparent":"","_kad_post_title":"","_kad_post_layout":"","_kad_post_sidebar_id":"","_kad_post_content_style":"","_kad_post_vertical_padding":"","_kad_post_feature":"","_kad_post_feature_position":"","_kad_post_header":false,"_kad_post_footer":false,"_kad_post_classname":""},"product_brand":[],"product_cat":[14937],"product_tag":[],"class_list":{"0":"post-113187","1":"product","2":"type-product","3":"status-publish","4":"has-post-thumbnail","6":"product_cat-powerbank-powerbank-2","8":"first","9":"instock","10":"purchasable","11":"product-type-simple","12":"entry","13":"content-bg","14":"loop-entry"},"_links":{"self":[{"href":"https:\/\/www.hediyepazar.com\/index.php?rest_route=\/wp\/v2\/product\/113187","targetHints":{"allow":["GET"]}}],"collection":[{"href":"https:\/\/www.hediyepazar.com\/index.php?rest_route=\/wp\/v2\/product"}],"about":[{"href":"https:\/\/www.hediyepazar.com\/index.php?rest_route=\/wp\/v2\/types\/product"}],"replies":[{"embeddable":true,"href":"https:\/\/www.hediyepazar.com\/index.php?rest_route=%2Fwp%2Fv2%2Fcomments&post=113187"}],"wp:featuredmedia":[{"embeddable":true,"href":"https:\/\/www.hediyepazar.com\/index.php?rest_route=\/wp\/v2\/media\/113186"}],"wp:attachment":[{"href":"https:\/\/www.hediyepazar.com\/index.php?rest_route=%2Fwp%2Fv2%2Fmedia&parent=113187"}],"wp:term":[{"taxonomy":"product_brand","embeddable":true,"href":"https:\/\/www.hediyepazar.com\/index.php?rest_route=%2Fwp%2Fv2%2Fproduct_brand&post=113187"},{"taxonomy":"product_cat","embeddable":true,"href":"https:\/\/www.hediyepazar.com\/index.php?rest_route=%2Fwp%2Fv2%2Fproduct_cat&post=113187"},{"taxonomy":"product_tag","embeddable":true,"href":"https:\/\/www.hediyepazar.com\/index.php?rest_route=%2Fwp%2Fv2%2Fproduct_tag&post=113187"}],"curies":[{"name":"wp","href":"https:\/\/api.w.org\/{rel}","templated":true}]}}