{"id":113203,"date":"2026-05-05T11:17:32","date_gmt":"2026-05-05T14:17:32","guid":{"rendered":"https:\/\/www.hediyepazar.com\/?product=cocuklar-icin-fotograf-makinesi-anlik-baski-makinesi-hd-goruntu-kalitesi"},"modified":"2026-05-05T11:17:32","modified_gmt":"2026-05-05T14:17:32","slug":"cocuklar-icin-fotograf-makinesi-anlik-baski-makinesi-hd-goruntu-kalitesi","status":"publish","type":"product","link":"https:\/\/www.hediyepazar.com\/?product=cocuklar-icin-fotograf-makinesi-anlik-baski-makinesi-hd-goruntu-kalitesi","title":{"rendered":"\u00c7ocuklar i\u00e7in Foto\u011fraf Makinesi Anl\u0131k Bask\u0131 Makinesi HD G\u00f6r\u00fcnt\u00fc Kalitesi"},"content":{"rendered":"<p>K\u00fc\u00e7\u00fck foto\u011fraf\u00e7\u0131lar i\u00e7in tasarlanm\u0131\u015f bu dijital foto\u011fraf makinesi, \u00e7ocuklar\u0131n e\u011flenerek \u00f6\u011frenmelerini sa\u011flayan bir deneyim sunuyor. Hem foto\u011fraf hem de video \u00e7ekme \u00f6zellikleri ile dolu olan bu cihaz, an\u0131 yakalamay\u0131 e\u011flenceli bir hale getiriyor.An\u0131nda Bask\u0131 Teknolojisiyle An\u0131lar Hemen SizinleMakinenin termal bask\u0131 teknolojisi, \u00e7ekilen foto\u011fraflar\u0131 an\u0131nda ka\u011f\u0131da basarak \u00e7ocuklar\u0131n an\u0131lar\u0131n\u0131 hemen payla\u015fmas\u0131na olanak tan\u0131r. \u00c7ocuklar, \u00e7ekimden bask\u0131ya kadar s\u00fcrecin her an\u0131nda e\u011flenirken, \u00e7ektikleri kareleri koleksiyon haline getirebilir.HD Video Kayd\u0131 ile Her An\u0131 \u00d6l\u00fcms\u00fczle\u015ftirinBu makine, HD video kayd\u0131 \u00f6zelli\u011fi sayesinde \u00e7ocuklar\u0131n yaln\u0131zca anl\u0131k kareler de\u011fil, hareketli g\u00f6r\u00fcnt\u00fcler de \u00e7ekmesine imkan tan\u0131r. \u00d6zel g\u00fcnlerden g\u00fcnl\u00fck ya\u015fant\u0131ya kadar t\u00fcm an\u0131lar, hem foto\u011fraf hem de video olarak saklanabilir.E\u011flenceli ve \u0130lham Verici Tasar\u0131m\u00c7ocuklar\u0131n yarat\u0131c\u0131l\u0131klar\u0131n\u0131 geli\u015ftirmek i\u00e7in tasarlanan bu cihaz, interaktif \u00f6zellikleriyle onlar\u0131n hayal d\u00fcnyas\u0131na katk\u0131da bulunur. \u00c7ektikleri foto\u011fraflar\u0131 boyama, s\u00fcsleme veya kendi hikayelerine d\u00f6n\u00fc\u015ft\u00fcrme \u015fans\u0131 veren bu makine, \u00e7ocuklara sanat ve e\u011flenceyi bir arada sunar.Kolay Kullan\u0131m, Her Yere Ta\u015f\u0131maK\u00fc\u00e7\u00fck ve hafif yap\u0131s\u0131 sayesinde, \u00e7ocuklar bu cihaz\u0131 her yere kolayca g\u00f6t\u00fcrebilir. Ergonomik tasar\u0131m\u0131 ve basit aray\u00fcz\u00fc ile t\u00fcm ya\u015f gruplar\u0131n\u0131n rahat\u00e7a kullanabilece\u011fi bir \u00fcr\u00fcnd\u00fcr.\u00c7ocu\u011funuzun an\u0131 biriktirme ve yarat\u0131c\u0131l\u0131k dolu bir d\u00fcnyaya ad\u0131m atmas\u0131n\u0131 sa\u011flayacak bu dijital foto\u011fraf makinesi, unutulmaz an\u0131lar yaratmak i\u00e7in harika bir se\u00e7im. \u015eimdi sipari\u015f edin ve k\u00fc\u00e7\u00fcklerin e\u011flenceli yolculu\u011funa e\u015flik edin!&nbsp;4o<\/p>\n","protected":false},"excerpt":{"rendered":"<p>K\u00fc\u00e7\u00fck foto\u011fraf\u00e7\u0131lar i\u00e7in tasarlanm\u0131\u015f bu dijital foto\u011fraf makinesi, \u00e7ocuklar\u0131n e\u011flenerek \u00f6\u011frenmelerini sa\u011flayan bir deneyim sunuyor. Hem foto\u011fraf hem de video \u00e7ekme \u00f6zellikleri ile dolu olan bu cihaz, an\u0131 yakalamay\u0131 e\u011flenceli bir hale getiriyor.An\u0131nda Bask\u0131 Teknolojisiyle An\u0131lar Hemen SizinleMakinenin termal bask\u0131 teknolojisi, \u00e7ekilen foto\u011fraflar\u0131 an\u0131nda ka\u011f\u0131da basarak \u00e7ocuklar\u0131n an\u0131lar\u0131n\u0131 hemen payla\u015fmas\u0131na olanak tan\u0131r. \u00c7ocuklar, \u00e7ekimden bask\u0131ya&#8230;<\/p>\n","protected":false},"featured_media":113202,"comment_status":"open","ping_status":"closed","template":"","meta":{"_kad_post_transparent":"","_kad_post_title":"","_kad_post_layout":"","_kad_post_sidebar_id":"","_kad_post_content_style":"","_kad_post_vertical_padding":"","_kad_post_feature":"","_kad_post_feature_position":"","_kad_post_header":false,"_kad_post_footer":false,"_kad_post_classname":""},"product_brand":[],"product_cat":[14987],"product_tag":[],"class_list":{"0":"post-113203","1":"product","2":"type-product","3":"status-publish","4":"has-post-thumbnail","6":"product_cat-cocuk-kamera-cocuk-kamera","8":"first","9":"instock","10":"purchasable","11":"product-type-simple","12":"entry","13":"content-bg","14":"loop-entry"},"_links":{"self":[{"href":"https:\/\/www.hediyepazar.com\/index.php?rest_route=\/wp\/v2\/product\/113203","targetHints":{"allow":["GET"]}}],"collection":[{"href":"https:\/\/www.hediyepazar.com\/index.php?rest_route=\/wp\/v2\/product"}],"about":[{"href":"https:\/\/www.hediyepazar.com\/index.php?rest_route=\/wp\/v2\/types\/product"}],"replies":[{"embeddable":true,"href":"https:\/\/www.hediyepazar.com\/index.php?rest_route=%2Fwp%2Fv2%2Fcomments&post=113203"}],"wp:featuredmedia":[{"embeddable":true,"href":"https:\/\/www.hediyepazar.com\/index.php?rest_route=\/wp\/v2\/media\/113202"}],"wp:attachment":[{"href":"https:\/\/www.hediyepazar.com\/index.php?rest_route=%2Fwp%2Fv2%2Fmedia&parent=113203"}],"wp:term":[{"taxonomy":"product_brand","embeddable":true,"href":"https:\/\/www.hediyepazar.com\/index.php?rest_route=%2Fwp%2Fv2%2Fproduct_brand&post=113203"},{"taxonomy":"product_cat","embeddable":true,"href":"https:\/\/www.hediyepazar.com\/index.php?rest_route=%2Fwp%2Fv2%2Fproduct_cat&post=113203"},{"taxonomy":"product_tag","embeddable":true,"href":"https:\/\/www.hediyepazar.com\/index.php?rest_route=%2Fwp%2Fv2%2Fproduct_tag&post=113203"}],"curies":[{"name":"wp","href":"https:\/\/api.w.org\/{rel}","templated":true}]}}