{"id":113205,"date":"2026-05-05T11:17:42","date_gmt":"2026-05-05T14:17:42","guid":{"rendered":"https:\/\/www.hediyepazar.com\/?product=cocuk-fotograf-makinesi-dijital-hd-video-rulo-kagit-baskili-yazici"},"modified":"2026-05-05T11:17:42","modified_gmt":"2026-05-05T14:17:42","slug":"cocuk-fotograf-makinesi-dijital-hd-video-rulo-kagit-baskili-yazici","status":"publish","type":"product","link":"https:\/\/www.hediyepazar.com\/?product=cocuk-fotograf-makinesi-dijital-hd-video-rulo-kagit-baskili-yazici","title":{"rendered":"\u00c7ocuk Foto\u011fraf Makinesi Dijital HD Video Rulo Ka\u011f\u0131t Bask\u0131l\u0131 Yaz\u0131c\u0131"},"content":{"rendered":"<p>\u00c7ocuklar\u0131n\u0131z\u0131n en g\u00fczel anlar\u0131n\u0131 yakalamas\u0131 ve unutulmaz an\u0131lara d\u00f6n\u00fc\u015ft\u00fcrmesi i\u00e7in \u00f6zel olarak tasarlanm\u0131\u015f bu dijital foto\u011fraf makinesi, hem e\u011flenceli hem de yarat\u0131c\u0131 bir deneyim sunuyor. Ta\u015f\u0131nabilir ve kolay kullan\u0131m\u0131yla her ya\u015ftan \u00e7ocuk i\u00e7in ideal bir \u00fcr\u00fcn olan bu makine, \u00e7ocuklar\u0131n hayal g\u00fcc\u00fcn\u00fc ve yarat\u0131c\u0131l\u0131\u011f\u0131n\u0131 geli\u015ftirmeye yard\u0131mc\u0131 olur.Anl\u0131k Termal Bask\u0131 TeknolojisiMakinenin y\u00fcksek kaliteli termal bask\u0131 teknolojisi, \u00e7ekilen foto\u011fraflar\u0131 an\u0131nda ka\u011f\u0131da basar. \u00c7ocuklar, foto\u011fraflar\u0131n\u0131 hemen eline alabilir ve yarat\u0131c\u0131l\u0131klar\u0131n\u0131 kendi an\u0131 koleksiyonlar\u0131n\u0131 olu\u015fturarak sergileyebilir.HD Video Kayd\u0131 ile \u00d6zel AnlarSadece foto\u011fraf \u00e7ekmekle kalmaz, HD video kayd\u0131 \u00f6zelli\u011fi sayesinde \u00e7ocuklar an\u0131lar\u0131n\u0131 hem foto\u011fraf hem de video olarak kaydedebilir. Do\u011fum g\u00fcn\u00fc partileri, okul etkinlikleri veya g\u00fcnl\u00fck maceralar gibi her an\u0131 \u00f6l\u00fcms\u00fczle\u015ftirebilirler.Yarat\u0131c\u0131l\u0131\u011f\u0131 Te\u015fvik Eden Tasar\u0131mEtkile\u015fimli ve e\u011flenceli tasar\u0131m\u0131, \u00e7ocuklar\u0131n hayal g\u00fcc\u00fcn\u00fc beslerken, onlar\u0131 yeni \u015feyler ke\u015ffetmeye te\u015fvik eder. Foto\u011fraflar\u0131 ki\u015fiselle\u015ftirebilecekleri, s\u00fcsleyebilecekleri veya boyayabilecekleri \u00f6zellikleriyle bu makine, sadece bir kamera de\u011fil, ayn\u0131 zamanda bir yarat\u0131c\u0131l\u0131k arac\u0131 olarak \u00f6ne \u00e7\u0131kar.Kolay Kullan\u0131m ve Ta\u015f\u0131nabilirlikKompakt ve hafif tasar\u0131m\u0131 sayesinde, \u00e7ocuklar makineyi her yere kolayca g\u00f6t\u00fcrebilir ve istedikleri her an kullanabilir. Kullan\u0131c\u0131 dostu aray\u00fcz\u00fc ile \u00e7ocuklar\u0131n ba\u011f\u0131ms\u0131z olarak \u00f6\u011frenip e\u011flenmesi i\u00e7in idealdir.Bu dijital foto\u011fraf makinesi, \u00e7ocuklara foto\u011fraf \u00e7ekmenin e\u011flencesini ya\u015fat\u0131rken, onlar\u0131n unutulmaz an\u0131lar\u0131n\u0131 kaydetmelerine ve saklamalar\u0131na olanak tan\u0131r. \u015eimdi sipari\u015f edin ve \u00e7ocu\u011funuzun yarat\u0131c\u0131 d\u00fcnyas\u0131na ilham verin!<\/p>\n","protected":false},"excerpt":{"rendered":"<p>\u00c7ocuklar\u0131n\u0131z\u0131n en g\u00fczel anlar\u0131n\u0131 yakalamas\u0131 ve unutulmaz an\u0131lara d\u00f6n\u00fc\u015ft\u00fcrmesi i\u00e7in \u00f6zel olarak tasarlanm\u0131\u015f bu dijital foto\u011fraf makinesi, hem e\u011flenceli hem de yarat\u0131c\u0131 bir deneyim sunuyor. Ta\u015f\u0131nabilir ve kolay kullan\u0131m\u0131yla her ya\u015ftan \u00e7ocuk i\u00e7in ideal bir \u00fcr\u00fcn olan bu makine, \u00e7ocuklar\u0131n hayal g\u00fcc\u00fcn\u00fc ve yarat\u0131c\u0131l\u0131\u011f\u0131n\u0131 geli\u015ftirmeye yard\u0131mc\u0131 olur.Anl\u0131k Termal Bask\u0131 TeknolojisiMakinenin y\u00fcksek kaliteli termal bask\u0131 teknolojisi,&#8230;<\/p>\n","protected":false},"featured_media":113204,"comment_status":"open","ping_status":"closed","template":"","meta":{"_kad_post_transparent":"","_kad_post_title":"","_kad_post_layout":"","_kad_post_sidebar_id":"","_kad_post_content_style":"","_kad_post_vertical_padding":"","_kad_post_feature":"","_kad_post_feature_position":"","_kad_post_header":false,"_kad_post_footer":false,"_kad_post_classname":""},"product_brand":[],"product_cat":[14987],"product_tag":[],"class_list":{"0":"post-113205","1":"product","2":"type-product","3":"status-publish","4":"has-post-thumbnail","6":"product_cat-cocuk-kamera-cocuk-kamera","8":"first","9":"instock","10":"purchasable","11":"product-type-simple","12":"entry","13":"content-bg","14":"loop-entry"},"_links":{"self":[{"href":"https:\/\/www.hediyepazar.com\/index.php?rest_route=\/wp\/v2\/product\/113205","targetHints":{"allow":["GET"]}}],"collection":[{"href":"https:\/\/www.hediyepazar.com\/index.php?rest_route=\/wp\/v2\/product"}],"about":[{"href":"https:\/\/www.hediyepazar.com\/index.php?rest_route=\/wp\/v2\/types\/product"}],"replies":[{"embeddable":true,"href":"https:\/\/www.hediyepazar.com\/index.php?rest_route=%2Fwp%2Fv2%2Fcomments&post=113205"}],"wp:featuredmedia":[{"embeddable":true,"href":"https:\/\/www.hediyepazar.com\/index.php?rest_route=\/wp\/v2\/media\/113204"}],"wp:attachment":[{"href":"https:\/\/www.hediyepazar.com\/index.php?rest_route=%2Fwp%2Fv2%2Fmedia&parent=113205"}],"wp:term":[{"taxonomy":"product_brand","embeddable":true,"href":"https:\/\/www.hediyepazar.com\/index.php?rest_route=%2Fwp%2Fv2%2Fproduct_brand&post=113205"},{"taxonomy":"product_cat","embeddable":true,"href":"https:\/\/www.hediyepazar.com\/index.php?rest_route=%2Fwp%2Fv2%2Fproduct_cat&post=113205"},{"taxonomy":"product_tag","embeddable":true,"href":"https:\/\/www.hediyepazar.com\/index.php?rest_route=%2Fwp%2Fv2%2Fproduct_tag&post=113205"}],"curies":[{"name":"wp","href":"https:\/\/api.w.org\/{rel}","templated":true}]}}