{"id":113217,"date":"2026-05-05T11:18:38","date_gmt":"2026-05-05T14:18:38","guid":{"rendered":"https:\/\/www.hediyepazar.com\/?product=cocuk-kamerasi-dijital-1080p-hd-kaliteli-mini-fotograf-makinesi-profesyonel"},"modified":"2026-05-05T11:18:38","modified_gmt":"2026-05-05T14:18:38","slug":"cocuk-kamerasi-dijital-1080p-hd-kaliteli-mini-fotograf-makinesi-profesyonel","status":"publish","type":"product","link":"https:\/\/www.hediyepazar.com\/?product=cocuk-kamerasi-dijital-1080p-hd-kaliteli-mini-fotograf-makinesi-profesyonel","title":{"rendered":"\u00c7ocuk Kameras\u0131 Dijital 1080P HD Kaliteli Mini Foto\u011fraf Makinesi Profesyonel"},"content":{"rendered":"<p>Mini \u00c7ocuk Kamera, 3-12 ya\u015f aras\u0131 \u00e7ocuklar\u0131n yarat\u0131c\u0131 d\u00fcnyas\u0131n\u0131 geli\u015ftirmek i\u00e7in tasarlanm\u0131\u015f \u00e7ok y\u00f6nl\u00fc bir dijital foto\u011fraf makinesidir. \u00c7ocuklar\u0131n foto\u011fraf \u00e7ekme ve video kaydetme becerilerini e\u011flenceli bir \u015fekilde \u00f6\u011frenmesini sa\u011flayan bu \u00fcr\u00fcn, cilt dostu ve \u00e7evreye zarar vermeyen malzemelerden \u00fcretilmi\u015ftir. 2.0 in\u00e7 TFT ekran, \u00e7ocuklar\u0131n \u00e7ekimlerini kolayca g\u00f6r\u00fcnt\u00fclemesini sa\u011flarken, 8 megapiksel kamera ve 4x dijital zoom \u00f6zellikleri, y\u00fcksek kaliteli ve net \u00e7ekimler yapmalar\u0131na olanak tan\u0131r.Kamera, e\u011flenceli \u00f6zellikleriyle \u00e7ocuklar\u0131n hayal g\u00fcc\u00fcn\u00fc harekete ge\u00e7irir. Komik foto\u011fraf \u00e7er\u00e7eveleri ve e\u011flenceli \u00e7\u0131kartmalar, \u00e7ekimleri daha e\u011flenceli hale getirirken, zamanlay\u0131c\u0131 ve ses kayd\u0131 gibi \u00f6zellikler \u00e7ocuklar\u0131n farkl\u0131 i\u015flevleri ke\u015ffetmesini sa\u011flar. Otomatik \u00e7ekim modlar\u0131 ve \u00e7e\u015fitli sahne se\u00e7enekleri (manzara, gece, spor vb.) sayesinde her ortamda kolay kullan\u0131m sunar. Kamera ayr\u0131ca beyaz dengesi ve fla\u015f ayarlar\u0131 ile profesyonel \u00e7ekim deneyimi ya\u015fat\u0131r.USB ile \u015farj edilebilen 600 mAh batarya ve 32GB\u2019a kadar TF kart deste\u011fi ile uzun s\u00fcreli kullan\u0131m ve geni\u015f depolama kapasitesi sunar. Kompakt tasar\u0131m\u0131 ve ta\u015f\u0131ma boyunlu\u011fu, \u00fcr\u00fcn\u00fc her yere ta\u015f\u0131may\u0131 kolayla\u015ft\u0131r\u0131r. Do\u011fum g\u00fcnleri veya \u00f6zel g\u00fcnlerde \u00e7ocuklara unutulmaz bir hediye olarak sunulabilecek bu kamera, e\u011flenceli g\u00f6r\u00fcn\u00fcm\u00fc ve \u00e7ok y\u00f6nl\u00fc i\u015flevselli\u011fiyle \u00e7ocuklar\u0131n favori elektronik cihazlar\u0131ndan biri olacakt\u0131r.<\/p>\n","protected":false},"excerpt":{"rendered":"<p>Mini \u00c7ocuk Kamera, 3-12 ya\u015f aras\u0131 \u00e7ocuklar\u0131n yarat\u0131c\u0131 d\u00fcnyas\u0131n\u0131 geli\u015ftirmek i\u00e7in tasarlanm\u0131\u015f \u00e7ok y\u00f6nl\u00fc bir dijital foto\u011fraf makinesidir. \u00c7ocuklar\u0131n foto\u011fraf \u00e7ekme ve video kaydetme becerilerini e\u011flenceli bir \u015fekilde \u00f6\u011frenmesini sa\u011flayan bu \u00fcr\u00fcn, cilt dostu ve \u00e7evreye zarar vermeyen malzemelerden \u00fcretilmi\u015ftir. 2.0 in\u00e7 TFT ekran, \u00e7ocuklar\u0131n \u00e7ekimlerini kolayca g\u00f6r\u00fcnt\u00fclemesini sa\u011flarken, 8 megapiksel kamera ve 4x dijital&#8230;<\/p>\n","protected":false},"featured_media":113216,"comment_status":"open","ping_status":"closed","template":"","meta":{"_kad_post_transparent":"","_kad_post_title":"","_kad_post_layout":"","_kad_post_sidebar_id":"","_kad_post_content_style":"","_kad_post_vertical_padding":"","_kad_post_feature":"","_kad_post_feature_position":"","_kad_post_header":false,"_kad_post_footer":false,"_kad_post_classname":""},"product_brand":[],"product_cat":[14987],"product_tag":[],"class_list":{"0":"post-113217","1":"product","2":"type-product","3":"status-publish","4":"has-post-thumbnail","6":"product_cat-cocuk-kamera-cocuk-kamera","8":"first","9":"instock","10":"purchasable","11":"product-type-simple","12":"entry","13":"content-bg","14":"loop-entry"},"_links":{"self":[{"href":"https:\/\/www.hediyepazar.com\/index.php?rest_route=\/wp\/v2\/product\/113217","targetHints":{"allow":["GET"]}}],"collection":[{"href":"https:\/\/www.hediyepazar.com\/index.php?rest_route=\/wp\/v2\/product"}],"about":[{"href":"https:\/\/www.hediyepazar.com\/index.php?rest_route=\/wp\/v2\/types\/product"}],"replies":[{"embeddable":true,"href":"https:\/\/www.hediyepazar.com\/index.php?rest_route=%2Fwp%2Fv2%2Fcomments&post=113217"}],"wp:featuredmedia":[{"embeddable":true,"href":"https:\/\/www.hediyepazar.com\/index.php?rest_route=\/wp\/v2\/media\/113216"}],"wp:attachment":[{"href":"https:\/\/www.hediyepazar.com\/index.php?rest_route=%2Fwp%2Fv2%2Fmedia&parent=113217"}],"wp:term":[{"taxonomy":"product_brand","embeddable":true,"href":"https:\/\/www.hediyepazar.com\/index.php?rest_route=%2Fwp%2Fv2%2Fproduct_brand&post=113217"},{"taxonomy":"product_cat","embeddable":true,"href":"https:\/\/www.hediyepazar.com\/index.php?rest_route=%2Fwp%2Fv2%2Fproduct_cat&post=113217"},{"taxonomy":"product_tag","embeddable":true,"href":"https:\/\/www.hediyepazar.com\/index.php?rest_route=%2Fwp%2Fv2%2Fproduct_tag&post=113217"}],"curies":[{"name":"wp","href":"https:\/\/api.w.org\/{rel}","templated":true}]}}