{"id":113219,"date":"2026-05-05T11:19:03","date_gmt":"2026-05-05T14:19:03","guid":{"rendered":"https:\/\/www.hediyepazar.com\/?product=cocuklara-ozel-dijital-fotograf-makinesi-mini-1080p-hd-kaliteli"},"modified":"2026-05-05T11:19:03","modified_gmt":"2026-05-05T14:19:03","slug":"cocuklara-ozel-dijital-fotograf-makinesi-mini-1080p-hd-kaliteli","status":"publish","type":"product","link":"https:\/\/www.hediyepazar.com\/?product=cocuklara-ozel-dijital-fotograf-makinesi-mini-1080p-hd-kaliteli","title":{"rendered":"\u00c7ocuklara \u00d6zel Dijital Foto\u011fraf Makinesi Mini 1080P HD Kaliteli"},"content":{"rendered":"<p>Mini \u00c7ocuk Kamera, \u00e7ocuklar\u0131n hem e\u011flenip hem de \u00f6\u011frenmesini sa\u011flayan \u00f6zel bir dijital foto\u011fraf makinesidir. 1080p HD \u00e7\u00f6z\u00fcn\u00fcrl\u00fck, y\u00fcksek kaliteli video kayd\u0131 ve net foto\u011fraf \u00e7ekimi sunarak \u00e7ocuklar\u0131n yarat\u0131c\u0131 y\u00f6nlerini geli\u015ftirmelerine olanak tan\u0131r. Ergonomik ve \u015f\u0131k tasar\u0131m\u0131, hafif ve dayan\u0131kl\u0131 yap\u0131s\u0131yla \u00e7ocuklar\u0131n ellerine uygun \u015fekilde tasarlanm\u0131\u015ft\u0131r. \u00c7evre dostu malzemelerden \u00fcretilmi\u015f olup cilt dostu dokusuyla \u00e7ocuklar\u0131n g\u00fcvenle kullanabilece\u011fi bir \u00fcr\u00fcnd\u00fcr.Bu mini kamera, \u00e7ocuklar\u0131n yarat\u0131c\u0131l\u0131\u011f\u0131n\u0131 art\u0131racak bir\u00e7ok \u00f6zellikle donat\u0131lm\u0131\u015ft\u0131r. Foto\u011fraf \u00e7ekimi, video kayd\u0131, ses kayd\u0131 gibi i\u015flevlere sahip olmas\u0131n\u0131n yan\u0131 s\u0131ra, komik foto\u011fraf \u00e7er\u00e7eveleri ve kafa \u00e7\u0131kartmalar\u0131 ile \u00e7ocuklar\u0131n \u00e7ekimlerini e\u011flenceli bir hale getirir. 4x dijital zoom ve \u00e7e\u015fitli sahne modlar\u0131 (spor, gece, plaj vb.) ile her an\u0131 en iyi \u015fekilde yakalamalar\u0131na yard\u0131mc\u0131 olur. \u00c7ekim deneyimini daha ileriye ta\u015f\u0131yan otomatik beyaz dengesi ve \u00e7e\u015fitli fla\u015f se\u00e7enekleri, hem ayd\u0131nl\u0131k hem de lo\u015f ortamlarda kusursuz sonu\u00e7lar sa\u011flar.600 mAh batarya kapasitesi ile uzun s\u00fcre kullan\u0131labilen bu cihaz, USB kablo ile h\u0131zl\u0131ca \u015farj edilebilir ve 32GB\u2019a kadar TF kart deste\u011fi sunarak \u00e7ocuklar\u0131n t\u00fcm an\u0131lar\u0131n\u0131 kaydetmelerine olanak tan\u0131r. Seyahatler ve d\u0131\u015f mekan aktivitelerinde kullan\u0131labilecek ta\u015f\u0131nabilir bir yap\u0131ya sahiptir. \u00c7ocuk g\u00fcnleri, do\u011fum g\u00fcnleri gibi \u00f6zel g\u00fcnlerde hediye olarak tercih edilebilecek bu \u00fcr\u00fcn, \u00e7ocuklar\u0131n d\u00fcnyay\u0131 ke\u015ffetmesi ve an\u0131lar\u0131n\u0131 \u00f6l\u00fcms\u00fczle\u015ftirmesi i\u00e7in m\u00fckemmel bir se\u00e7imdir.<\/p>\n","protected":false},"excerpt":{"rendered":"<p>Mini \u00c7ocuk Kamera, \u00e7ocuklar\u0131n hem e\u011flenip hem de \u00f6\u011frenmesini sa\u011flayan \u00f6zel bir dijital foto\u011fraf makinesidir. 1080p HD \u00e7\u00f6z\u00fcn\u00fcrl\u00fck, y\u00fcksek kaliteli video kayd\u0131 ve net foto\u011fraf \u00e7ekimi sunarak \u00e7ocuklar\u0131n yarat\u0131c\u0131 y\u00f6nlerini geli\u015ftirmelerine olanak tan\u0131r. Ergonomik ve \u015f\u0131k tasar\u0131m\u0131, hafif ve dayan\u0131kl\u0131 yap\u0131s\u0131yla \u00e7ocuklar\u0131n ellerine uygun \u015fekilde tasarlanm\u0131\u015ft\u0131r. \u00c7evre dostu malzemelerden \u00fcretilmi\u015f olup cilt dostu dokusuyla \u00e7ocuklar\u0131n&#8230;<\/p>\n","protected":false},"featured_media":113218,"comment_status":"open","ping_status":"closed","template":"","meta":{"_kad_post_transparent":"","_kad_post_title":"","_kad_post_layout":"","_kad_post_sidebar_id":"","_kad_post_content_style":"","_kad_post_vertical_padding":"","_kad_post_feature":"","_kad_post_feature_position":"","_kad_post_header":false,"_kad_post_footer":false,"_kad_post_classname":""},"product_brand":[],"product_cat":[14987],"product_tag":[],"class_list":{"0":"post-113219","1":"product","2":"type-product","3":"status-publish","4":"has-post-thumbnail","6":"product_cat-cocuk-kamera-cocuk-kamera","8":"first","9":"instock","10":"purchasable","11":"product-type-simple","12":"entry","13":"content-bg","14":"loop-entry"},"_links":{"self":[{"href":"https:\/\/www.hediyepazar.com\/index.php?rest_route=\/wp\/v2\/product\/113219","targetHints":{"allow":["GET"]}}],"collection":[{"href":"https:\/\/www.hediyepazar.com\/index.php?rest_route=\/wp\/v2\/product"}],"about":[{"href":"https:\/\/www.hediyepazar.com\/index.php?rest_route=\/wp\/v2\/types\/product"}],"replies":[{"embeddable":true,"href":"https:\/\/www.hediyepazar.com\/index.php?rest_route=%2Fwp%2Fv2%2Fcomments&post=113219"}],"wp:featuredmedia":[{"embeddable":true,"href":"https:\/\/www.hediyepazar.com\/index.php?rest_route=\/wp\/v2\/media\/113218"}],"wp:attachment":[{"href":"https:\/\/www.hediyepazar.com\/index.php?rest_route=%2Fwp%2Fv2%2Fmedia&parent=113219"}],"wp:term":[{"taxonomy":"product_brand","embeddable":true,"href":"https:\/\/www.hediyepazar.com\/index.php?rest_route=%2Fwp%2Fv2%2Fproduct_brand&post=113219"},{"taxonomy":"product_cat","embeddable":true,"href":"https:\/\/www.hediyepazar.com\/index.php?rest_route=%2Fwp%2Fv2%2Fproduct_cat&post=113219"},{"taxonomy":"product_tag","embeddable":true,"href":"https:\/\/www.hediyepazar.com\/index.php?rest_route=%2Fwp%2Fv2%2Fproduct_tag&post=113219"}],"curies":[{"name":"wp","href":"https:\/\/api.w.org\/{rel}","templated":true}]}}