{"id":113259,"date":"2026-05-05T11:22:12","date_gmt":"2026-05-05T14:22:12","guid":{"rendered":"https:\/\/www.hediyepazar.com\/?product=akilli-saat-sesli-gorusme-titresimli-nabiz-sensorlu-spor-modlari"},"modified":"2026-05-05T11:22:12","modified_gmt":"2026-05-05T14:22:12","slug":"akilli-saat-sesli-gorusme-titresimli-nabiz-sensorlu-spor-modlari","status":"publish","type":"product","link":"https:\/\/www.hediyepazar.com\/?product=akilli-saat-sesli-gorusme-titresimli-nabiz-sensorlu-spor-modlari","title":{"rendered":"Ak\u0131ll\u0131 Saat Sesli G\u00f6r\u00fc\u015fme Titre\u015fimli Nab\u0131z Sens\u00f6rl\u00fc Spor Modlar\u0131"},"content":{"rendered":"<p>G\u00fcnl\u00fck aktivitelerinizi daha verimli bir \u015fekilde takip etmek ve sa\u011fl\u0131kl\u0131 ya\u015fam hedeflerinize ula\u015fmak i\u00e7in tasarlanm\u0131\u015f bu ak\u0131ll\u0131 saat, ya\u015fam tarz\u0131n\u0131z\u0131 bir \u00fcst seviyeye ta\u015f\u0131yor. Entegre ad\u0131msayar \u00f6zelli\u011fi, g\u00fcnl\u00fck att\u0131\u011f\u0131n\u0131z ad\u0131mlar\u0131 ve yakt\u0131\u011f\u0131n\u0131z kalorileri detayl\u0131 bir \u015fekilde analiz etmenize olanak tan\u0131rken, hareketlerinizi kontrol alt\u0131nda tutarak daha aktif bir ya\u015fam s\u00fcrmenize destek olur. Sa\u011fl\u0131k odakl\u0131 bu \u00f6zellik, spor yapmay\u0131 sevenler ya da g\u00fcnl\u00fck rutini takip etmek isteyenler i\u00e7in ideal bir yard\u0131mc\u0131d\u0131r.Sesli g\u00f6r\u00fc\u015fme \u00f6zelli\u011fi, telefonunuzu cebinizden \u00e7\u0131karmadan \u00e7a\u011fr\u0131lar\u0131n\u0131z\u0131 kolayca yan\u0131tlaman\u0131z\u0131 sa\u011flar. Eller serbest bir deneyim sunarak, hem evde hem de i\u015fte hayat\u0131n\u0131z\u0131 kolayla\u015ft\u0131r\u0131r. Ayr\u0131ca uyku takibi fonksiyonu, uyku d\u00fczeninizi analiz ederek daha kaliteli bir uyku deneyimi ya\u015faman\u0131za yard\u0131mc\u0131 olur. Uykunuzun derinliklerini \u00f6l\u00e7erek, ihtiya\u00e7 duydu\u011funuz dinlenme s\u00fcresini anlaman\u0131za ve buna uygun de\u011fi\u015fiklikler yapman\u0131za imkan tan\u0131r. Bu \u00f6zellik, g\u00fcne zinde ba\u015flaman\u0131z\u0131 ve daha sa\u011fl\u0131kl\u0131 bir ya\u015fam s\u00fcrd\u00fcrmenizi destekler.Uzun s\u00fcreli kullan\u0131m i\u00e7in tasarlanm\u0131\u015f 300-400 mAh batarya kapasitesi, g\u00fcn boyu \u015farj etme derdi olmadan t\u00fcm \u00f6zelliklerden faydalanman\u0131z\u0131 sa\u011flar. Titre\u015fim bildirimleri ile gelen mesajlar, \u00e7a\u011fr\u0131lar ve spor uyar\u0131lar\u0131 hakk\u0131nda an\u0131nda haberdar olabilirsiniz. \u015e\u0131k gri kasa rengi, zarif tasar\u0131m\u0131yla her tarza uyum sa\u011flayarak sadece bir teknoloji \u00fcr\u00fcn\u00fc de\u011fil, ayn\u0131 zamanda \u015f\u0131k bir aksesuar olma \u00f6zelli\u011fi ta\u015f\u0131r. Nab\u0131z sens\u00f6r\u00fc ile kalp at\u0131\u015f h\u0131z\u0131n\u0131z\u0131 s\u00fcrekli olarak izleyebilir ve sa\u011fl\u0131k durumunuzu daha yak\u0131ndan takip edebilirsiniz. Bu ak\u0131ll\u0131 saat, hem g\u00fcnl\u00fck hayat\u0131n\u0131z\u0131 kolayla\u015ft\u0131rmak hem de sa\u011fl\u0131\u011f\u0131n\u0131z\u0131 daha iyi y\u00f6netmek i\u00e7in m\u00fckemmel bir yard\u0131mc\u0131d\u0131r.<\/p>\n","protected":false},"excerpt":{"rendered":"<p>G\u00fcnl\u00fck aktivitelerinizi daha verimli bir \u015fekilde takip etmek ve sa\u011fl\u0131kl\u0131 ya\u015fam hedeflerinize ula\u015fmak i\u00e7in tasarlanm\u0131\u015f bu ak\u0131ll\u0131 saat, ya\u015fam tarz\u0131n\u0131z\u0131 bir \u00fcst seviyeye ta\u015f\u0131yor. Entegre ad\u0131msayar \u00f6zelli\u011fi, g\u00fcnl\u00fck att\u0131\u011f\u0131n\u0131z ad\u0131mlar\u0131 ve yakt\u0131\u011f\u0131n\u0131z kalorileri detayl\u0131 bir \u015fekilde analiz etmenize olanak tan\u0131rken, hareketlerinizi kontrol alt\u0131nda tutarak daha aktif bir ya\u015fam s\u00fcrmenize destek olur. Sa\u011fl\u0131k odakl\u0131 bu \u00f6zellik,&#8230;<\/p>\n","protected":false},"featured_media":113258,"comment_status":"open","ping_status":"closed","template":"","meta":{"_kad_post_transparent":"","_kad_post_title":"","_kad_post_layout":"","_kad_post_sidebar_id":"","_kad_post_content_style":"","_kad_post_vertical_padding":"","_kad_post_feature":"","_kad_post_feature_position":"","_kad_post_header":false,"_kad_post_footer":false,"_kad_post_classname":""},"product_brand":[],"product_cat":[14935],"product_tag":[],"class_list":{"0":"post-113259","1":"product","2":"type-product","3":"status-publish","4":"has-post-thumbnail","6":"product_cat-akilli-saatler-akilli-saatler","8":"first","9":"instock","10":"purchasable","11":"product-type-simple","12":"entry","13":"content-bg","14":"loop-entry"},"_links":{"self":[{"href":"https:\/\/www.hediyepazar.com\/index.php?rest_route=\/wp\/v2\/product\/113259","targetHints":{"allow":["GET"]}}],"collection":[{"href":"https:\/\/www.hediyepazar.com\/index.php?rest_route=\/wp\/v2\/product"}],"about":[{"href":"https:\/\/www.hediyepazar.com\/index.php?rest_route=\/wp\/v2\/types\/product"}],"replies":[{"embeddable":true,"href":"https:\/\/www.hediyepazar.com\/index.php?rest_route=%2Fwp%2Fv2%2Fcomments&post=113259"}],"wp:featuredmedia":[{"embeddable":true,"href":"https:\/\/www.hediyepazar.com\/index.php?rest_route=\/wp\/v2\/media\/113258"}],"wp:attachment":[{"href":"https:\/\/www.hediyepazar.com\/index.php?rest_route=%2Fwp%2Fv2%2Fmedia&parent=113259"}],"wp:term":[{"taxonomy":"product_brand","embeddable":true,"href":"https:\/\/www.hediyepazar.com\/index.php?rest_route=%2Fwp%2Fv2%2Fproduct_brand&post=113259"},{"taxonomy":"product_cat","embeddable":true,"href":"https:\/\/www.hediyepazar.com\/index.php?rest_route=%2Fwp%2Fv2%2Fproduct_cat&post=113259"},{"taxonomy":"product_tag","embeddable":true,"href":"https:\/\/www.hediyepazar.com\/index.php?rest_route=%2Fwp%2Fv2%2Fproduct_tag&post=113259"}],"curies":[{"name":"wp","href":"https:\/\/api.w.org\/{rel}","templated":true}]}}