{"id":113275,"date":"2026-05-05T11:23:42","date_gmt":"2026-05-05T14:23:42","guid":{"rendered":"https:\/\/www.hediyepazar.com\/?product=bardak-blender-smoothie-meyve-sikacagi-sarjli-cam-tasinabilir-2"},"modified":"2026-05-05T11:23:42","modified_gmt":"2026-05-05T14:23:42","slug":"bardak-blender-smoothie-meyve-sikacagi-sarjli-cam-tasinabilir-2","status":"publish","type":"product","link":"https:\/\/www.hediyepazar.com\/?product=bardak-blender-smoothie-meyve-sikacagi-sarjli-cam-tasinabilir-2","title":{"rendered":"Bardak Blender Smoothie Meyve S\u0131kaca\u011f\u0131 \u015earjl\u0131 Cam Ta\u015f\u0131nabilir"},"content":{"rendered":"<p>Kompakt ve ta\u015f\u0131nabilir blender, lezzetli meyve sular\u0131 haz\u0131rlaman\u0131z i\u00e7in m\u00fckemmel bir se\u00e7enektir. G\u0131da s\u0131n\u0131f\u0131 ve toksik olmayan malzemelerden \u00fcretilmi\u015f olan bu cihaz, \u00e7evre dostu bir kullan\u0131m sunarken sa\u011fl\u0131\u011f\u0131n\u0131z\u0131 da \u00f6n planda tutar. Benzersiz g\u00fcvenlik tasar\u0131m\u0131, sizi tehlikelere kar\u015f\u0131 korur ve kullan\u0131m s\u0131ras\u0131nda ekstra g\u00fcven sa\u011flar. Tek par\u00e7a, hafif yap\u0131s\u0131yla hem i\u00e7ecek kab\u0131 hem de blender olarak kullan\u0131labilen bu \u00fcr\u00fcn, g\u00fcnl\u00fck ya\u015fam\u0131n\u0131za pratik bir dokunu\u015f getirir.1200mAh kapasitesindeki dahili bataryas\u0131, tam \u015farj ile 10 defaya kadar kar\u0131\u015ft\u0131rma i\u015flemi yapabilir. USB \u015farj deste\u011fi sayesinde cihaz\u0131n\u0131z\u0131 cep telefonunuz, g\u00fc\u00e7 bankan\u0131z veya di\u011fer dijital cihazlar \u00fczerinden kolayca \u015farj edebilirsiniz. Portakal, nar, elma, \u00fcz\u00fcm veya karpuz gibi \u00e7e\u015fitli meyvelerle taze ve sa\u011fl\u0131kl\u0131 i\u00e7ecekler haz\u0131rlayabilirsiniz. Pembe ve beyaz renk se\u00e7enekleri sunan bu blender, \u015f\u0131kl\u0131\u011f\u0131 ve i\u015flevselli\u011fi bir arada sunar. Kompakt boyutlar\u0131 (7,5 x 7,5 x 21 cm), her yere kolayca s\u0131\u011far ve ta\u015f\u0131ma kolayl\u0131\u011f\u0131 sa\u011flar.&nbsp;<\/p>\n","protected":false},"excerpt":{"rendered":"<p>Kompakt ve ta\u015f\u0131nabilir blender, lezzetli meyve sular\u0131 haz\u0131rlaman\u0131z i\u00e7in m\u00fckemmel bir se\u00e7enektir. G\u0131da s\u0131n\u0131f\u0131 ve toksik olmayan malzemelerden \u00fcretilmi\u015f olan bu cihaz, \u00e7evre dostu bir kullan\u0131m sunarken sa\u011fl\u0131\u011f\u0131n\u0131z\u0131 da \u00f6n planda tutar. Benzersiz g\u00fcvenlik tasar\u0131m\u0131, sizi tehlikelere kar\u015f\u0131 korur ve kullan\u0131m s\u0131ras\u0131nda ekstra g\u00fcven sa\u011flar. Tek par\u00e7a, hafif yap\u0131s\u0131yla hem i\u00e7ecek kab\u0131 hem de blender&#8230;<\/p>\n","protected":false},"featured_media":113274,"comment_status":"open","ping_status":"closed","template":"","meta":{"_kad_post_transparent":"","_kad_post_title":"","_kad_post_layout":"","_kad_post_sidebar_id":"","_kad_post_content_style":"","_kad_post_vertical_padding":"","_kad_post_feature":"","_kad_post_feature_position":"","_kad_post_header":false,"_kad_post_footer":false,"_kad_post_classname":""},"product_brand":[],"product_cat":[14959],"product_tag":[],"class_list":{"0":"post-113275","1":"product","2":"type-product","3":"status-publish","4":"has-post-thumbnail","6":"product_cat-blender-blender","8":"first","9":"instock","10":"purchasable","11":"product-type-simple","12":"entry","13":"content-bg","14":"loop-entry"},"_links":{"self":[{"href":"https:\/\/www.hediyepazar.com\/index.php?rest_route=\/wp\/v2\/product\/113275","targetHints":{"allow":["GET"]}}],"collection":[{"href":"https:\/\/www.hediyepazar.com\/index.php?rest_route=\/wp\/v2\/product"}],"about":[{"href":"https:\/\/www.hediyepazar.com\/index.php?rest_route=\/wp\/v2\/types\/product"}],"replies":[{"embeddable":true,"href":"https:\/\/www.hediyepazar.com\/index.php?rest_route=%2Fwp%2Fv2%2Fcomments&post=113275"}],"wp:featuredmedia":[{"embeddable":true,"href":"https:\/\/www.hediyepazar.com\/index.php?rest_route=\/wp\/v2\/media\/113274"}],"wp:attachment":[{"href":"https:\/\/www.hediyepazar.com\/index.php?rest_route=%2Fwp%2Fv2%2Fmedia&parent=113275"}],"wp:term":[{"taxonomy":"product_brand","embeddable":true,"href":"https:\/\/www.hediyepazar.com\/index.php?rest_route=%2Fwp%2Fv2%2Fproduct_brand&post=113275"},{"taxonomy":"product_cat","embeddable":true,"href":"https:\/\/www.hediyepazar.com\/index.php?rest_route=%2Fwp%2Fv2%2Fproduct_cat&post=113275"},{"taxonomy":"product_tag","embeddable":true,"href":"https:\/\/www.hediyepazar.com\/index.php?rest_route=%2Fwp%2Fv2%2Fproduct_tag&post=113275"}],"curies":[{"name":"wp","href":"https:\/\/api.w.org\/{rel}","templated":true}]}}