{"id":113281,"date":"2026-05-05T11:24:12","date_gmt":"2026-05-05T14:24:12","guid":{"rendered":"https:\/\/www.hediyepazar.com\/?product=cocuklara-ozel-projeksiyon-astronot-lamba-speaker-sevimli-2"},"modified":"2026-05-05T11:24:12","modified_gmt":"2026-05-05T14:24:12","slug":"cocuklara-ozel-projeksiyon-astronot-lamba-speaker-sevimli-2","status":"publish","type":"product","link":"https:\/\/www.hediyepazar.com\/?product=cocuklara-ozel-projeksiyon-astronot-lamba-speaker-sevimli-2","title":{"rendered":"\u00c7ocuklara \u00d6zel Projeksiyon Astronot Lamba Speaker Sevimli"},"content":{"rendered":"<p>Hayal g\u00fcc\u00fcn\u00fcz\u00fc harekete ge\u00e7iren Astronot Projeksiyon Lambas\u0131, benzersiz bir y\u0131ld\u0131z ve nebula deneyimi sunuyor. Telefonunuzla kolayca e\u015fle\u015fen Bluetooth \u00f6zelli\u011fi sayesinde m\u00fczik dinleyebilir veya cihaz\u0131n i\u00e7erisinde yer alan ku\u015f c\u0131v\u0131lt\u0131lar\u0131, dalga sesleri, \u015f\u00f6mine ate\u015fi ve uyku m\u00fczikleriyle rahatlat\u0131c\u0131 bir atmosfer yaratabilirsiniz. 120x113x228 mm boyutlar\u0131 ve 655g a\u011f\u0131rl\u0131\u011f\u0131yla kompakt ve hafif bir tasar\u0131ma sahip olan bu lamba, her odaya uyum sa\u011flar.Nebula ve y\u0131ld\u0131z projeksiyonu ayn\u0131 anda veya ayr\u0131 ayr\u0131 kullan\u0131labilir. H\u0131z ve parlakl\u0131k ayarlar\u0131 ile manzaray\u0131 tam olarak istedi\u011finiz gibi \u00f6zelle\u015ftirebilirsiniz. 45 dakika ve 90 dakika olmak \u00fczere iki zamanlama modu bulunan cihaz, uyku \u00f6ncesi kullan\u0131mlar i\u00e7in idealdir. Dekorasyon olarak da kullan\u0131labilen lamba, \u015f\u0131k ve modern bir g\u00f6r\u00fcn\u00fcm sunar. Paket i\u00e7eri\u011finde astronot projeksiyon lambas\u0131, taban, USB g\u00fc\u00e7 kablosu ve uzaktan kumanda bulunmaktad\u0131r (pil dahil de\u011fildir).&nbsp;<\/p>\n","protected":false},"excerpt":{"rendered":"<p>Hayal g\u00fcc\u00fcn\u00fcz\u00fc harekete ge\u00e7iren Astronot Projeksiyon Lambas\u0131, benzersiz bir y\u0131ld\u0131z ve nebula deneyimi sunuyor. Telefonunuzla kolayca e\u015fle\u015fen Bluetooth \u00f6zelli\u011fi sayesinde m\u00fczik dinleyebilir veya cihaz\u0131n i\u00e7erisinde yer alan ku\u015f c\u0131v\u0131lt\u0131lar\u0131, dalga sesleri, \u015f\u00f6mine ate\u015fi ve uyku m\u00fczikleriyle rahatlat\u0131c\u0131 bir atmosfer yaratabilirsiniz. 120x113x228 mm boyutlar\u0131 ve 655g a\u011f\u0131rl\u0131\u011f\u0131yla kompakt ve hafif bir tasar\u0131ma sahip olan bu lamba,&#8230;<\/p>\n","protected":false},"featured_media":113280,"comment_status":"open","ping_status":"closed","template":"","meta":{"_kad_post_transparent":"","_kad_post_title":"","_kad_post_layout":"","_kad_post_sidebar_id":"","_kad_post_content_style":"","_kad_post_vertical_padding":"","_kad_post_feature":"","_kad_post_feature_position":"","_kad_post_header":false,"_kad_post_footer":false,"_kad_post_classname":""},"product_brand":[],"product_cat":[14911],"product_tag":[],"class_list":{"0":"post-113281","1":"product","2":"type-product","3":"status-publish","4":"has-post-thumbnail","6":"product_cat-kablosuz-hoparlor-kablosuz-hoparlor","8":"first","9":"instock","10":"purchasable","11":"product-type-simple","12":"entry","13":"content-bg","14":"loop-entry"},"_links":{"self":[{"href":"https:\/\/www.hediyepazar.com\/index.php?rest_route=\/wp\/v2\/product\/113281","targetHints":{"allow":["GET"]}}],"collection":[{"href":"https:\/\/www.hediyepazar.com\/index.php?rest_route=\/wp\/v2\/product"}],"about":[{"href":"https:\/\/www.hediyepazar.com\/index.php?rest_route=\/wp\/v2\/types\/product"}],"replies":[{"embeddable":true,"href":"https:\/\/www.hediyepazar.com\/index.php?rest_route=%2Fwp%2Fv2%2Fcomments&post=113281"}],"wp:featuredmedia":[{"embeddable":true,"href":"https:\/\/www.hediyepazar.com\/index.php?rest_route=\/wp\/v2\/media\/113280"}],"wp:attachment":[{"href":"https:\/\/www.hediyepazar.com\/index.php?rest_route=%2Fwp%2Fv2%2Fmedia&parent=113281"}],"wp:term":[{"taxonomy":"product_brand","embeddable":true,"href":"https:\/\/www.hediyepazar.com\/index.php?rest_route=%2Fwp%2Fv2%2Fproduct_brand&post=113281"},{"taxonomy":"product_cat","embeddable":true,"href":"https:\/\/www.hediyepazar.com\/index.php?rest_route=%2Fwp%2Fv2%2Fproduct_cat&post=113281"},{"taxonomy":"product_tag","embeddable":true,"href":"https:\/\/www.hediyepazar.com\/index.php?rest_route=%2Fwp%2Fv2%2Fproduct_tag&post=113281"}],"curies":[{"name":"wp","href":"https:\/\/api.w.org\/{rel}","templated":true}]}}