{"id":113305,"date":"2026-05-05T11:26:20","date_gmt":"2026-05-05T14:26:20","guid":{"rendered":"https:\/\/www.hediyepazar.com\/?product=sac-duzlestirici-yipranma-karsiti-keratin-bakimi-seramik-kaplama-2"},"modified":"2026-05-05T11:26:20","modified_gmt":"2026-05-05T14:26:20","slug":"sac-duzlestirici-yipranma-karsiti-keratin-bakimi-seramik-kaplama-2","status":"publish","type":"product","link":"https:\/\/www.hediyepazar.com\/?product=sac-duzlestirici-yipranma-karsiti-keratin-bakimi-seramik-kaplama-2","title":{"rendered":"Sa\u00e7 D\u00fczle\u015ftirici Y\u0131pranma Kar\u015f\u0131t\u0131 Keratin Bak\u0131m\u0131 Seramik Kaplama"},"content":{"rendered":"<p>Sa\u00e7 d\u00fczle\u015ftirmenin en ak\u0131ll\u0131 ve en g\u00fcvenli yolu olan Is\u0131 Ayarl\u0131 Sa\u00e7 D\u00fczle\u015ftirici, yenilik\u00e7i \u00f6zellikleri ile sa\u00e7lar\u0131n\u0131za profesyonel bak\u0131m sunar. G\u00fcnl\u00fck kullan\u0131ma uygun dayan\u0131kl\u0131l\u0131\u011f\u0131 ve \u015f\u0131k tasar\u0131m\u0131yla stilinizi g\u00fc\u00e7lendirin.Y\u00fcksek Performansl\u0131 Motor ve Geni\u015f Is\u0131 Se\u00e7enekleri532\u00b0C\u2019ye kadar \u00e7\u0131kan s\u0131cakl\u0131k ayar\u0131, kal\u0131n ve yo\u011fun sa\u00e7 telleri i\u00e7in bile ideal bir \u00e7\u00f6z\u00fcm sunar. \u0130nce telli sa\u00e7lar i\u00e7in ise d\u00fc\u015f\u00fck s\u0131cakl\u0131k ayarlar\u0131 ile maksimum koruma sa\u011flar.Nem Koruma ve Anti-Statik TeknolojiNem koruma sens\u00f6r\u00fc, sa\u00e7\u0131n\u0131z\u0131n nem oran\u0131na g\u00f6re \u0131s\u0131y\u0131 otomatik olarak ayarlarken, anti-statik teknolojisi sa\u00e7lar\u0131n\u0131zda elektriklenmeyi \u00f6nler. Bu, hem sa\u00e7 sa\u011fl\u0131\u011f\u0131n\u0131z\u0131 korur hem de uzun s\u00fcre kal\u0131c\u0131 p\u00fcr\u00fczs\u00fczl\u00fck sa\u011flar.Ta\u015f\u0131nabilir ve G\u00fcvenli Tasar\u0131mKompakt yap\u0131s\u0131 ve g\u00fcvenlik kilitleri, cihaz\u0131 g\u00fcvenle ta\u015f\u0131man\u0131z\u0131 ve saklaman\u0131z\u0131 sa\u011flar. Seyahat dostu bu tasar\u0131m, her an m\u00fckemmel sa\u00e7lara sahip olman\u0131z\u0131 kolayla\u015ft\u0131r\u0131r.H\u0131zl\u0131 Is\u0131nma \u00d6zelli\u011fiSabah haz\u0131rl\u0131klar\u0131n\u0131z\u0131 h\u0131zland\u0131rmak i\u00e7in h\u0131zl\u0131 \u0131s\u0131nma \u00f6zelli\u011fi sunar. D\u00fczle\u015ftirici birka\u00e7 saniye i\u00e7inde kullan\u0131ma haz\u0131r hale gelir, b\u00f6ylece zaman kaybetmeden stilinizi yaratabilirsiniz.Uzun Kablo ve 360\u00b0 D\u00f6nebilen Kordon2.5 metre uzunlu\u011fundaki kablosu ve 360 derece d\u00f6nebilen kordonu sayesinde, cihaz\u0131n\u0131z\u0131 rahat\u00e7a hareket ettirebilir, en dar alanlarda bile kolayca kullanabilirsiniz.<\/p>\n","protected":false},"excerpt":{"rendered":"<p>Sa\u00e7 d\u00fczle\u015ftirmenin en ak\u0131ll\u0131 ve en g\u00fcvenli yolu olan Is\u0131 Ayarl\u0131 Sa\u00e7 D\u00fczle\u015ftirici, yenilik\u00e7i \u00f6zellikleri ile sa\u00e7lar\u0131n\u0131za profesyonel bak\u0131m sunar. G\u00fcnl\u00fck kullan\u0131ma uygun dayan\u0131kl\u0131l\u0131\u011f\u0131 ve \u015f\u0131k tasar\u0131m\u0131yla stilinizi g\u00fc\u00e7lendirin.Y\u00fcksek Performansl\u0131 Motor ve Geni\u015f Is\u0131 Se\u00e7enekleri532\u00b0C\u2019ye kadar \u00e7\u0131kan s\u0131cakl\u0131k ayar\u0131, kal\u0131n ve yo\u011fun sa\u00e7 telleri i\u00e7in bile ideal bir \u00e7\u00f6z\u00fcm sunar. \u0130nce telli sa\u00e7lar i\u00e7in ise&#8230;<\/p>\n","protected":false},"featured_media":113304,"comment_status":"open","ping_status":"closed","template":"","meta":{"_kad_post_transparent":"","_kad_post_title":"","_kad_post_layout":"","_kad_post_sidebar_id":"","_kad_post_content_style":"","_kad_post_vertical_padding":"","_kad_post_feature":"","_kad_post_feature_position":"","_kad_post_header":false,"_kad_post_footer":false,"_kad_post_classname":""},"product_brand":[],"product_cat":[14907],"product_tag":[],"class_list":{"0":"post-113305","1":"product","2":"type-product","3":"status-publish","4":"has-post-thumbnail","6":"product_cat-sac-masasi-sac-masasi","8":"first","9":"instock","10":"purchasable","11":"product-type-simple","12":"entry","13":"content-bg","14":"loop-entry"},"_links":{"self":[{"href":"https:\/\/www.hediyepazar.com\/index.php?rest_route=\/wp\/v2\/product\/113305","targetHints":{"allow":["GET"]}}],"collection":[{"href":"https:\/\/www.hediyepazar.com\/index.php?rest_route=\/wp\/v2\/product"}],"about":[{"href":"https:\/\/www.hediyepazar.com\/index.php?rest_route=\/wp\/v2\/types\/product"}],"replies":[{"embeddable":true,"href":"https:\/\/www.hediyepazar.com\/index.php?rest_route=%2Fwp%2Fv2%2Fcomments&post=113305"}],"wp:featuredmedia":[{"embeddable":true,"href":"https:\/\/www.hediyepazar.com\/index.php?rest_route=\/wp\/v2\/media\/113304"}],"wp:attachment":[{"href":"https:\/\/www.hediyepazar.com\/index.php?rest_route=%2Fwp%2Fv2%2Fmedia&parent=113305"}],"wp:term":[{"taxonomy":"product_brand","embeddable":true,"href":"https:\/\/www.hediyepazar.com\/index.php?rest_route=%2Fwp%2Fv2%2Fproduct_brand&post=113305"},{"taxonomy":"product_cat","embeddable":true,"href":"https:\/\/www.hediyepazar.com\/index.php?rest_route=%2Fwp%2Fv2%2Fproduct_cat&post=113305"},{"taxonomy":"product_tag","embeddable":true,"href":"https:\/\/www.hediyepazar.com\/index.php?rest_route=%2Fwp%2Fv2%2Fproduct_tag&post=113305"}],"curies":[{"name":"wp","href":"https:\/\/api.w.org\/{rel}","templated":true}]}}