{"id":113307,"date":"2026-05-05T11:26:29","date_gmt":"2026-05-05T14:26:29","guid":{"rendered":"https:\/\/www.hediyepazar.com\/?product=sac-duzlestirici-isi-ayarli-doner-kablo-yipranma-karsiti-2"},"modified":"2026-05-05T11:26:29","modified_gmt":"2026-05-05T14:26:29","slug":"sac-duzlestirici-isi-ayarli-doner-kablo-yipranma-karsiti-2","status":"publish","type":"product","link":"https:\/\/www.hediyepazar.com\/?product=sac-duzlestirici-isi-ayarli-doner-kablo-yipranma-karsiti-2","title":{"rendered":"Sa\u00e7 D\u00fczle\u015ftirici Is\u0131 Ayarl\u0131 D\u00f6ner Kablo Y\u0131pranma Kar\u015f\u0131t\u0131"},"content":{"rendered":"<p>Sa\u00e7 stilinizde kontrol\u00fc tamamen size b\u0131rakacak olan Is\u0131 Ayarl\u0131 Sa\u00e7 D\u00fczle\u015ftirici, hem profesyonel sonu\u00e7lar almak hem de sa\u00e7 sa\u011fl\u0131\u011f\u0131n\u0131z\u0131 korumak i\u00e7in \u00f6zel olarak tasarland\u0131. Her sa\u00e7 tipine uygun \u0131s\u0131 ayarlar\u0131 ve yenilik\u00e7i teknolojileri ile sa\u00e7 bak\u0131m rutininizi kolayla\u015ft\u0131r\u0131r.Titanyum Kapl\u0131 Seramik PlakalarTitanyum kaplama sayesinde \u0131s\u0131y\u0131 e\u015fit bir \u015fekilde da\u011f\u0131tan seramik plakalar, sa\u00e7\u0131n\u0131z\u0131n nazik\u00e7e d\u00fczle\u015fmesini sa\u011flar. B\u00f6ylece sa\u00e7 telleriniz zarar g\u00f6rmeden p\u00fcr\u00fczs\u00fcz ve parlak bir g\u00f6r\u00fcn\u00fcme kavu\u015fur.Geni\u015f Is\u0131 Aral\u0131\u011f\u0131176\u00b0C\u2019den 532\u00b0C\u2019ye kadar geni\u015f s\u0131cakl\u0131k aral\u0131\u011f\u0131 sunar. Bu sayede hem ince telli hassas sa\u00e7lar hem de kal\u0131n telli g\u00fc\u00e7l\u00fc sa\u00e7lar i\u00e7in ideal s\u0131cakl\u0131\u011f\u0131 kolayca se\u00e7ebilirsiniz.Nem Koruma Sens\u00f6r\u00fc\u0130\u00e7erisindeki nem koruma sens\u00f6r\u00fc, sa\u00e7\u0131n\u0131z\u0131n nem seviyesini alg\u0131lar ve s\u0131cakl\u0131\u011f\u0131 otomatik olarak ayarlar. Bu \u00f6zellik, sa\u00e7lar\u0131n\u0131z\u0131n do\u011fal nemini koruyarak kurumas\u0131n\u0131 ve zarar g\u00f6rmesini engeller.360\u00b0 D\u00f6nebilen Kordon ve Uzun Kablo2.5 metre uzunlu\u011fundaki kablosu ve 360\u00b0 d\u00f6nebilen yap\u0131s\u0131 sayesinde d\u00fczle\u015ftiriciyi kullan\u0131rken tam hareket \u00f6zg\u00fcrl\u00fc\u011f\u00fc sa\u011flar. Kablo kar\u0131\u015f\u0131kl\u0131klar\u0131n\u0131 ortadan kald\u0131rarak kullan\u0131m kolayl\u0131\u011f\u0131 sunar.G\u00fcvenlik ve Ta\u015f\u0131nabilirlikKullan\u0131lmad\u0131\u011f\u0131nda g\u00fcvenli saklama i\u00e7in tasarlanm\u0131\u015f g\u00fcvenlik kilitleri, cihaz\u0131n\u0131z\u0131 her zaman g\u00fcvenli bir \u015fekilde muhafaza etmenizi sa\u011flar. Kompakt ve ta\u015f\u0131nabilir tasar\u0131m\u0131 sayesinde seyahatlerinizde de yan\u0131n\u0131zdan ay\u0131rmayaca\u011f\u0131n\u0131z bir yard\u0131mc\u0131d\u0131r.Ergonomik Tasar\u0131m ve Dijital EkranErgonomik yap\u0131s\u0131, uzun s\u00fcreli kullan\u0131mlarda bile rahat bir kavrama sa\u011flar. Dijital ekran\u0131 ile se\u00e7ti\u011finiz s\u0131cakl\u0131k seviyesini net bir \u015fekilde g\u00f6rerek hassas ayarlar yapabilirsiniz.<\/p>\n","protected":false},"excerpt":{"rendered":"<p>Sa\u00e7 stilinizde kontrol\u00fc tamamen size b\u0131rakacak olan Is\u0131 Ayarl\u0131 Sa\u00e7 D\u00fczle\u015ftirici, hem profesyonel sonu\u00e7lar almak hem de sa\u00e7 sa\u011fl\u0131\u011f\u0131n\u0131z\u0131 korumak i\u00e7in \u00f6zel olarak tasarland\u0131. Her sa\u00e7 tipine uygun \u0131s\u0131 ayarlar\u0131 ve yenilik\u00e7i teknolojileri ile sa\u00e7 bak\u0131m rutininizi kolayla\u015ft\u0131r\u0131r.Titanyum Kapl\u0131 Seramik PlakalarTitanyum kaplama sayesinde \u0131s\u0131y\u0131 e\u015fit bir \u015fekilde da\u011f\u0131tan seramik plakalar, sa\u00e7\u0131n\u0131z\u0131n nazik\u00e7e d\u00fczle\u015fmesini sa\u011flar. B\u00f6ylece&#8230;<\/p>\n","protected":false},"featured_media":113306,"comment_status":"open","ping_status":"closed","template":"","meta":{"_kad_post_transparent":"","_kad_post_title":"","_kad_post_layout":"","_kad_post_sidebar_id":"","_kad_post_content_style":"","_kad_post_vertical_padding":"","_kad_post_feature":"","_kad_post_feature_position":"","_kad_post_header":false,"_kad_post_footer":false,"_kad_post_classname":""},"product_brand":[],"product_cat":[14907],"product_tag":[],"class_list":{"0":"post-113307","1":"product","2":"type-product","3":"status-publish","4":"has-post-thumbnail","6":"product_cat-sac-masasi-sac-masasi","8":"first","9":"instock","10":"purchasable","11":"product-type-simple","12":"entry","13":"content-bg","14":"loop-entry"},"_links":{"self":[{"href":"https:\/\/www.hediyepazar.com\/index.php?rest_route=\/wp\/v2\/product\/113307","targetHints":{"allow":["GET"]}}],"collection":[{"href":"https:\/\/www.hediyepazar.com\/index.php?rest_route=\/wp\/v2\/product"}],"about":[{"href":"https:\/\/www.hediyepazar.com\/index.php?rest_route=\/wp\/v2\/types\/product"}],"replies":[{"embeddable":true,"href":"https:\/\/www.hediyepazar.com\/index.php?rest_route=%2Fwp%2Fv2%2Fcomments&post=113307"}],"wp:featuredmedia":[{"embeddable":true,"href":"https:\/\/www.hediyepazar.com\/index.php?rest_route=\/wp\/v2\/media\/113306"}],"wp:attachment":[{"href":"https:\/\/www.hediyepazar.com\/index.php?rest_route=%2Fwp%2Fv2%2Fmedia&parent=113307"}],"wp:term":[{"taxonomy":"product_brand","embeddable":true,"href":"https:\/\/www.hediyepazar.com\/index.php?rest_route=%2Fwp%2Fv2%2Fproduct_brand&post=113307"},{"taxonomy":"product_cat","embeddable":true,"href":"https:\/\/www.hediyepazar.com\/index.php?rest_route=%2Fwp%2Fv2%2Fproduct_cat&post=113307"},{"taxonomy":"product_tag","embeddable":true,"href":"https:\/\/www.hediyepazar.com\/index.php?rest_route=%2Fwp%2Fv2%2Fproduct_tag&post=113307"}],"curies":[{"name":"wp","href":"https:\/\/api.w.org\/{rel}","templated":true}]}}