{"id":113313,"date":"2026-05-05T11:26:59","date_gmt":"2026-05-05T14:26:59","guid":{"rendered":"https:\/\/www.hediyepazar.com\/?product=tiftik-temizleyici-hazneli-sarjli-manuel-kolay-kullanim-2"},"modified":"2026-05-05T11:26:59","modified_gmt":"2026-05-05T14:26:59","slug":"tiftik-temizleyici-hazneli-sarjli-manuel-kolay-kullanim-2","status":"publish","type":"product","link":"https:\/\/www.hediyepazar.com\/?product=tiftik-temizleyici-hazneli-sarjli-manuel-kolay-kullanim-2","title":{"rendered":"Tiftik Temizleyici Hazneli \u015earjl\u0131 Manuel Kolay Kullan\u0131m"},"content":{"rendered":"<p>Tiftik Temizleyici, giysilerinizdeki istenmeyen tiftik ve topaklanmalar\u0131 zahmetsizce temizlemek i\u00e7in tasarlanm\u0131\u015f pratik bir \u00fcr\u00fcnd\u00fcr. Kullan\u0131m\u0131 son derece kolay olan bu cihaz, k\u0131yafetlerinize yeni bir g\u00f6r\u00fcn\u00fcm kazand\u0131r\u0131r ve uzun s\u00fcreli kullan\u0131m imkan\u0131 sunar.Kolay Kullan\u0131mSadece cihaz\u0131 tiftiklerin oldu\u011fu y\u00fczeye gezdirerek birka\u00e7 saniye i\u00e7inde p\u00fcr\u00fczs\u00fcz bir g\u00f6r\u00fcn\u00fcm elde edebilirsiniz. Zorlu i\u015flemlere gerek kalmadan k\u0131yafetlerinizi kolayca yenileyin.\u00c7\u0131kar\u0131labilir At\u0131k HaznesiTemizleme i\u015flemi s\u0131ras\u0131nda biriken tiftiklerin topland\u0131\u011f\u0131 \u00e7\u0131kar\u0131labilir hazne, kolayca bo\u015falt\u0131larak \u00fcr\u00fcn\u00fc hijyenik bir \u015fekilde kullanman\u0131z\u0131 sa\u011flar.\u00c7\u0131kar\u0131labilir B\u0131\u00e7ak B\u00f6lmesiB\u0131\u00e7ak b\u00f6lmesi de \u00e7\u0131kar\u0131labilir \u00f6zelli\u011fi sayesinde kolayca temizlenir. Bu da cihaz\u0131n uzun \u00f6m\u00fcrl\u00fc olmas\u0131n\u0131 ve her zaman maksimum performansla \u00e7al\u0131\u015fmas\u0131n\u0131 sa\u011flar.Manuel Tiftik F\u0131r\u00e7as\u0131\u00dcr\u00fcn\u00fcn arka y\u00fczeyine entegre edilmi\u015f anti-statik manuel tiftik f\u0131r\u00e7as\u0131, hassas kuma\u015flar\u0131n\u0131zda ekstra bak\u0131m sa\u011flar ve temizleme i\u015flemini daha detayl\u0131 hale getirir.\u015earjl\u0131 Kullan\u0131m Avantaj\u0131\u015earj edilebilir yap\u0131s\u0131yla kablosuz kullan\u0131m imkan\u0131 sunar. Micro USB kablo ile kolayca \u015farj edilebilir ve diledi\u011finiz yerde rahat\u00e7a kullan\u0131labilir.Tiftik Temizleyici, k\u0131yafetlerinizin daha uzun s\u00fcre \u015f\u0131k ve temiz g\u00f6r\u00fcnmesini sa\u011flamak i\u00e7in vazge\u00e7ilmez bir \u00fcr\u00fcnd\u00fcr. Pratikli\u011fi, ta\u015f\u0131nabilirli\u011fi ve etkili temizleme g\u00fcc\u00fc ile gard\u0131robunuzda yer almay\u0131 hak ediyor.<\/p>\n","protected":false},"excerpt":{"rendered":"<p>Tiftik Temizleyici, giysilerinizdeki istenmeyen tiftik ve topaklanmalar\u0131 zahmetsizce temizlemek i\u00e7in tasarlanm\u0131\u015f pratik bir \u00fcr\u00fcnd\u00fcr. Kullan\u0131m\u0131 son derece kolay olan bu cihaz, k\u0131yafetlerinize yeni bir g\u00f6r\u00fcn\u00fcm kazand\u0131r\u0131r ve uzun s\u00fcreli kullan\u0131m imkan\u0131 sunar.Kolay Kullan\u0131mSadece cihaz\u0131 tiftiklerin oldu\u011fu y\u00fczeye gezdirerek birka\u00e7 saniye i\u00e7inde p\u00fcr\u00fczs\u00fcz bir g\u00f6r\u00fcn\u00fcm elde edebilirsiniz. Zorlu i\u015flemlere gerek kalmadan k\u0131yafetlerinizi kolayca yenileyin.\u00c7\u0131kar\u0131labilir At\u0131k HaznesiTemizleme&#8230;<\/p>\n","protected":false},"featured_media":113312,"comment_status":"open","ping_status":"closed","template":"","meta":{"_kad_post_transparent":"","_kad_post_title":"","_kad_post_layout":"","_kad_post_sidebar_id":"","_kad_post_content_style":"","_kad_post_vertical_padding":"","_kad_post_feature":"","_kad_post_feature_position":"","_kad_post_header":false,"_kad_post_footer":false,"_kad_post_classname":""},"product_brand":[],"product_cat":[15006],"product_tag":[],"class_list":{"0":"post-113313","1":"product","2":"type-product","3":"status-publish","4":"has-post-thumbnail","6":"product_cat-tuy-toplayici-tuy-toplayici","8":"first","9":"instock","10":"purchasable","11":"product-type-simple","12":"entry","13":"content-bg","14":"loop-entry"},"_links":{"self":[{"href":"https:\/\/www.hediyepazar.com\/index.php?rest_route=\/wp\/v2\/product\/113313","targetHints":{"allow":["GET"]}}],"collection":[{"href":"https:\/\/www.hediyepazar.com\/index.php?rest_route=\/wp\/v2\/product"}],"about":[{"href":"https:\/\/www.hediyepazar.com\/index.php?rest_route=\/wp\/v2\/types\/product"}],"replies":[{"embeddable":true,"href":"https:\/\/www.hediyepazar.com\/index.php?rest_route=%2Fwp%2Fv2%2Fcomments&post=113313"}],"wp:featuredmedia":[{"embeddable":true,"href":"https:\/\/www.hediyepazar.com\/index.php?rest_route=\/wp\/v2\/media\/113312"}],"wp:attachment":[{"href":"https:\/\/www.hediyepazar.com\/index.php?rest_route=%2Fwp%2Fv2%2Fmedia&parent=113313"}],"wp:term":[{"taxonomy":"product_brand","embeddable":true,"href":"https:\/\/www.hediyepazar.com\/index.php?rest_route=%2Fwp%2Fv2%2Fproduct_brand&post=113313"},{"taxonomy":"product_cat","embeddable":true,"href":"https:\/\/www.hediyepazar.com\/index.php?rest_route=%2Fwp%2Fv2%2Fproduct_cat&post=113313"},{"taxonomy":"product_tag","embeddable":true,"href":"https:\/\/www.hediyepazar.com\/index.php?rest_route=%2Fwp%2Fv2%2Fproduct_tag&post=113313"}],"curies":[{"name":"wp","href":"https:\/\/api.w.org\/{rel}","templated":true}]}}