{"id":113325,"date":"2026-05-05T11:28:14","date_gmt":"2026-05-05T14:28:14","guid":{"rendered":"https:\/\/www.hediyepazar.com\/?product=kablosuz-kulaklik-yeni-nesil-bluetooth-kulaklik-anc-ozelligi-2"},"modified":"2026-05-05T11:28:14","modified_gmt":"2026-05-05T14:28:14","slug":"kablosuz-kulaklik-yeni-nesil-bluetooth-kulaklik-anc-ozelligi-2","status":"publish","type":"product","link":"https:\/\/www.hediyepazar.com\/?product=kablosuz-kulaklik-yeni-nesil-bluetooth-kulaklik-anc-ozelligi-2","title":{"rendered":"Kablosuz Kulakl\u0131k Yeni Nesil Bluetooth Kulakl\u0131k ANC \u00d6zelli\u011fi"},"content":{"rendered":"<p>M\u00fczik dinlemek hi\u00e7 bu kadar keyifli olmam\u0131\u015ft\u0131! Bu kablosuz kulakl\u0131k, premium malzeme kalitesi ve \u00fcst\u00fcn i\u015f\u00e7ili\u011fiyle hem \u015f\u0131kl\u0131k hem de dayan\u0131kl\u0131l\u0131k sunar. G\u00fcr\u00fclt\u00fc engelleme teknolojisi, yo\u011fun i\u015f g\u00fcnlerinde veya seyahat s\u0131ras\u0131nda bile kristal netli\u011finde ses kalitesi sa\u011flar. Hafif ve ergonomik tasar\u0131m\u0131, uzun s\u00fcreli kullan\u0131mlarda bile kulaklar\u0131n\u0131zda konforu hissettirir. Uzun pil \u00f6mr\u00fc sayesinde, g\u00fcn boyunca kesintisiz m\u00fczik keyfi ya\u015fayabilir, \u00f6nemli \u00e7a\u011fr\u0131lar\u0131n\u0131z\u0131 g\u00fcvenle yan\u0131tlayabilirsiniz. Ayr\u0131ca powerbank \u00f6zelli\u011fi, hem m\u00fczik keyfinizden \u00f6d\u00fcn vermemenizi hem de di\u011fer cihazlar\u0131n\u0131z\u0131 kolayca \u015farj etmenizi sa\u011flar. \u015e\u0131k tasar\u0131m\u0131, m\u00fckemmel ses kalitesi ve fonksiyonel \u00f6zellikleriyle bu kulakl\u0131k, teknolojiyi ve konforu bir arada arayanlar i\u00e7in ideal bir \u00e7\u00f6z\u00fcm sunuyor.<\/p>\n","protected":false},"excerpt":{"rendered":"<p>M\u00fczik dinlemek hi\u00e7 bu kadar keyifli olmam\u0131\u015ft\u0131! Bu kablosuz kulakl\u0131k, premium malzeme kalitesi ve \u00fcst\u00fcn i\u015f\u00e7ili\u011fiyle hem \u015f\u0131kl\u0131k hem de dayan\u0131kl\u0131l\u0131k sunar. G\u00fcr\u00fclt\u00fc engelleme teknolojisi, yo\u011fun i\u015f g\u00fcnlerinde veya seyahat s\u0131ras\u0131nda bile kristal netli\u011finde ses kalitesi sa\u011flar. Hafif ve ergonomik tasar\u0131m\u0131, uzun s\u00fcreli kullan\u0131mlarda bile kulaklar\u0131n\u0131zda konforu hissettirir. Uzun pil \u00f6mr\u00fc sayesinde, g\u00fcn boyunca kesintisiz&#8230;<\/p>\n","protected":false},"featured_media":113324,"comment_status":"open","ping_status":"closed","template":"","meta":{"_kad_post_transparent":"","_kad_post_title":"","_kad_post_layout":"","_kad_post_sidebar_id":"","_kad_post_content_style":"","_kad_post_vertical_padding":"","_kad_post_feature":"","_kad_post_feature_position":"","_kad_post_header":false,"_kad_post_footer":false,"_kad_post_classname":""},"product_brand":[],"product_cat":[14957],"product_tag":[],"class_list":{"0":"post-113325","1":"product","2":"type-product","3":"status-publish","4":"has-post-thumbnail","6":"product_cat-kablosuz-kulaklik-kablosuz-kulaklik","8":"first","9":"instock","10":"purchasable","11":"product-type-simple","12":"entry","13":"content-bg","14":"loop-entry"},"_links":{"self":[{"href":"https:\/\/www.hediyepazar.com\/index.php?rest_route=\/wp\/v2\/product\/113325","targetHints":{"allow":["GET"]}}],"collection":[{"href":"https:\/\/www.hediyepazar.com\/index.php?rest_route=\/wp\/v2\/product"}],"about":[{"href":"https:\/\/www.hediyepazar.com\/index.php?rest_route=\/wp\/v2\/types\/product"}],"replies":[{"embeddable":true,"href":"https:\/\/www.hediyepazar.com\/index.php?rest_route=%2Fwp%2Fv2%2Fcomments&post=113325"}],"wp:featuredmedia":[{"embeddable":true,"href":"https:\/\/www.hediyepazar.com\/index.php?rest_route=\/wp\/v2\/media\/113324"}],"wp:attachment":[{"href":"https:\/\/www.hediyepazar.com\/index.php?rest_route=%2Fwp%2Fv2%2Fmedia&parent=113325"}],"wp:term":[{"taxonomy":"product_brand","embeddable":true,"href":"https:\/\/www.hediyepazar.com\/index.php?rest_route=%2Fwp%2Fv2%2Fproduct_brand&post=113325"},{"taxonomy":"product_cat","embeddable":true,"href":"https:\/\/www.hediyepazar.com\/index.php?rest_route=%2Fwp%2Fv2%2Fproduct_cat&post=113325"},{"taxonomy":"product_tag","embeddable":true,"href":"https:\/\/www.hediyepazar.com\/index.php?rest_route=%2Fwp%2Fv2%2Fproduct_tag&post=113325"}],"curies":[{"name":"wp","href":"https:\/\/api.w.org\/{rel}","templated":true}]}}