{"id":113327,"date":"2026-05-05T11:28:30","date_gmt":"2026-05-05T14:28:30","guid":{"rendered":"https:\/\/www.hediyepazar.com\/?product=yeni-nesil-powerbankli-bluetooth-baglantili-kablosuz-kulaklik-2"},"modified":"2026-05-05T11:28:30","modified_gmt":"2026-05-05T14:28:30","slug":"yeni-nesil-powerbankli-bluetooth-baglantili-kablosuz-kulaklik-2","status":"publish","type":"product","link":"https:\/\/www.hediyepazar.com\/?product=yeni-nesil-powerbankli-bluetooth-baglantili-kablosuz-kulaklik-2","title":{"rendered":"Yeni Nesil Powerbankli Bluetooth Ba\u011flant\u0131l\u0131 Kablosuz Kulakl\u0131k"},"content":{"rendered":"<p>Bu Bluetooth kulakl\u0131k, en iyi ses deneyimini sunmak i\u00e7in \u00f6zel olarak tasarland\u0131. Geli\u015fmi\u015f g\u00fcr\u00fclt\u00fc \u00f6nleme teknolojisi sayesinde d\u0131\u015f ortamdan gelen sesler minimum seviyeye indirilerek, m\u00fczik veya \u00e7a\u011fr\u0131 s\u0131ras\u0131nda kusursuz bir ses kalitesi sa\u011flan\u0131r. \u00dcst d\u00fczey stereo ses \u00f6zelli\u011fi, en ince notalar\u0131 bile net bir \u015fekilde duyman\u0131za olanak tan\u0131r. Y\u00fcksek kapasiteli bataryas\u0131, uzun s\u00fcreli kullan\u0131m i\u00e7in ideal olup, tek bir \u015farjla saatlerce kesintisiz m\u00fczik dinlemenize veya \u00e7a\u011fr\u0131 yapman\u0131za imkan tan\u0131r. Zarif ve ergonomik tasar\u0131m\u0131, uzun s\u00fcreli kullan\u0131mlarda bile kulaklar\u0131n\u0131zda rahats\u0131zl\u0131k hissi yaratmaz. \u00dcstelik bu cihaz\u0131n powerbank \u00f6zelli\u011fi sayesinde hareket halindeyken di\u011fer cihazlar\u0131n\u0131z\u0131 kolayca \u015farj edebilir, her an ba\u011flant\u0131da kalabilirsiniz.<\/p>\n","protected":false},"excerpt":{"rendered":"<p>Bu Bluetooth kulakl\u0131k, en iyi ses deneyimini sunmak i\u00e7in \u00f6zel olarak tasarland\u0131. Geli\u015fmi\u015f g\u00fcr\u00fclt\u00fc \u00f6nleme teknolojisi sayesinde d\u0131\u015f ortamdan gelen sesler minimum seviyeye indirilerek, m\u00fczik veya \u00e7a\u011fr\u0131 s\u0131ras\u0131nda kusursuz bir ses kalitesi sa\u011flan\u0131r. \u00dcst d\u00fczey stereo ses \u00f6zelli\u011fi, en ince notalar\u0131 bile net bir \u015fekilde duyman\u0131za olanak tan\u0131r. Y\u00fcksek kapasiteli bataryas\u0131, uzun s\u00fcreli kullan\u0131m i\u00e7in&#8230;<\/p>\n","protected":false},"featured_media":113326,"comment_status":"open","ping_status":"closed","template":"","meta":{"_kad_post_transparent":"","_kad_post_title":"","_kad_post_layout":"","_kad_post_sidebar_id":"","_kad_post_content_style":"","_kad_post_vertical_padding":"","_kad_post_feature":"","_kad_post_feature_position":"","_kad_post_header":false,"_kad_post_footer":false,"_kad_post_classname":""},"product_brand":[],"product_cat":[14957],"product_tag":[],"class_list":{"0":"post-113327","1":"product","2":"type-product","3":"status-publish","4":"has-post-thumbnail","6":"product_cat-kablosuz-kulaklik-kablosuz-kulaklik","8":"first","9":"instock","10":"purchasable","11":"product-type-simple","12":"entry","13":"content-bg","14":"loop-entry"},"_links":{"self":[{"href":"https:\/\/www.hediyepazar.com\/index.php?rest_route=\/wp\/v2\/product\/113327","targetHints":{"allow":["GET"]}}],"collection":[{"href":"https:\/\/www.hediyepazar.com\/index.php?rest_route=\/wp\/v2\/product"}],"about":[{"href":"https:\/\/www.hediyepazar.com\/index.php?rest_route=\/wp\/v2\/types\/product"}],"replies":[{"embeddable":true,"href":"https:\/\/www.hediyepazar.com\/index.php?rest_route=%2Fwp%2Fv2%2Fcomments&post=113327"}],"wp:featuredmedia":[{"embeddable":true,"href":"https:\/\/www.hediyepazar.com\/index.php?rest_route=\/wp\/v2\/media\/113326"}],"wp:attachment":[{"href":"https:\/\/www.hediyepazar.com\/index.php?rest_route=%2Fwp%2Fv2%2Fmedia&parent=113327"}],"wp:term":[{"taxonomy":"product_brand","embeddable":true,"href":"https:\/\/www.hediyepazar.com\/index.php?rest_route=%2Fwp%2Fv2%2Fproduct_brand&post=113327"},{"taxonomy":"product_cat","embeddable":true,"href":"https:\/\/www.hediyepazar.com\/index.php?rest_route=%2Fwp%2Fv2%2Fproduct_cat&post=113327"},{"taxonomy":"product_tag","embeddable":true,"href":"https:\/\/www.hediyepazar.com\/index.php?rest_route=%2Fwp%2Fv2%2Fproduct_tag&post=113327"}],"curies":[{"name":"wp","href":"https:\/\/api.w.org\/{rel}","templated":true}]}}