{"id":113329,"date":"2026-05-05T11:28:42","date_gmt":"2026-05-05T14:28:42","guid":{"rendered":"https:\/\/www.hediyepazar.com\/?product=bluetooth-kulaklik-bluetooth-baglantili-powerbankli-yeni-nesil-kulaklik-2"},"modified":"2026-05-05T11:28:42","modified_gmt":"2026-05-05T14:28:42","slug":"bluetooth-kulaklik-bluetooth-baglantili-powerbankli-yeni-nesil-kulaklik-2","status":"publish","type":"product","link":"https:\/\/www.hediyepazar.com\/?product=bluetooth-kulaklik-bluetooth-baglantili-powerbankli-yeni-nesil-kulaklik-2","title":{"rendered":"Bluetooth Kulakl\u0131k Bluetooth Ba\u011flant\u0131l\u0131 Powerbankli Yeni Nesil Kulakl\u0131k"},"content":{"rendered":"<p>Bu kulakl\u0131k, y\u00fcksek ses kalitesi ve \u00e7arp\u0131c\u0131 \u00f6zellikleriyle, m\u00fczik dinlemeyi ve \u00e7a\u011fr\u0131lar\u0131n\u0131z\u0131 hi\u00e7 olmad\u0131\u011f\u0131 kadar keyifli hale getirir. Bluetooth teknolojisi sayesinde kablolara olan ihtiyac\u0131n\u0131z\u0131 ortadan kald\u0131rarak hareket \u00f6zg\u00fcrl\u00fc\u011f\u00fc sa\u011flar. \u0130ster spor yaparken, ister seyahat ederken, kablosuz ba\u011flant\u0131n\u0131n sundu\u011fu konforu sonuna kadar hissedeceksiniz.Powerbank \u00f6zelli\u011fi ile yaln\u0131zca kulakl\u0131klar\u0131n\u0131z\u0131 de\u011fil, ayn\u0131 zamanda di\u011fer cihazlar\u0131n\u0131z\u0131 da \u015farj edebilirsiniz. Uzun pil \u00f6mr\u00fc, kesintisiz bir ses deneyimi sunarken, kulakl\u0131k \u00fczerindeki dokunmatik kontroller hayat\u0131n\u0131z\u0131 kolayla\u015ft\u0131r\u0131r. Ergonomik tasar\u0131m\u0131 ve \u00e7e\u015fitli boyutlardaki kulak t\u0131ka\u00e7lar\u0131, uzun s\u00fcreli kullan\u0131mda bile konfor sa\u011flar.<\/p>\n","protected":false},"excerpt":{"rendered":"<p>Bu kulakl\u0131k, y\u00fcksek ses kalitesi ve \u00e7arp\u0131c\u0131 \u00f6zellikleriyle, m\u00fczik dinlemeyi ve \u00e7a\u011fr\u0131lar\u0131n\u0131z\u0131 hi\u00e7 olmad\u0131\u011f\u0131 kadar keyifli hale getirir. Bluetooth teknolojisi sayesinde kablolara olan ihtiyac\u0131n\u0131z\u0131 ortadan kald\u0131rarak hareket \u00f6zg\u00fcrl\u00fc\u011f\u00fc sa\u011flar. \u0130ster spor yaparken, ister seyahat ederken, kablosuz ba\u011flant\u0131n\u0131n sundu\u011fu konforu sonuna kadar hissedeceksiniz.Powerbank \u00f6zelli\u011fi ile yaln\u0131zca kulakl\u0131klar\u0131n\u0131z\u0131 de\u011fil, ayn\u0131 zamanda di\u011fer cihazlar\u0131n\u0131z\u0131 da \u015farj edebilirsiniz. Uzun&#8230;<\/p>\n","protected":false},"featured_media":113328,"comment_status":"open","ping_status":"closed","template":"","meta":{"_kad_post_transparent":"","_kad_post_title":"","_kad_post_layout":"","_kad_post_sidebar_id":"","_kad_post_content_style":"","_kad_post_vertical_padding":"","_kad_post_feature":"","_kad_post_feature_position":"","_kad_post_header":false,"_kad_post_footer":false,"_kad_post_classname":""},"product_brand":[],"product_cat":[14957],"product_tag":[],"class_list":{"0":"post-113329","1":"product","2":"type-product","3":"status-publish","4":"has-post-thumbnail","6":"product_cat-kablosuz-kulaklik-kablosuz-kulaklik","8":"first","9":"instock","10":"purchasable","11":"product-type-simple","12":"entry","13":"content-bg","14":"loop-entry"},"_links":{"self":[{"href":"https:\/\/www.hediyepazar.com\/index.php?rest_route=\/wp\/v2\/product\/113329","targetHints":{"allow":["GET"]}}],"collection":[{"href":"https:\/\/www.hediyepazar.com\/index.php?rest_route=\/wp\/v2\/product"}],"about":[{"href":"https:\/\/www.hediyepazar.com\/index.php?rest_route=\/wp\/v2\/types\/product"}],"replies":[{"embeddable":true,"href":"https:\/\/www.hediyepazar.com\/index.php?rest_route=%2Fwp%2Fv2%2Fcomments&post=113329"}],"wp:featuredmedia":[{"embeddable":true,"href":"https:\/\/www.hediyepazar.com\/index.php?rest_route=\/wp\/v2\/media\/113328"}],"wp:attachment":[{"href":"https:\/\/www.hediyepazar.com\/index.php?rest_route=%2Fwp%2Fv2%2Fmedia&parent=113329"}],"wp:term":[{"taxonomy":"product_brand","embeddable":true,"href":"https:\/\/www.hediyepazar.com\/index.php?rest_route=%2Fwp%2Fv2%2Fproduct_brand&post=113329"},{"taxonomy":"product_cat","embeddable":true,"href":"https:\/\/www.hediyepazar.com\/index.php?rest_route=%2Fwp%2Fv2%2Fproduct_cat&post=113329"},{"taxonomy":"product_tag","embeddable":true,"href":"https:\/\/www.hediyepazar.com\/index.php?rest_route=%2Fwp%2Fv2%2Fproduct_tag&post=113329"}],"curies":[{"name":"wp","href":"https:\/\/api.w.org\/{rel}","templated":true}]}}