{"id":113339,"date":"2026-05-05T11:29:44","date_gmt":"2026-05-05T14:29:44","guid":{"rendered":"https:\/\/www.hediyepazar.com\/?product=sarjli-oto-yikama-tabancasi-su-basincli-hazneli-bataryali-2"},"modified":"2026-05-05T11:29:44","modified_gmt":"2026-05-05T14:29:44","slug":"sarjli-oto-yikama-tabancasi-su-basincli-hazneli-bataryali-2","status":"publish","type":"product","link":"https:\/\/www.hediyepazar.com\/?product=sarjli-oto-yikama-tabancasi-su-basincli-hazneli-bataryali-2","title":{"rendered":"\u015earjl\u0131 Oto Y\u0131kama Tabancas\u0131 Su Bas\u0131n\u00e7l\u0131 Hazneli Bataryal\u0131"},"content":{"rendered":"<p>15.000mAh y\u00fcksek kapasiteli lityum pil, tek \u015farjla 20-30 dakika kesintisiz kullan\u0131m sunarak arac\u0131n\u0131z\u0131 veya b\u00fcy\u00fck y\u00fczeyleri kolayca temizlemenizi sa\u011flar. \u015earj s\u00fcresi yaln\u0131zca 4 saat olup, pilin \u00e7\u0131kar\u0131labilir \u00f6zelli\u011fi sayesinde \u015farj i\u015flemi olduk\u00e7a pratiktir. Y\u00fcksek\/d\u00fc\u015f\u00fck bas\u0131n\u00e7l\u0131 nozul se\u00e7enekleri ve k\u00f6p\u00fck haznesiyle donat\u0131lm\u0131\u015f olan bu cihaz, araba y\u0131kama, bah\u00e7e sulama, tar\u0131msal sulama ve genel temizlik gibi bir\u00e7ok alanda kullan\u0131labilir. Sa\u011flanan farkl\u0131 p\u00fcsk\u00fcrtme modlar\u0131 ve temizlik maddesi tank\u0131, etkili ve kapsaml\u0131 temizlik i\u00e7in esneklik sa\u011flar. \u015e\u0131k ta\u015f\u0131ma \u00e7antas\u0131 ve zengin aksesuar setiyle birlikte sunulan bu \u00fcr\u00fcn, hem profesyonel hem de g\u00fcnl\u00fck kullan\u0131m i\u00e7in m\u00fckemmel bir \u00e7\u00f6z\u00fcmd\u00fcr.<\/p>\n","protected":false},"excerpt":{"rendered":"<p>15.000mAh y\u00fcksek kapasiteli lityum pil, tek \u015farjla 20-30 dakika kesintisiz kullan\u0131m sunarak arac\u0131n\u0131z\u0131 veya b\u00fcy\u00fck y\u00fczeyleri kolayca temizlemenizi sa\u011flar. \u015earj s\u00fcresi yaln\u0131zca 4 saat olup, pilin \u00e7\u0131kar\u0131labilir \u00f6zelli\u011fi sayesinde \u015farj i\u015flemi olduk\u00e7a pratiktir. Y\u00fcksek\/d\u00fc\u015f\u00fck bas\u0131n\u00e7l\u0131 nozul se\u00e7enekleri ve k\u00f6p\u00fck haznesiyle donat\u0131lm\u0131\u015f olan bu cihaz, araba y\u0131kama, bah\u00e7e sulama, tar\u0131msal sulama ve genel temizlik gibi bir\u00e7ok&#8230;<\/p>\n","protected":false},"featured_media":113338,"comment_status":"open","ping_status":"closed","template":"","meta":{"_kad_post_transparent":"","_kad_post_title":"","_kad_post_layout":"","_kad_post_sidebar_id":"","_kad_post_content_style":"","_kad_post_vertical_padding":"","_kad_post_feature":"","_kad_post_feature_position":"","_kad_post_header":false,"_kad_post_footer":false,"_kad_post_classname":""},"product_brand":[],"product_cat":[14971],"product_tag":[],"class_list":{"0":"post-113339","1":"product","2":"type-product","3":"status-publish","4":"has-post-thumbnail","6":"product_cat-yuksek-basincli-yikama-makinesi-yuksek-basincli-yikama-makinesi","8":"first","9":"instock","10":"purchasable","11":"product-type-simple","12":"entry","13":"content-bg","14":"loop-entry"},"_links":{"self":[{"href":"https:\/\/www.hediyepazar.com\/index.php?rest_route=\/wp\/v2\/product\/113339","targetHints":{"allow":["GET"]}}],"collection":[{"href":"https:\/\/www.hediyepazar.com\/index.php?rest_route=\/wp\/v2\/product"}],"about":[{"href":"https:\/\/www.hediyepazar.com\/index.php?rest_route=\/wp\/v2\/types\/product"}],"replies":[{"embeddable":true,"href":"https:\/\/www.hediyepazar.com\/index.php?rest_route=%2Fwp%2Fv2%2Fcomments&post=113339"}],"wp:featuredmedia":[{"embeddable":true,"href":"https:\/\/www.hediyepazar.com\/index.php?rest_route=\/wp\/v2\/media\/113338"}],"wp:attachment":[{"href":"https:\/\/www.hediyepazar.com\/index.php?rest_route=%2Fwp%2Fv2%2Fmedia&parent=113339"}],"wp:term":[{"taxonomy":"product_brand","embeddable":true,"href":"https:\/\/www.hediyepazar.com\/index.php?rest_route=%2Fwp%2Fv2%2Fproduct_brand&post=113339"},{"taxonomy":"product_cat","embeddable":true,"href":"https:\/\/www.hediyepazar.com\/index.php?rest_route=%2Fwp%2Fv2%2Fproduct_cat&post=113339"},{"taxonomy":"product_tag","embeddable":true,"href":"https:\/\/www.hediyepazar.com\/index.php?rest_route=%2Fwp%2Fv2%2Fproduct_tag&post=113339"}],"curies":[{"name":"wp","href":"https:\/\/api.w.org\/{rel}","templated":true}]}}