{"id":113353,"date":"2026-05-05T11:31:06","date_gmt":"2026-05-05T14:31:06","guid":{"rendered":"https:\/\/www.hediyepazar.com\/?product=kablosuz-bluetooth-hoparlor-tasinabilir-6-5-inc-led-isik-kareoke"},"modified":"2026-05-05T11:31:06","modified_gmt":"2026-05-05T14:31:06","slug":"kablosuz-bluetooth-hoparlor-tasinabilir-6-5-inc-led-isik-kareoke","status":"publish","type":"product","link":"https:\/\/www.hediyepazar.com\/?product=kablosuz-bluetooth-hoparlor-tasinabilir-6-5-inc-led-isik-kareoke","title":{"rendered":"Kablosuz Bluetooth Hoparl\u00f6r Ta\u015f\u0131nabilir 6.5 in\u00e7 LED I\u015f\u0131k Kareoke"},"content":{"rendered":"<p>Bu modern m\u00fczik cihaz\u0131, \u00fcst\u00fcn teknolojik \u00f6zellikleriyle m\u00fczik dinleme deneyiminizi bir \u00fcst seviyeye ta\u015f\u0131yor. Tam dolu bataryas\u0131 ile 2 saat kesintisiz m\u00fczik keyfi sunarak, favori \u015fark\u0131lar\u0131n\u0131z\u0131n tad\u0131n\u0131 \u00e7\u0131kar\u0131rken enerjinizi kaybetmezsiniz. Bluetooth ba\u011flant\u0131 \u00f6zelli\u011fi sayesinde cihaz\u0131n\u0131za kablosuz olarak kolayca ba\u011flanabilir ve kablo karma\u015fas\u0131na son verebilirsiniz. Bu \u00f6zellik, hareket \u00f6zg\u00fcrl\u00fc\u011f\u00fc sa\u011flayarak cihaz\u0131n\u0131z\u0131 istedi\u011finiz yerde rahat\u00e7a kullanman\u0131za olanak tan\u0131r. \u0130thalat\u00e7\u0131 garantisi ile desteklenen \u00fcr\u00fcn, herhangi bir problem kar\u015f\u0131s\u0131nda 2 y\u0131l boyunca teknik destek alman\u0131z\u0131 sa\u011flar.<\/p>\n","protected":false},"excerpt":{"rendered":"<p>Bu modern m\u00fczik cihaz\u0131, \u00fcst\u00fcn teknolojik \u00f6zellikleriyle m\u00fczik dinleme deneyiminizi bir \u00fcst seviyeye ta\u015f\u0131yor. Tam dolu bataryas\u0131 ile 2 saat kesintisiz m\u00fczik keyfi sunarak, favori \u015fark\u0131lar\u0131n\u0131z\u0131n tad\u0131n\u0131 \u00e7\u0131kar\u0131rken enerjinizi kaybetmezsiniz. Bluetooth ba\u011flant\u0131 \u00f6zelli\u011fi sayesinde cihaz\u0131n\u0131za kablosuz olarak kolayca ba\u011flanabilir ve kablo karma\u015fas\u0131na son verebilirsiniz. Bu \u00f6zellik, hareket \u00f6zg\u00fcrl\u00fc\u011f\u00fc sa\u011flayarak cihaz\u0131n\u0131z\u0131 istedi\u011finiz yerde rahat\u00e7a kullanman\u0131za olanak&#8230;<\/p>\n","protected":false},"featured_media":113352,"comment_status":"open","ping_status":"closed","template":"","meta":{"_kad_post_transparent":"","_kad_post_title":"","_kad_post_layout":"","_kad_post_sidebar_id":"","_kad_post_content_style":"","_kad_post_vertical_padding":"","_kad_post_feature":"","_kad_post_feature_position":"","_kad_post_header":false,"_kad_post_footer":false,"_kad_post_classname":""},"product_brand":[],"product_cat":[14911],"product_tag":[],"class_list":{"0":"post-113353","1":"product","2":"type-product","3":"status-publish","4":"has-post-thumbnail","6":"product_cat-kablosuz-hoparlor-kablosuz-hoparlor","8":"first","9":"instock","10":"purchasable","11":"product-type-simple","12":"entry","13":"content-bg","14":"loop-entry"},"_links":{"self":[{"href":"https:\/\/www.hediyepazar.com\/index.php?rest_route=\/wp\/v2\/product\/113353","targetHints":{"allow":["GET"]}}],"collection":[{"href":"https:\/\/www.hediyepazar.com\/index.php?rest_route=\/wp\/v2\/product"}],"about":[{"href":"https:\/\/www.hediyepazar.com\/index.php?rest_route=\/wp\/v2\/types\/product"}],"replies":[{"embeddable":true,"href":"https:\/\/www.hediyepazar.com\/index.php?rest_route=%2Fwp%2Fv2%2Fcomments&post=113353"}],"wp:featuredmedia":[{"embeddable":true,"href":"https:\/\/www.hediyepazar.com\/index.php?rest_route=\/wp\/v2\/media\/113352"}],"wp:attachment":[{"href":"https:\/\/www.hediyepazar.com\/index.php?rest_route=%2Fwp%2Fv2%2Fmedia&parent=113353"}],"wp:term":[{"taxonomy":"product_brand","embeddable":true,"href":"https:\/\/www.hediyepazar.com\/index.php?rest_route=%2Fwp%2Fv2%2Fproduct_brand&post=113353"},{"taxonomy":"product_cat","embeddable":true,"href":"https:\/\/www.hediyepazar.com\/index.php?rest_route=%2Fwp%2Fv2%2Fproduct_cat&post=113353"},{"taxonomy":"product_tag","embeddable":true,"href":"https:\/\/www.hediyepazar.com\/index.php?rest_route=%2Fwp%2Fv2%2Fproduct_tag&post=113353"}],"curies":[{"name":"wp","href":"https:\/\/api.w.org\/{rel}","templated":true}]}}