{"id":113355,"date":"2026-05-05T11:31:14","date_gmt":"2026-05-05T14:31:14","guid":{"rendered":"https:\/\/www.hediyepazar.com\/?product=kumandali-tripod-telefon-tutucu-selfie-cubugu-360-derece-donebilen-2"},"modified":"2026-05-05T11:31:14","modified_gmt":"2026-05-05T14:31:14","slug":"kumandali-tripod-telefon-tutucu-selfie-cubugu-360-derece-donebilen-2","status":"publish","type":"product","link":"https:\/\/www.hediyepazar.com\/?product=kumandali-tripod-telefon-tutucu-selfie-cubugu-360-derece-donebilen-2","title":{"rendered":"Kumandal\u0131 Tripod Telefon Tutucu Selfie \u00c7ubu\u011fu 360 Derece D\u00f6nebilen"},"content":{"rendered":"<p>Hafif ve ta\u015f\u0131nabilir tasar\u0131m\u0131yla her yere kolayca yan\u0131n\u0131zda ta\u015f\u0131yabilece\u011finiz bu selfie \u00e7ubu\u011fu, seyahatlerde, g\u00fcnl\u00fck ya\u015famda veya \u00f6zel etkinliklerde kusursuz bir deneyim sunar. Bluetooth ile kolay ba\u011flant\u0131 ve h\u0131zl\u0131 kontrol d\u00fc\u011fmeleri sayesinde foto\u011fraf \u00e7ekmek, video kaydetmek veya grup \u00e7ekimleri yapmak \u00e7ok daha kolay hale gelir. Ergonomik sap yap\u0131s\u0131, uzun s\u00fcreli kullan\u0131mda bile ellerinizin yorulmas\u0131n\u0131 \u00f6nlerken \u015f\u0131k ve modern tasar\u0131m\u0131 her tarza uyum sa\u011flar. 360 derece d\u00f6nebilen ba\u015fl\u0131k, farkl\u0131 a\u00e7\u0131lardan yarat\u0131c\u0131 \u00e7ekimlere olanak tan\u0131rken, ayakl\u0131 tripod \u00f6zelli\u011fi uzun s\u00fcreli sabit \u00e7ekimler i\u00e7in idealdir. K\u0131sacas\u0131, bu \u00fcr\u00fcn sadece bir selfie \u00e7ubu\u011fu de\u011fil, ayn\u0131 zamanda foto\u011fraf\u00e7\u0131l\u0131k tutkunlar\u0131 i\u00e7in \u00e7ok y\u00f6nl\u00fc bir ara\u00e7t\u0131r.<\/p>\n","protected":false},"excerpt":{"rendered":"<p>Hafif ve ta\u015f\u0131nabilir tasar\u0131m\u0131yla her yere kolayca yan\u0131n\u0131zda ta\u015f\u0131yabilece\u011finiz bu selfie \u00e7ubu\u011fu, seyahatlerde, g\u00fcnl\u00fck ya\u015famda veya \u00f6zel etkinliklerde kusursuz bir deneyim sunar. Bluetooth ile kolay ba\u011flant\u0131 ve h\u0131zl\u0131 kontrol d\u00fc\u011fmeleri sayesinde foto\u011fraf \u00e7ekmek, video kaydetmek veya grup \u00e7ekimleri yapmak \u00e7ok daha kolay hale gelir. Ergonomik sap yap\u0131s\u0131, uzun s\u00fcreli kullan\u0131mda bile ellerinizin yorulmas\u0131n\u0131 \u00f6nlerken \u015f\u0131k&#8230;<\/p>\n","protected":false},"featured_media":113354,"comment_status":"open","ping_status":"closed","template":"","meta":{"_kad_post_transparent":"","_kad_post_title":"","_kad_post_layout":"","_kad_post_sidebar_id":"","_kad_post_content_style":"","_kad_post_vertical_padding":"","_kad_post_feature":"","_kad_post_feature_position":"","_kad_post_header":false,"_kad_post_footer":false,"_kad_post_classname":""},"product_brand":[],"product_cat":[15008],"product_tag":[],"class_list":{"0":"post-113355","1":"product","2":"type-product","3":"status-publish","4":"has-post-thumbnail","6":"product_cat-selfie-cubugu-selfie-cubugu-2","8":"first","9":"instock","10":"purchasable","11":"product-type-simple","12":"entry","13":"content-bg","14":"loop-entry"},"_links":{"self":[{"href":"https:\/\/www.hediyepazar.com\/index.php?rest_route=\/wp\/v2\/product\/113355","targetHints":{"allow":["GET"]}}],"collection":[{"href":"https:\/\/www.hediyepazar.com\/index.php?rest_route=\/wp\/v2\/product"}],"about":[{"href":"https:\/\/www.hediyepazar.com\/index.php?rest_route=\/wp\/v2\/types\/product"}],"replies":[{"embeddable":true,"href":"https:\/\/www.hediyepazar.com\/index.php?rest_route=%2Fwp%2Fv2%2Fcomments&post=113355"}],"wp:featuredmedia":[{"embeddable":true,"href":"https:\/\/www.hediyepazar.com\/index.php?rest_route=\/wp\/v2\/media\/113354"}],"wp:attachment":[{"href":"https:\/\/www.hediyepazar.com\/index.php?rest_route=%2Fwp%2Fv2%2Fmedia&parent=113355"}],"wp:term":[{"taxonomy":"product_brand","embeddable":true,"href":"https:\/\/www.hediyepazar.com\/index.php?rest_route=%2Fwp%2Fv2%2Fproduct_brand&post=113355"},{"taxonomy":"product_cat","embeddable":true,"href":"https:\/\/www.hediyepazar.com\/index.php?rest_route=%2Fwp%2Fv2%2Fproduct_cat&post=113355"},{"taxonomy":"product_tag","embeddable":true,"href":"https:\/\/www.hediyepazar.com\/index.php?rest_route=%2Fwp%2Fv2%2Fproduct_tag&post=113355"}],"curies":[{"name":"wp","href":"https:\/\/api.w.org\/{rel}","templated":true}]}}