{"id":113359,"date":"2026-05-05T11:31:30","date_gmt":"2026-05-05T14:31:30","guid":{"rendered":"https:\/\/www.hediyepazar.com\/?product=tripod-kablosuz-bluetooth-baglantili-selfie-cubugu-360-derece-donebilen-2"},"modified":"2026-05-05T11:31:30","modified_gmt":"2026-05-05T14:31:30","slug":"tripod-kablosuz-bluetooth-baglantili-selfie-cubugu-360-derece-donebilen-2","status":"publish","type":"product","link":"https:\/\/www.hediyepazar.com\/?product=tripod-kablosuz-bluetooth-baglantili-selfie-cubugu-360-derece-donebilen-2","title":{"rendered":"Tripod Kablosuz Bluetooth Ba\u011flant\u0131l\u0131 Selfie \u00c7ubu\u011fu 360 Derece D\u00f6nebilen"},"content":{"rendered":"<p>Kablosuz Bluetooth ba\u011flant\u0131 \u00f6zelli\u011fi sayesinde, selfie \u00e7ubu\u011funuza telefonunuzu h\u0131zl\u0131 ve zahmetsiz bir \u015fekilde ba\u011flayarak an\u0131lar\u0131n\u0131z\u0131 y\u00fcksek \u00e7\u00f6z\u00fcn\u00fcrl\u00fckl\u00fc foto\u011fraflarla \u00f6l\u00fcms\u00fczle\u015ftirin. Geli\u015fmi\u015f kablosuz ba\u011flant\u0131 teknolojisi, daha h\u0131zl\u0131 ve sorunsuz bir ba\u011flant\u0131 deneyimi sunarak, her \u00e7ekiminizi an\u0131nda ba\u015flatman\u0131za olanak tan\u0131r. 360 derece d\u00f6nebilen ba\u015fl\u0131k, farkl\u0131 a\u00e7\u0131lardan ve zorlu pozisyonlarda bile m\u00fckemmel kareler yakalaman\u0131z\u0131 sa\u011flar. Manzara \u00e7ekimlerinde arka plan\u0131n g\u00fczelli\u011fini bozmadan kendinizi kadraja dahil edebilir veya grup foto\u011fraflar\u0131n\u0131 zahmetsizce y\u00f6netebilirsiniz. Bu yenilik\u00e7i tasar\u0131m, yarat\u0131c\u0131l\u0131\u011f\u0131n\u0131z\u0131 \u00f6zg\u00fcrce ifade etmenize olanak tan\u0131r ve her \u00e7ekimi profesyonel bir kaliteye ta\u015f\u0131r.<\/p>\n","protected":false},"excerpt":{"rendered":"<p>Kablosuz Bluetooth ba\u011flant\u0131 \u00f6zelli\u011fi sayesinde, selfie \u00e7ubu\u011funuza telefonunuzu h\u0131zl\u0131 ve zahmetsiz bir \u015fekilde ba\u011flayarak an\u0131lar\u0131n\u0131z\u0131 y\u00fcksek \u00e7\u00f6z\u00fcn\u00fcrl\u00fckl\u00fc foto\u011fraflarla \u00f6l\u00fcms\u00fczle\u015ftirin. Geli\u015fmi\u015f kablosuz ba\u011flant\u0131 teknolojisi, daha h\u0131zl\u0131 ve sorunsuz bir ba\u011flant\u0131 deneyimi sunarak, her \u00e7ekiminizi an\u0131nda ba\u015flatman\u0131za olanak tan\u0131r. 360 derece d\u00f6nebilen ba\u015fl\u0131k, farkl\u0131 a\u00e7\u0131lardan ve zorlu pozisyonlarda bile m\u00fckemmel kareler yakalaman\u0131z\u0131 sa\u011flar. Manzara \u00e7ekimlerinde arka plan\u0131n&#8230;<\/p>\n","protected":false},"featured_media":113358,"comment_status":"open","ping_status":"closed","template":"","meta":{"_kad_post_transparent":"","_kad_post_title":"","_kad_post_layout":"","_kad_post_sidebar_id":"","_kad_post_content_style":"","_kad_post_vertical_padding":"","_kad_post_feature":"","_kad_post_feature_position":"","_kad_post_header":false,"_kad_post_footer":false,"_kad_post_classname":""},"product_brand":[],"product_cat":[15008],"product_tag":[],"class_list":{"0":"post-113359","1":"product","2":"type-product","3":"status-publish","4":"has-post-thumbnail","6":"product_cat-selfie-cubugu-selfie-cubugu-2","8":"first","9":"instock","10":"purchasable","11":"product-type-simple","12":"entry","13":"content-bg","14":"loop-entry"},"_links":{"self":[{"href":"https:\/\/www.hediyepazar.com\/index.php?rest_route=\/wp\/v2\/product\/113359","targetHints":{"allow":["GET"]}}],"collection":[{"href":"https:\/\/www.hediyepazar.com\/index.php?rest_route=\/wp\/v2\/product"}],"about":[{"href":"https:\/\/www.hediyepazar.com\/index.php?rest_route=\/wp\/v2\/types\/product"}],"replies":[{"embeddable":true,"href":"https:\/\/www.hediyepazar.com\/index.php?rest_route=%2Fwp%2Fv2%2Fcomments&post=113359"}],"wp:featuredmedia":[{"embeddable":true,"href":"https:\/\/www.hediyepazar.com\/index.php?rest_route=\/wp\/v2\/media\/113358"}],"wp:attachment":[{"href":"https:\/\/www.hediyepazar.com\/index.php?rest_route=%2Fwp%2Fv2%2Fmedia&parent=113359"}],"wp:term":[{"taxonomy":"product_brand","embeddable":true,"href":"https:\/\/www.hediyepazar.com\/index.php?rest_route=%2Fwp%2Fv2%2Fproduct_brand&post=113359"},{"taxonomy":"product_cat","embeddable":true,"href":"https:\/\/www.hediyepazar.com\/index.php?rest_route=%2Fwp%2Fv2%2Fproduct_cat&post=113359"},{"taxonomy":"product_tag","embeddable":true,"href":"https:\/\/www.hediyepazar.com\/index.php?rest_route=%2Fwp%2Fv2%2Fproduct_tag&post=113359"}],"curies":[{"name":"wp","href":"https:\/\/api.w.org\/{rel}","templated":true}]}}