{"id":113365,"date":"2026-05-05T11:31:57","date_gmt":"2026-05-05T14:31:57","guid":{"rendered":"https:\/\/www.hediyepazar.com\/?product=elektrikli-manikur-pedikur-torpu-seti-protez-tirnak-nasir-temizleyici-2"},"modified":"2026-05-05T11:31:57","modified_gmt":"2026-05-05T14:31:57","slug":"elektrikli-manikur-pedikur-torpu-seti-protez-tirnak-nasir-temizleyici-2","status":"publish","type":"product","link":"https:\/\/www.hediyepazar.com\/?product=elektrikli-manikur-pedikur-torpu-seti-protez-tirnak-nasir-temizleyici-2","title":{"rendered":"Elektrikli Manik\u00fcr Pedik\u00fcr T\u00f6rp\u00fc Seti Protez T\u0131rnak Nas\u0131r Temizleyici"},"content":{"rendered":"<p>Elektrikli t\u0131rnak matkap makinesi, hem profesyonel t\u0131rnak sanat\u00e7\u0131lar\u0131 hem de bireysel kullan\u0131c\u0131lar i\u00e7in geli\u015ftirilmi\u015f yenilik\u00e7i bir bak\u0131m arac\u0131d\u0131r. \u00d6zel tasar\u0131m\u0131 sayesinde parmak ve ayak t\u0131rnaklar\u0131n\u0131z\u0131n \u00e7evresindeki \u00f6l\u00fc deriyi hassas bir \u015fekilde temizler ve p\u00fcr\u00fczs\u00fcz bir y\u00fczey sa\u011flar. Cihaz\u0131n kuspidal ucu, en dar alanlara bile kolayca ula\u015farak detayl\u0131 bir temizlik imkan\u0131 sunar. Aerodinamik tasar\u0131m\u0131 ve hafif yap\u0131s\u0131, cihaz\u0131n uzun s\u00fcre kullan\u0131mda bile kullan\u0131c\u0131ya rahatl\u0131k sa\u011flamas\u0131na yard\u0131mc\u0131 olur. Zarif tasar\u0131m\u0131 ve ergonomik yap\u0131s\u0131, cihaz\u0131n hem i\u015flevsel hem de estetik a\u00e7\u0131dan \u00f6ne \u00e7\u0131kmas\u0131n\u0131 sa\u011flar. Dayan\u0131kl\u0131 malzemelerden \u00fcretilmi\u015f bu matkap, uzun \u00f6m\u00fcrl\u00fc bir kullan\u0131m sunarken paslanmaya kar\u015f\u0131 diren\u00e7li yap\u0131s\u0131yla g\u00fcvenilirli\u011fini art\u0131r\u0131r.&nbsp;<\/p>\n","protected":false},"excerpt":{"rendered":"<p>Elektrikli t\u0131rnak matkap makinesi, hem profesyonel t\u0131rnak sanat\u00e7\u0131lar\u0131 hem de bireysel kullan\u0131c\u0131lar i\u00e7in geli\u015ftirilmi\u015f yenilik\u00e7i bir bak\u0131m arac\u0131d\u0131r. \u00d6zel tasar\u0131m\u0131 sayesinde parmak ve ayak t\u0131rnaklar\u0131n\u0131z\u0131n \u00e7evresindeki \u00f6l\u00fc deriyi hassas bir \u015fekilde temizler ve p\u00fcr\u00fczs\u00fcz bir y\u00fczey sa\u011flar. Cihaz\u0131n kuspidal ucu, en dar alanlara bile kolayca ula\u015farak detayl\u0131 bir temizlik imkan\u0131 sunar. Aerodinamik tasar\u0131m\u0131 ve hafif&#8230;<\/p>\n","protected":false},"featured_media":113364,"comment_status":"open","ping_status":"closed","template":"","meta":{"_kad_post_transparent":"","_kad_post_title":"","_kad_post_layout":"","_kad_post_sidebar_id":"","_kad_post_content_style":"","_kad_post_vertical_padding":"","_kad_post_feature":"","_kad_post_feature_position":"","_kad_post_header":false,"_kad_post_footer":false,"_kad_post_classname":""},"product_brand":[],"product_cat":[14963],"product_tag":[],"class_list":{"0":"post-113365","1":"product","2":"type-product","3":"status-publish","4":"has-post-thumbnail","6":"product_cat-manikur-ve-pedikur-aletleri-manikur-ve-pedikur-aletleri","8":"first","9":"instock","10":"purchasable","11":"product-type-simple","12":"entry","13":"content-bg","14":"loop-entry"},"_links":{"self":[{"href":"https:\/\/www.hediyepazar.com\/index.php?rest_route=\/wp\/v2\/product\/113365","targetHints":{"allow":["GET"]}}],"collection":[{"href":"https:\/\/www.hediyepazar.com\/index.php?rest_route=\/wp\/v2\/product"}],"about":[{"href":"https:\/\/www.hediyepazar.com\/index.php?rest_route=\/wp\/v2\/types\/product"}],"replies":[{"embeddable":true,"href":"https:\/\/www.hediyepazar.com\/index.php?rest_route=%2Fwp%2Fv2%2Fcomments&post=113365"}],"wp:featuredmedia":[{"embeddable":true,"href":"https:\/\/www.hediyepazar.com\/index.php?rest_route=\/wp\/v2\/media\/113364"}],"wp:attachment":[{"href":"https:\/\/www.hediyepazar.com\/index.php?rest_route=%2Fwp%2Fv2%2Fmedia&parent=113365"}],"wp:term":[{"taxonomy":"product_brand","embeddable":true,"href":"https:\/\/www.hediyepazar.com\/index.php?rest_route=%2Fwp%2Fv2%2Fproduct_brand&post=113365"},{"taxonomy":"product_cat","embeddable":true,"href":"https:\/\/www.hediyepazar.com\/index.php?rest_route=%2Fwp%2Fv2%2Fproduct_cat&post=113365"},{"taxonomy":"product_tag","embeddable":true,"href":"https:\/\/www.hediyepazar.com\/index.php?rest_route=%2Fwp%2Fv2%2Fproduct_tag&post=113365"}],"curies":[{"name":"wp","href":"https:\/\/api.w.org\/{rel}","templated":true}]}}