{"id":113375,"date":"2026-05-05T11:32:56","date_gmt":"2026-05-05T14:32:56","guid":{"rendered":"https:\/\/www.hediyepazar.com\/?product=oto-guneslik-tum-arac-tiplerine-uygun-isi-onleyici-2"},"modified":"2026-05-05T11:32:56","modified_gmt":"2026-05-05T14:32:56","slug":"oto-guneslik-tum-arac-tiplerine-uygun-isi-onleyici-2","status":"publish","type":"product","link":"https:\/\/www.hediyepazar.com\/?product=oto-guneslik-tum-arac-tiplerine-uygun-isi-onleyici-2","title":{"rendered":"Oto G\u00fcne\u015flik T\u00fcm Ara\u00e7 Tiplerine Uygun Is\u0131 \u00d6nleyici"},"content":{"rendered":"<p>Yaz aylar\u0131nda g\u00fcne\u015f \u0131\u015f\u0131nlar\u0131 arac\u0131n\u0131z\u0131n i\u00e7 s\u0131cakl\u0131\u011f\u0131n\u0131 ciddi \u015fekilde art\u0131rabilir, bu da s\u00fcr\u00fc\u015f s\u0131ras\u0131nda rahats\u0131zl\u0131k yaratabilir. Araba \u00d6n Cam G\u00fcne\u015fli\u011fi, bu soruna etkili bir \u00e7\u00f6z\u00fcm sunar. Metalize reflekt\u00f6rl\u00fc al\u00fcminyum y\u00fczeyiyle g\u00fcne\u015f \u0131\u015f\u0131nlar\u0131n\u0131 %99 oran\u0131nda geri yans\u0131tarak arac\u0131n\u0131z\u0131n a\u015f\u0131r\u0131 \u0131s\u0131nmas\u0131n\u0131 \u00f6nler. \u00d6zellikle g\u00fcne\u015f alt\u0131nda park edilen ara\u00e7lar i\u00e7in m\u00fckemmel bir yard\u0131mc\u0131d\u0131r. Bu g\u00fcne\u015flik sayesinde ara\u00e7 i\u00e7i s\u0131cakl\u0131k ciddi \u00f6l\u00e7\u00fcde azal\u0131r ve konforlu bir s\u00fcr\u00fc\u015f deneyimi ya\u015fars\u0131n\u0131z. Daha k\u0131sa s\u00fcrede serinleyen arac\u0131n\u0131z, klima kullan\u0131m\u0131na olan ihtiyac\u0131 azalt\u0131r, b\u00f6ylece hem yak\u0131t tasarrufu yapar hem de \u00e7evreye katk\u0131 sa\u011flars\u0131n\u0131z. G\u00fcne\u015fli g\u00fcnlerde keyifli ve serin bir ara\u00e7 i\u00e7i atmosfer yaratmak art\u0131k m\u00fcmk\u00fcn.<\/p>\n","protected":false},"excerpt":{"rendered":"<p>Yaz aylar\u0131nda g\u00fcne\u015f \u0131\u015f\u0131nlar\u0131 arac\u0131n\u0131z\u0131n i\u00e7 s\u0131cakl\u0131\u011f\u0131n\u0131 ciddi \u015fekilde art\u0131rabilir, bu da s\u00fcr\u00fc\u015f s\u0131ras\u0131nda rahats\u0131zl\u0131k yaratabilir. Araba \u00d6n Cam G\u00fcne\u015fli\u011fi, bu soruna etkili bir \u00e7\u00f6z\u00fcm sunar. Metalize reflekt\u00f6rl\u00fc al\u00fcminyum y\u00fczeyiyle g\u00fcne\u015f \u0131\u015f\u0131nlar\u0131n\u0131 %99 oran\u0131nda geri yans\u0131tarak arac\u0131n\u0131z\u0131n a\u015f\u0131r\u0131 \u0131s\u0131nmas\u0131n\u0131 \u00f6nler. \u00d6zellikle g\u00fcne\u015f alt\u0131nda park edilen ara\u00e7lar i\u00e7in m\u00fckemmel bir yard\u0131mc\u0131d\u0131r. Bu g\u00fcne\u015flik sayesinde ara\u00e7 i\u00e7i&#8230;<\/p>\n","protected":false},"featured_media":113374,"comment_status":"open","ping_status":"closed","template":"","meta":{"_kad_post_transparent":"","_kad_post_title":"","_kad_post_layout":"","_kad_post_sidebar_id":"","_kad_post_content_style":"","_kad_post_vertical_padding":"","_kad_post_feature":"","_kad_post_feature_position":"","_kad_post_header":false,"_kad_post_footer":false,"_kad_post_classname":""},"product_brand":[],"product_cat":[14921],"product_tag":[],"class_list":{"0":"post-113375","1":"product","2":"type-product","3":"status-publish","4":"has-post-thumbnail","6":"product_cat-oto-guneslik-perde-oto-guneslik-perde-2","8":"first","9":"instock","10":"purchasable","11":"product-type-simple","12":"entry","13":"content-bg","14":"loop-entry"},"_links":{"self":[{"href":"https:\/\/www.hediyepazar.com\/index.php?rest_route=\/wp\/v2\/product\/113375","targetHints":{"allow":["GET"]}}],"collection":[{"href":"https:\/\/www.hediyepazar.com\/index.php?rest_route=\/wp\/v2\/product"}],"about":[{"href":"https:\/\/www.hediyepazar.com\/index.php?rest_route=\/wp\/v2\/types\/product"}],"replies":[{"embeddable":true,"href":"https:\/\/www.hediyepazar.com\/index.php?rest_route=%2Fwp%2Fv2%2Fcomments&post=113375"}],"wp:featuredmedia":[{"embeddable":true,"href":"https:\/\/www.hediyepazar.com\/index.php?rest_route=\/wp\/v2\/media\/113374"}],"wp:attachment":[{"href":"https:\/\/www.hediyepazar.com\/index.php?rest_route=%2Fwp%2Fv2%2Fmedia&parent=113375"}],"wp:term":[{"taxonomy":"product_brand","embeddable":true,"href":"https:\/\/www.hediyepazar.com\/index.php?rest_route=%2Fwp%2Fv2%2Fproduct_brand&post=113375"},{"taxonomy":"product_cat","embeddable":true,"href":"https:\/\/www.hediyepazar.com\/index.php?rest_route=%2Fwp%2Fv2%2Fproduct_cat&post=113375"},{"taxonomy":"product_tag","embeddable":true,"href":"https:\/\/www.hediyepazar.com\/index.php?rest_route=%2Fwp%2Fv2%2Fproduct_tag&post=113375"}],"curies":[{"name":"wp","href":"https:\/\/api.w.org\/{rel}","templated":true}]}}