{"id":113383,"date":"2026-05-05T11:33:28","date_gmt":"2026-05-05T14:33:28","guid":{"rendered":"https:\/\/www.hediyepazar.com\/?product=cizik-tiras-makinesi-sarjli-paslanmaz-celik-bicakli-uzun-omurlu-2"},"modified":"2026-05-05T11:33:28","modified_gmt":"2026-05-05T14:33:28","slug":"cizik-tiras-makinesi-sarjli-paslanmaz-celik-bicakli-uzun-omurlu-2","status":"publish","type":"product","link":"https:\/\/www.hediyepazar.com\/?product=cizik-tiras-makinesi-sarjli-paslanmaz-celik-bicakli-uzun-omurlu-2","title":{"rendered":"\u00c7izik T\u0131ra\u015f Makinesi \u015earjl\u0131 Paslanmaz \u00c7elik B\u0131\u00e7akl\u0131 Uzun \u00d6m\u00fcrl\u00fc"},"content":{"rendered":"<p>Bu t\u0131ra\u015f makinesi, g\u00fc\u00e7l\u00fc ve sessiz \u00e7al\u0131\u015fan yeni nesil f\u0131r\u00e7as\u0131z motor teknolojisi ile donat\u0131lm\u0131\u015ft\u0131r. Bu motor, t\u0131ra\u015f i\u015flemi s\u0131ras\u0131nda g\u00fcr\u00fclt\u00fcy\u00fc minimuma indirirken, y\u00fcksek performansla \u00e7al\u0131\u015fmaya devam eder. Bu \u00f6zellik, daha sessiz bir t\u0131ra\u015f deneyimi sa\u011flar ve kullan\u0131c\u0131ya daha konforlu bir bak\u0131m rutini sunar. Ayn\u0131 zamanda, yeni nesil motor yap\u0131s\u0131 sayesinde cihaz daha verimli \u00e7al\u0131\u015f\u0131r, enerji tasarrufu sa\u011flarken g\u00fc\u00e7l\u00fc bir t\u0131ra\u015f performans\u0131 sunar. Makinedeki kolay s\u00f6k\u00fclebilir b\u0131\u00e7aklar, hijyenik kullan\u0131m a\u00e7\u0131s\u0131ndan b\u00fcy\u00fck bir avantaj sa\u011flar. B\u0131\u00e7aklar\u0131 \u00e7\u0131kararak temizlemek olduk\u00e7a kolayd\u0131r ve bu da cihaz\u0131n uzun s\u00fcre hijyenik kalmas\u0131n\u0131 sa\u011flar. Cihaz\u0131n temizlenmesi, bakteri birikimini engeller ve daha sa\u011fl\u0131kl\u0131 bir t\u0131ra\u015f deneyimi sunar. Y\u00fcksek devirli motoru ve \u00f6zel T \u00e7elik b\u0131\u00e7aklar\u0131, her t\u00fcr sa\u00e7 ve sakal tipine uygun bir t\u0131ra\u015f deneyimi sa\u011flar. Her t\u00fcrl\u00fc detayl\u0131 \u015fekillendirme i\u015flemi i\u00e7in m\u00fckemmel sonu\u00e7lar elde etmenizi sa\u011flar, b\u00f6ylece ki\u015fisel bak\u0131m rutininizi kolayca zenginle\u015ftirebilirsiniz. Sakal, sa\u00e7 ve v\u00fccut b\u00f6lgelerinde profesyonel sonu\u00e7lar al\u0131rken, kullan\u0131m kolayl\u0131\u011f\u0131 sayesinde her b\u00f6lgeden m\u00fckemmel sonu\u00e7lar elde etmek m\u00fcmk\u00fcnd\u00fcr. Bu t\u0131ra\u015f makinesi, hijyenik \u00f6zellikleri, profesyonel performans\u0131 ve dayan\u0131kl\u0131l\u0131\u011f\u0131yla her kullan\u0131c\u0131ya uzun vadeli memnuniyet sunar.<\/p>\n","protected":false},"excerpt":{"rendered":"<p>Bu t\u0131ra\u015f makinesi, g\u00fc\u00e7l\u00fc ve sessiz \u00e7al\u0131\u015fan yeni nesil f\u0131r\u00e7as\u0131z motor teknolojisi ile donat\u0131lm\u0131\u015ft\u0131r. Bu motor, t\u0131ra\u015f i\u015flemi s\u0131ras\u0131nda g\u00fcr\u00fclt\u00fcy\u00fc minimuma indirirken, y\u00fcksek performansla \u00e7al\u0131\u015fmaya devam eder. Bu \u00f6zellik, daha sessiz bir t\u0131ra\u015f deneyimi sa\u011flar ve kullan\u0131c\u0131ya daha konforlu bir bak\u0131m rutini sunar. Ayn\u0131 zamanda, yeni nesil motor yap\u0131s\u0131 sayesinde cihaz daha verimli \u00e7al\u0131\u015f\u0131r, enerji&#8230;<\/p>\n","protected":false},"featured_media":113382,"comment_status":"open","ping_status":"closed","template":"","meta":{"_kad_post_transparent":"","_kad_post_title":"","_kad_post_layout":"","_kad_post_sidebar_id":"","_kad_post_content_style":"","_kad_post_vertical_padding":"","_kad_post_feature":"","_kad_post_feature_position":"","_kad_post_header":false,"_kad_post_footer":false,"_kad_post_classname":""},"product_brand":[],"product_cat":[14925],"product_tag":[],"class_list":{"0":"post-113383","1":"product","2":"type-product","3":"status-publish","4":"has-post-thumbnail","6":"product_cat-tiras-makinesi-tiras-makinesi","8":"first","9":"instock","10":"purchasable","11":"product-type-simple","12":"entry","13":"content-bg","14":"loop-entry"},"_links":{"self":[{"href":"https:\/\/www.hediyepazar.com\/index.php?rest_route=\/wp\/v2\/product\/113383","targetHints":{"allow":["GET"]}}],"collection":[{"href":"https:\/\/www.hediyepazar.com\/index.php?rest_route=\/wp\/v2\/product"}],"about":[{"href":"https:\/\/www.hediyepazar.com\/index.php?rest_route=\/wp\/v2\/types\/product"}],"replies":[{"embeddable":true,"href":"https:\/\/www.hediyepazar.com\/index.php?rest_route=%2Fwp%2Fv2%2Fcomments&post=113383"}],"wp:featuredmedia":[{"embeddable":true,"href":"https:\/\/www.hediyepazar.com\/index.php?rest_route=\/wp\/v2\/media\/113382"}],"wp:attachment":[{"href":"https:\/\/www.hediyepazar.com\/index.php?rest_route=%2Fwp%2Fv2%2Fmedia&parent=113383"}],"wp:term":[{"taxonomy":"product_brand","embeddable":true,"href":"https:\/\/www.hediyepazar.com\/index.php?rest_route=%2Fwp%2Fv2%2Fproduct_brand&post=113383"},{"taxonomy":"product_cat","embeddable":true,"href":"https:\/\/www.hediyepazar.com\/index.php?rest_route=%2Fwp%2Fv2%2Fproduct_cat&post=113383"},{"taxonomy":"product_tag","embeddable":true,"href":"https:\/\/www.hediyepazar.com\/index.php?rest_route=%2Fwp%2Fv2%2Fproduct_tag&post=113383"}],"curies":[{"name":"wp","href":"https:\/\/api.w.org\/{rel}","templated":true}]}}