{"id":113389,"date":"2026-05-05T11:33:47","date_gmt":"2026-05-05T14:33:47","guid":{"rendered":"https:\/\/www.hediyepazar.com\/?product=bluetooth-hoparlor-dijital-gostergeli-wireless-sarj-rgb-isikli-2"},"modified":"2026-05-05T11:33:47","modified_gmt":"2026-05-05T14:33:47","slug":"bluetooth-hoparlor-dijital-gostergeli-wireless-sarj-rgb-isikli-2","status":"publish","type":"product","link":"https:\/\/www.hediyepazar.com\/?product=bluetooth-hoparlor-dijital-gostergeli-wireless-sarj-rgb-isikli-2","title":{"rendered":"Bluetooth Hoparl\u00f6r Dijital G\u00f6stergeli Wireless \u015earj RGB I\u015f\u0131kl\u0131"},"content":{"rendered":"<p>Kablosuz \u015farj \u00f6zelli\u011finin yan\u0131 s\u0131ra, cihazda entegre FM radyo, \u00e7alar saat, eller serbest arama deste\u011fi ve uyku zamanlay\u0131c\u0131s\u0131 gibi \u00e7ok i\u015flevli \u00f6zellikler bulunur. FM radyo \u00f6zelli\u011fi, favori istasyonlar\u0131n\u0131z\u0131 kolayca dinlemenizi sa\u011flarken, sezgisel \u00e7alar saat sabahlar\u0131 size konforlu bir uyan\u0131\u015f sunar. Cihaz, \u00fcst\u00fcn kaliteli ABS malzeme ile \u00fcretilmi\u015ftir, bu da uzun \u00f6m\u00fcrl\u00fc dayan\u0131kl\u0131l\u0131k ve g\u00fcvenilirlik sa\u011flar. \u00c7evre dostu bir tasar\u0131ma sahip olan bu \u00fcr\u00fcn, hem i\u00e7 mekanlarda hem de d\u0131\u015f mekanlarda rahatl\u0131kla kullan\u0131labilir. Farkl\u0131 renk se\u00e7enekleri ve zarif yap\u0131s\u0131yla odan\u0131za hem estetik bir dokunu\u015f hem de y\u00fcksek teknolojiyi bir arada sunar. Ak\u0131ll\u0131 telefon ve tablet uygulamalar\u0131yla entegre \u00e7al\u0131\u015farak ekolayz\u0131r ayarlar\u0131 ve di\u011fer \u00f6zelle\u015ftirmeleri yapman\u0131za olanak tan\u0131r. Bu cihaz, t\u00fcm ihtiya\u00e7lar\u0131n\u0131za cevap veren ve ya\u015fam\u0131n\u0131z\u0131 kolayla\u015ft\u0131ran ideal bir \u00e7\u00f6z\u00fcm sunar.<\/p>\n","protected":false},"excerpt":{"rendered":"<p>Kablosuz \u015farj \u00f6zelli\u011finin yan\u0131 s\u0131ra, cihazda entegre FM radyo, \u00e7alar saat, eller serbest arama deste\u011fi ve uyku zamanlay\u0131c\u0131s\u0131 gibi \u00e7ok i\u015flevli \u00f6zellikler bulunur. FM radyo \u00f6zelli\u011fi, favori istasyonlar\u0131n\u0131z\u0131 kolayca dinlemenizi sa\u011flarken, sezgisel \u00e7alar saat sabahlar\u0131 size konforlu bir uyan\u0131\u015f sunar. Cihaz, \u00fcst\u00fcn kaliteli ABS malzeme ile \u00fcretilmi\u015ftir, bu da uzun \u00f6m\u00fcrl\u00fc dayan\u0131kl\u0131l\u0131k ve g\u00fcvenilirlik sa\u011flar&#8230;.<\/p>\n","protected":false},"featured_media":113388,"comment_status":"open","ping_status":"closed","template":"","meta":{"_kad_post_transparent":"","_kad_post_title":"","_kad_post_layout":"","_kad_post_sidebar_id":"","_kad_post_content_style":"","_kad_post_vertical_padding":"","_kad_post_feature":"","_kad_post_feature_position":"","_kad_post_header":false,"_kad_post_footer":false,"_kad_post_classname":""},"product_brand":[],"product_cat":[14911],"product_tag":[],"class_list":{"0":"post-113389","1":"product","2":"type-product","3":"status-publish","4":"has-post-thumbnail","6":"product_cat-kablosuz-hoparlor-kablosuz-hoparlor","8":"first","9":"instock","10":"purchasable","11":"product-type-simple","12":"entry","13":"content-bg","14":"loop-entry"},"_links":{"self":[{"href":"https:\/\/www.hediyepazar.com\/index.php?rest_route=\/wp\/v2\/product\/113389","targetHints":{"allow":["GET"]}}],"collection":[{"href":"https:\/\/www.hediyepazar.com\/index.php?rest_route=\/wp\/v2\/product"}],"about":[{"href":"https:\/\/www.hediyepazar.com\/index.php?rest_route=\/wp\/v2\/types\/product"}],"replies":[{"embeddable":true,"href":"https:\/\/www.hediyepazar.com\/index.php?rest_route=%2Fwp%2Fv2%2Fcomments&post=113389"}],"wp:featuredmedia":[{"embeddable":true,"href":"https:\/\/www.hediyepazar.com\/index.php?rest_route=\/wp\/v2\/media\/113388"}],"wp:attachment":[{"href":"https:\/\/www.hediyepazar.com\/index.php?rest_route=%2Fwp%2Fv2%2Fmedia&parent=113389"}],"wp:term":[{"taxonomy":"product_brand","embeddable":true,"href":"https:\/\/www.hediyepazar.com\/index.php?rest_route=%2Fwp%2Fv2%2Fproduct_brand&post=113389"},{"taxonomy":"product_cat","embeddable":true,"href":"https:\/\/www.hediyepazar.com\/index.php?rest_route=%2Fwp%2Fv2%2Fproduct_cat&post=113389"},{"taxonomy":"product_tag","embeddable":true,"href":"https:\/\/www.hediyepazar.com\/index.php?rest_route=%2Fwp%2Fv2%2Fproduct_tag&post=113389"}],"curies":[{"name":"wp","href":"https:\/\/api.w.org\/{rel}","templated":true}]}}