{"id":113391,"date":"2026-05-05T11:33:53","date_gmt":"2026-05-05T14:33:53","guid":{"rendered":"https:\/\/www.hediyepazar.com\/?product=bluetooth-hoparlor-15w-kablosuz-hizli-sarj-led-gece-lambasi-2"},"modified":"2026-05-05T11:33:53","modified_gmt":"2026-05-05T14:33:53","slug":"bluetooth-hoparlor-15w-kablosuz-hizli-sarj-led-gece-lambasi-2","status":"publish","type":"product","link":"https:\/\/www.hediyepazar.com\/?product=bluetooth-hoparlor-15w-kablosuz-hizli-sarj-led-gece-lambasi-2","title":{"rendered":"Bluetooth Hoparl\u00f6r 15W Kablosuz H\u0131zl\u0131 \u015earj LED Gece Lambas\u0131"},"content":{"rendered":"<p>Bu hoparl\u00f6r, en yeni Bluetooth 5.0 teknolojisi ile donat\u0131lm\u0131\u015ft\u0131r ve 10 metreye kadar kesintisiz kablosuz ba\u011flant\u0131 sa\u011flar. Telefonunuz, tabletiniz veya di\u011fer uyumlu cihazlarla kolayca e\u015fle\u015fir, kristal netli\u011finde stereo ses ve g\u00fc\u00e7l\u00fc baslarla zengin bir dinleme deneyimi sunar. Derin baslar ve net tizler i\u00e7eren geli\u015fmi\u015f ses teknolojisi, her t\u00fcr m\u00fczik t\u00fcr\u00fcn\u00fc en iyi \u015fekilde dinlemenizi sa\u011flar. Kablosuz \u015farj ve dahili NFC \u015farj \u00f6zellikleri, cihaz\u0131n\u0131z\u0131 ve ak\u0131ll\u0131 telefonunuzu kablo karma\u015fas\u0131 olmadan kolayca \u015farj etmenize olanak tan\u0131r. Uzun pil \u00f6mr\u00fc ile 10 saate kadar kesintisiz m\u00fczik keyfi sunar ve d\u00fc\u015f\u00fck g\u00fc\u00e7 t\u00fcketimiyle enerji tasarruflu bir kullan\u0131m sa\u011flar.<\/p>\n","protected":false},"excerpt":{"rendered":"<p>Bu hoparl\u00f6r, en yeni Bluetooth 5.0 teknolojisi ile donat\u0131lm\u0131\u015ft\u0131r ve 10 metreye kadar kesintisiz kablosuz ba\u011flant\u0131 sa\u011flar. Telefonunuz, tabletiniz veya di\u011fer uyumlu cihazlarla kolayca e\u015fle\u015fir, kristal netli\u011finde stereo ses ve g\u00fc\u00e7l\u00fc baslarla zengin bir dinleme deneyimi sunar. Derin baslar ve net tizler i\u00e7eren geli\u015fmi\u015f ses teknolojisi, her t\u00fcr m\u00fczik t\u00fcr\u00fcn\u00fc en iyi \u015fekilde dinlemenizi sa\u011flar&#8230;.<\/p>\n","protected":false},"featured_media":113390,"comment_status":"open","ping_status":"closed","template":"","meta":{"_kad_post_transparent":"","_kad_post_title":"","_kad_post_layout":"","_kad_post_sidebar_id":"","_kad_post_content_style":"","_kad_post_vertical_padding":"","_kad_post_feature":"","_kad_post_feature_position":"","_kad_post_header":false,"_kad_post_footer":false,"_kad_post_classname":""},"product_brand":[],"product_cat":[14975],"product_tag":[],"class_list":{"0":"post-113391","1":"product","2":"type-product","3":"status-publish","4":"has-post-thumbnail","6":"product_cat-sarj-aletleri-sarj-aletleri","8":"first","9":"instock","10":"purchasable","11":"product-type-simple","12":"entry","13":"content-bg","14":"loop-entry"},"_links":{"self":[{"href":"https:\/\/www.hediyepazar.com\/index.php?rest_route=\/wp\/v2\/product\/113391","targetHints":{"allow":["GET"]}}],"collection":[{"href":"https:\/\/www.hediyepazar.com\/index.php?rest_route=\/wp\/v2\/product"}],"about":[{"href":"https:\/\/www.hediyepazar.com\/index.php?rest_route=\/wp\/v2\/types\/product"}],"replies":[{"embeddable":true,"href":"https:\/\/www.hediyepazar.com\/index.php?rest_route=%2Fwp%2Fv2%2Fcomments&post=113391"}],"wp:featuredmedia":[{"embeddable":true,"href":"https:\/\/www.hediyepazar.com\/index.php?rest_route=\/wp\/v2\/media\/113390"}],"wp:attachment":[{"href":"https:\/\/www.hediyepazar.com\/index.php?rest_route=%2Fwp%2Fv2%2Fmedia&parent=113391"}],"wp:term":[{"taxonomy":"product_brand","embeddable":true,"href":"https:\/\/www.hediyepazar.com\/index.php?rest_route=%2Fwp%2Fv2%2Fproduct_brand&post=113391"},{"taxonomy":"product_cat","embeddable":true,"href":"https:\/\/www.hediyepazar.com\/index.php?rest_route=%2Fwp%2Fv2%2Fproduct_cat&post=113391"},{"taxonomy":"product_tag","embeddable":true,"href":"https:\/\/www.hediyepazar.com\/index.php?rest_route=%2Fwp%2Fv2%2Fproduct_tag&post=113391"}],"curies":[{"name":"wp","href":"https:\/\/api.w.org\/{rel}","templated":true}]}}