{"id":113397,"date":"2026-05-05T11:34:10","date_gmt":"2026-05-05T14:34:10","guid":{"rendered":"https:\/\/www.hediyepazar.com\/?product=buharli-hava-nemlendirici-aromaterapi-renk-degistirilebilir-2"},"modified":"2026-05-05T11:34:10","modified_gmt":"2026-05-05T14:34:10","slug":"buharli-hava-nemlendirici-aromaterapi-renk-degistirilebilir-2","status":"publish","type":"product","link":"https:\/\/www.hediyepazar.com\/?product=buharli-hava-nemlendirici-aromaterapi-renk-degistirilebilir-2","title":{"rendered":"Buharl\u0131 Hava Nemlendirici Aromaterapi Renk De\u011fi\u015ftirilebilir"},"content":{"rendered":"<p>Bu nemlendirici, enerji verimli bir kullan\u0131m i\u00e7in tasarlanm\u0131\u015ft\u0131r ve DC5V \/ 1A nominal giri\u015f ile \u00e7al\u0131\u015f\u0131r. 250-350mA aras\u0131nda de\u011fi\u015fen \u00e7al\u0131\u015fma ak\u0131m\u0131, d\u00fc\u015f\u00fck enerji t\u00fcketimi sunarken g\u00fc\u00e7l\u00fc bir performans sa\u011flar. 30-45 mL\/saat p\u00fcsk\u00fcrtme kapasitesi sayesinde ortam\u0131n havas\u0131n\u0131 h\u0131zla nemlendirir. Planlanan kapanma s\u00fcreleri 4 ila 6 saat aras\u0131nda de\u011fi\u015fti\u011finden, cihaz uzun s\u00fcre kesintisiz \u00e7al\u0131\u015fabilir. Kompakt boyutlar\u0131 (119 x 78 x 78 mm) ile ta\u015f\u0131nabilirlik sa\u011flarken beyaz, pembe ve lacivert renk se\u00e7enekleri her zevke hitap eder. \u015e\u0131k ve modern tasar\u0131m\u0131yla bu nemlendirici, ya\u015fam alanlar\u0131n\u0131za hem estetik bir dokunu\u015f hem de etkili bir \u00e7\u00f6z\u00fcm sunar.<\/p>\n","protected":false},"excerpt":{"rendered":"<p>Bu nemlendirici, enerji verimli bir kullan\u0131m i\u00e7in tasarlanm\u0131\u015ft\u0131r ve DC5V \/ 1A nominal giri\u015f ile \u00e7al\u0131\u015f\u0131r. 250-350mA aras\u0131nda de\u011fi\u015fen \u00e7al\u0131\u015fma ak\u0131m\u0131, d\u00fc\u015f\u00fck enerji t\u00fcketimi sunarken g\u00fc\u00e7l\u00fc bir performans sa\u011flar. 30-45 mL\/saat p\u00fcsk\u00fcrtme kapasitesi sayesinde ortam\u0131n havas\u0131n\u0131 h\u0131zla nemlendirir. Planlanan kapanma s\u00fcreleri 4 ila 6 saat aras\u0131nda de\u011fi\u015fti\u011finden, cihaz uzun s\u00fcre kesintisiz \u00e7al\u0131\u015fabilir. Kompakt boyutlar\u0131 (119&#8230;<\/p>\n","protected":false},"featured_media":113396,"comment_status":"open","ping_status":"closed","template":"","meta":{"_kad_post_transparent":"","_kad_post_title":"","_kad_post_layout":"","_kad_post_sidebar_id":"","_kad_post_content_style":"","_kad_post_vertical_padding":"","_kad_post_feature":"","_kad_post_feature_position":"","_kad_post_header":false,"_kad_post_footer":false,"_kad_post_classname":""},"product_brand":[],"product_cat":[14965],"product_tag":[],"class_list":{"0":"post-113397","1":"product","2":"type-product","3":"status-publish","4":"has-post-thumbnail","6":"product_cat-hava-nemlendirici-hava-nemlendirici","8":"first","9":"instock","10":"purchasable","11":"product-type-simple","12":"entry","13":"content-bg","14":"loop-entry"},"_links":{"self":[{"href":"https:\/\/www.hediyepazar.com\/index.php?rest_route=\/wp\/v2\/product\/113397","targetHints":{"allow":["GET"]}}],"collection":[{"href":"https:\/\/www.hediyepazar.com\/index.php?rest_route=\/wp\/v2\/product"}],"about":[{"href":"https:\/\/www.hediyepazar.com\/index.php?rest_route=\/wp\/v2\/types\/product"}],"replies":[{"embeddable":true,"href":"https:\/\/www.hediyepazar.com\/index.php?rest_route=%2Fwp%2Fv2%2Fcomments&post=113397"}],"wp:featuredmedia":[{"embeddable":true,"href":"https:\/\/www.hediyepazar.com\/index.php?rest_route=\/wp\/v2\/media\/113396"}],"wp:attachment":[{"href":"https:\/\/www.hediyepazar.com\/index.php?rest_route=%2Fwp%2Fv2%2Fmedia&parent=113397"}],"wp:term":[{"taxonomy":"product_brand","embeddable":true,"href":"https:\/\/www.hediyepazar.com\/index.php?rest_route=%2Fwp%2Fv2%2Fproduct_brand&post=113397"},{"taxonomy":"product_cat","embeddable":true,"href":"https:\/\/www.hediyepazar.com\/index.php?rest_route=%2Fwp%2Fv2%2Fproduct_cat&post=113397"},{"taxonomy":"product_tag","embeddable":true,"href":"https:\/\/www.hediyepazar.com\/index.php?rest_route=%2Fwp%2Fv2%2Fproduct_tag&post=113397"}],"curies":[{"name":"wp","href":"https:\/\/api.w.org\/{rel}","templated":true}]}}