{"id":113401,"date":"2026-05-05T11:34:22","date_gmt":"2026-05-05T14:34:22","guid":{"rendered":"https:\/\/www.hediyepazar.com\/?product=kablosuz-bluetooth-hoparlor-uzun-pil-omru-tasinabilir-2"},"modified":"2026-05-05T11:34:22","modified_gmt":"2026-05-05T14:34:22","slug":"kablosuz-bluetooth-hoparlor-uzun-pil-omru-tasinabilir-2","status":"publish","type":"product","link":"https:\/\/www.hediyepazar.com\/?product=kablosuz-bluetooth-hoparlor-uzun-pil-omru-tasinabilir-2","title":{"rendered":"Kablosuz Bluetooth Hoparl\u00f6r Uzun Pil \u00d6mr\u00fc Ta\u015f\u0131nabilir"},"content":{"rendered":"<p>Ta\u015f\u0131nabilirlik ve \u015e\u0131k Tasar\u0131mFlip6 Max, kompakt ve hafif yap\u0131s\u0131 sayesinde her yere kolayca ta\u015f\u0131nabilir. G\u00fcnl\u00fck ya\u015fam\u0131n\u0131zda yan\u0131n\u0131zda ta\u015f\u0131yabilece\u011finiz kadar k\u00fc\u00e7\u00fck, g\u00fc\u00e7l\u00fc performans\u0131yla da sizi \u015fa\u015f\u0131rtacak kadar etkileyicidir. Cihaz\u0131n modern ve minimal tasar\u0131m\u0131, g\u00f6z al\u0131c\u0131 k\u0131rm\u0131z\u0131 rengiyle birle\u015ferek estetik bir g\u00f6r\u00fcn\u00fcm sunar. Bu hoparl\u00f6r, yaln\u0131zca bir m\u00fczik cihaz\u0131 de\u011fil, ayn\u0131 zamanda ki\u015fisel tarz\u0131n\u0131z\u0131 yans\u0131tan bir aksesuar olarak da i\u015flev g\u00f6r\u00fcr. Kullan\u0131m kolayl\u0131\u011f\u0131 ve ta\u015f\u0131nabilirli\u011fiyle hem evde hem de d\u0131\u015far\u0131da m\u00fczik keyfini doru\u011fa \u00e7\u0131kar\u0131r.Her Ortamda Y\u00fcksek Ses KalitesiFlip6 Max, yaln\u0131zca dayan\u0131kl\u0131l\u0131\u011f\u0131 ve ta\u015f\u0131nabilirli\u011fiyle de\u011fil, ayn\u0131 zamanda sundu\u011fu \u00fcst\u00fcn ses kalitesiyle de dikkat \u00e7eker. Hoparl\u00f6r, her ortamda net ve g\u00fc\u00e7l\u00fc bir ses performans\u0131 sunarak m\u00fczi\u011finizin her bir detay\u0131n\u0131 hissetmenizi sa\u011flar. Geli\u015fmi\u015f ses teknolojisi, d\u00fc\u015f\u00fck frekanslardan y\u00fcksek tonlara kadar dengeli bir ses deneyimi yarat\u0131r. \u0130\u00e7 mekanlarda detayl\u0131 bir akustik sunarken, d\u0131\u015f mekanlarda g\u00fc\u00e7l\u00fc ve net ses \u00e7\u0131k\u0131\u015f\u0131yla \u00e7evrenizi etkiler. Ses seviyesi ne kadar y\u00fckseltilirse y\u00fckseltilsin, kalite kayb\u0131 ya\u015fanmadan en iyi performans\u0131 sa\u011flar.<\/p>\n","protected":false},"excerpt":{"rendered":"<p>Ta\u015f\u0131nabilirlik ve \u015e\u0131k Tasar\u0131mFlip6 Max, kompakt ve hafif yap\u0131s\u0131 sayesinde her yere kolayca ta\u015f\u0131nabilir. G\u00fcnl\u00fck ya\u015fam\u0131n\u0131zda yan\u0131n\u0131zda ta\u015f\u0131yabilece\u011finiz kadar k\u00fc\u00e7\u00fck, g\u00fc\u00e7l\u00fc performans\u0131yla da sizi \u015fa\u015f\u0131rtacak kadar etkileyicidir. Cihaz\u0131n modern ve minimal tasar\u0131m\u0131, g\u00f6z al\u0131c\u0131 k\u0131rm\u0131z\u0131 rengiyle birle\u015ferek estetik bir g\u00f6r\u00fcn\u00fcm sunar. Bu hoparl\u00f6r, yaln\u0131zca bir m\u00fczik cihaz\u0131 de\u011fil, ayn\u0131 zamanda ki\u015fisel tarz\u0131n\u0131z\u0131 yans\u0131tan bir aksesuar&#8230;<\/p>\n","protected":false},"featured_media":113400,"comment_status":"open","ping_status":"closed","template":"","meta":{"_kad_post_transparent":"","_kad_post_title":"","_kad_post_layout":"","_kad_post_sidebar_id":"","_kad_post_content_style":"","_kad_post_vertical_padding":"","_kad_post_feature":"","_kad_post_feature_position":"","_kad_post_header":false,"_kad_post_footer":false,"_kad_post_classname":""},"product_brand":[],"product_cat":[14911],"product_tag":[],"class_list":{"0":"post-113401","1":"product","2":"type-product","3":"status-publish","4":"has-post-thumbnail","6":"product_cat-kablosuz-hoparlor-kablosuz-hoparlor","8":"first","9":"instock","10":"purchasable","11":"product-type-simple","12":"entry","13":"content-bg","14":"loop-entry"},"_links":{"self":[{"href":"https:\/\/www.hediyepazar.com\/index.php?rest_route=\/wp\/v2\/product\/113401","targetHints":{"allow":["GET"]}}],"collection":[{"href":"https:\/\/www.hediyepazar.com\/index.php?rest_route=\/wp\/v2\/product"}],"about":[{"href":"https:\/\/www.hediyepazar.com\/index.php?rest_route=\/wp\/v2\/types\/product"}],"replies":[{"embeddable":true,"href":"https:\/\/www.hediyepazar.com\/index.php?rest_route=%2Fwp%2Fv2%2Fcomments&post=113401"}],"wp:featuredmedia":[{"embeddable":true,"href":"https:\/\/www.hediyepazar.com\/index.php?rest_route=\/wp\/v2\/media\/113400"}],"wp:attachment":[{"href":"https:\/\/www.hediyepazar.com\/index.php?rest_route=%2Fwp%2Fv2%2Fmedia&parent=113401"}],"wp:term":[{"taxonomy":"product_brand","embeddable":true,"href":"https:\/\/www.hediyepazar.com\/index.php?rest_route=%2Fwp%2Fv2%2Fproduct_brand&post=113401"},{"taxonomy":"product_cat","embeddable":true,"href":"https:\/\/www.hediyepazar.com\/index.php?rest_route=%2Fwp%2Fv2%2Fproduct_cat&post=113401"},{"taxonomy":"product_tag","embeddable":true,"href":"https:\/\/www.hediyepazar.com\/index.php?rest_route=%2Fwp%2Fv2%2Fproduct_tag&post=113401"}],"curies":[{"name":"wp","href":"https:\/\/api.w.org\/{rel}","templated":true}]}}