{"id":113409,"date":"2026-05-05T11:34:51","date_gmt":"2026-05-05T14:34:51","guid":{"rendered":"https:\/\/www.hediyepazar.com\/?product=hava-nemlendirici-aromaterapi-hava-temizleyici-renk-degistirebilen-2"},"modified":"2026-05-05T11:34:51","modified_gmt":"2026-05-05T14:34:51","slug":"hava-nemlendirici-aromaterapi-hava-temizleyici-renk-degistirebilen-2","status":"publish","type":"product","link":"https:\/\/www.hediyepazar.com\/?product=hava-nemlendirici-aromaterapi-hava-temizleyici-renk-degistirebilen-2","title":{"rendered":"Hava Nemlendirici Aromaterapi Hava Temizleyici Renk De\u011fi\u015ftirebilen"},"content":{"rendered":"<p>Estetik ve ta\u015f\u0131nabilir tasar\u0131m\u0131yla Hava Nemlendirici, \u015f\u0131kl\u0131\u011f\u0131 ve i\u015flevselli\u011fi bir arada sunar. 7 farkl\u0131 renk se\u00e7ene\u011fiyle bulundu\u011fu ortama zarif bir dokunu\u015f katar ve dekoratif bir unsur olarak da \u00f6ne \u00e7\u0131kar. Kompakt boyutlar\u0131 (14&#215;8 cm) sayesinde kolayca ta\u015f\u0131nabilir ve USB ba\u011flant\u0131s\u0131 ile her yerde kullan\u0131labilir. 220 ml su kapasitesine sahip olan bu nemlendirici, yakla\u015f\u0131k 4 saat boyunca kesintisiz olarak ince bir sis yayar. Bu \u00f6zelli\u011fi, uzun s\u00fcreli kullan\u0131mlar i\u00e7in m\u00fckemmel bir \u00e7\u00f6z\u00fcm sunar. Ayr\u0131ca, d\u00fc\u015f\u00fck g\u00fc\u00e7 t\u00fcketimi (1.5-2W) ile hem enerji tasarrufu sa\u011flar hem de \u00e7evre dostudur.<\/p>\n","protected":false},"excerpt":{"rendered":"<p>Estetik ve ta\u015f\u0131nabilir tasar\u0131m\u0131yla Hava Nemlendirici, \u015f\u0131kl\u0131\u011f\u0131 ve i\u015flevselli\u011fi bir arada sunar. 7 farkl\u0131 renk se\u00e7ene\u011fiyle bulundu\u011fu ortama zarif bir dokunu\u015f katar ve dekoratif bir unsur olarak da \u00f6ne \u00e7\u0131kar. Kompakt boyutlar\u0131 (14&#215;8 cm) sayesinde kolayca ta\u015f\u0131nabilir ve USB ba\u011flant\u0131s\u0131 ile her yerde kullan\u0131labilir. 220 ml su kapasitesine sahip olan bu nemlendirici, yakla\u015f\u0131k 4 saat&#8230;<\/p>\n","protected":false},"featured_media":113408,"comment_status":"open","ping_status":"closed","template":"","meta":{"_kad_post_transparent":"","_kad_post_title":"","_kad_post_layout":"","_kad_post_sidebar_id":"","_kad_post_content_style":"","_kad_post_vertical_padding":"","_kad_post_feature":"","_kad_post_feature_position":"","_kad_post_header":false,"_kad_post_footer":false,"_kad_post_classname":""},"product_brand":[],"product_cat":[14965],"product_tag":[],"class_list":{"0":"post-113409","1":"product","2":"type-product","3":"status-publish","4":"has-post-thumbnail","6":"product_cat-hava-nemlendirici-hava-nemlendirici","8":"first","9":"instock","10":"purchasable","11":"product-type-simple","12":"entry","13":"content-bg","14":"loop-entry"},"_links":{"self":[{"href":"https:\/\/www.hediyepazar.com\/index.php?rest_route=\/wp\/v2\/product\/113409","targetHints":{"allow":["GET"]}}],"collection":[{"href":"https:\/\/www.hediyepazar.com\/index.php?rest_route=\/wp\/v2\/product"}],"about":[{"href":"https:\/\/www.hediyepazar.com\/index.php?rest_route=\/wp\/v2\/types\/product"}],"replies":[{"embeddable":true,"href":"https:\/\/www.hediyepazar.com\/index.php?rest_route=%2Fwp%2Fv2%2Fcomments&post=113409"}],"wp:featuredmedia":[{"embeddable":true,"href":"https:\/\/www.hediyepazar.com\/index.php?rest_route=\/wp\/v2\/media\/113408"}],"wp:attachment":[{"href":"https:\/\/www.hediyepazar.com\/index.php?rest_route=%2Fwp%2Fv2%2Fmedia&parent=113409"}],"wp:term":[{"taxonomy":"product_brand","embeddable":true,"href":"https:\/\/www.hediyepazar.com\/index.php?rest_route=%2Fwp%2Fv2%2Fproduct_brand&post=113409"},{"taxonomy":"product_cat","embeddable":true,"href":"https:\/\/www.hediyepazar.com\/index.php?rest_route=%2Fwp%2Fv2%2Fproduct_cat&post=113409"},{"taxonomy":"product_tag","embeddable":true,"href":"https:\/\/www.hediyepazar.com\/index.php?rest_route=%2Fwp%2Fv2%2Fproduct_tag&post=113409"}],"curies":[{"name":"wp","href":"https:\/\/api.w.org\/{rel}","templated":true}]}}