{"id":113429,"date":"2026-05-05T11:36:28","date_gmt":"2026-05-05T14:36:28","guid":{"rendered":"https:\/\/www.hediyepazar.com\/?product=kablosuz-bluetooth-kulaklik-dokunmatik-kontrol-uzun-pil-omru"},"modified":"2026-05-05T11:36:28","modified_gmt":"2026-05-05T14:36:28","slug":"kablosuz-bluetooth-kulaklik-dokunmatik-kontrol-uzun-pil-omru","status":"publish","type":"product","link":"https:\/\/www.hediyepazar.com\/?product=kablosuz-bluetooth-kulaklik-dokunmatik-kontrol-uzun-pil-omru","title":{"rendered":"Kablosuz Bluetooth Kulakl\u0131k Dokunmatik Kontrol Uzun Pil \u00d6mr\u00fc"},"content":{"rendered":"<p>Bluetooth kulakl\u0131k, 5.1 Stereo surround ses deste\u011fiyle, oyun s\u0131ras\u0131nda size m\u00fckemmel bir ses deneyimi sunar. \u00d6zellikle aksiyon dolu oyunlarda, \u00e7evresel sesleri net bir \u015fekilde duyabilir, her ad\u0131m\u0131n ve patlaman\u0131n etraf\u0131n\u0131zdaki t\u00fcm detaylar\u0131n\u0131 hissedebilirsiniz. Kulak i\u00e7i tasar\u0131m\u0131, d\u0131\u015f g\u00fcr\u00fclt\u00fcy\u00fc engelleyerek, oyuncular\u0131n odaklanmas\u0131n\u0131 sa\u011flar ve oyun atmosferine tamamen dalmalar\u0131na yard\u0131mc\u0131 olur. Silikonlu u\u00e7lar\u0131 sayesinde, uzun s\u00fcreli oyun seanslar\u0131nda bile rahatl\u0131kla kullanabilece\u011finiz kulakl\u0131k, ergonomik yap\u0131s\u0131 ile konforu garanti eder. M19 kulakl\u0131k, LED g\u00f6sterge ile \u015farj seviyesini anl\u0131k olarak takip etmenize imkan tan\u0131rken, g\u00fc\u00e7l\u00fc Bluetooth 5.0 ba\u011flant\u0131s\u0131 ile kesintisiz bir oyun deneyimi ya\u015faman\u0131z\u0131 sa\u011flar. Bu kulakl\u0131k, oyun d\u00fcnyas\u0131na ger\u00e7ek bir derinlik katar ve sesle ilgili beklentilerinizi en \u00fcst d\u00fczeye \u00e7\u0131kar\u0131r.<\/p>\n","protected":false},"excerpt":{"rendered":"<p>Bluetooth kulakl\u0131k, 5.1 Stereo surround ses deste\u011fiyle, oyun s\u0131ras\u0131nda size m\u00fckemmel bir ses deneyimi sunar. \u00d6zellikle aksiyon dolu oyunlarda, \u00e7evresel sesleri net bir \u015fekilde duyabilir, her ad\u0131m\u0131n ve patlaman\u0131n etraf\u0131n\u0131zdaki t\u00fcm detaylar\u0131n\u0131 hissedebilirsiniz. Kulak i\u00e7i tasar\u0131m\u0131, d\u0131\u015f g\u00fcr\u00fclt\u00fcy\u00fc engelleyerek, oyuncular\u0131n odaklanmas\u0131n\u0131 sa\u011flar ve oyun atmosferine tamamen dalmalar\u0131na yard\u0131mc\u0131 olur. Silikonlu u\u00e7lar\u0131 sayesinde, uzun s\u00fcreli oyun&#8230;<\/p>\n","protected":false},"featured_media":113428,"comment_status":"open","ping_status":"closed","template":"","meta":{"_kad_post_transparent":"","_kad_post_title":"","_kad_post_layout":"","_kad_post_sidebar_id":"","_kad_post_content_style":"","_kad_post_vertical_padding":"","_kad_post_feature":"","_kad_post_feature_position":"","_kad_post_header":false,"_kad_post_footer":false,"_kad_post_classname":""},"product_brand":[],"product_cat":[14957],"product_tag":[],"class_list":{"0":"post-113429","1":"product","2":"type-product","3":"status-publish","4":"has-post-thumbnail","6":"product_cat-kablosuz-kulaklik-kablosuz-kulaklik","8":"first","9":"instock","10":"purchasable","11":"product-type-simple","12":"entry","13":"content-bg","14":"loop-entry"},"_links":{"self":[{"href":"https:\/\/www.hediyepazar.com\/index.php?rest_route=\/wp\/v2\/product\/113429","targetHints":{"allow":["GET"]}}],"collection":[{"href":"https:\/\/www.hediyepazar.com\/index.php?rest_route=\/wp\/v2\/product"}],"about":[{"href":"https:\/\/www.hediyepazar.com\/index.php?rest_route=\/wp\/v2\/types\/product"}],"replies":[{"embeddable":true,"href":"https:\/\/www.hediyepazar.com\/index.php?rest_route=%2Fwp%2Fv2%2Fcomments&post=113429"}],"wp:featuredmedia":[{"embeddable":true,"href":"https:\/\/www.hediyepazar.com\/index.php?rest_route=\/wp\/v2\/media\/113428"}],"wp:attachment":[{"href":"https:\/\/www.hediyepazar.com\/index.php?rest_route=%2Fwp%2Fv2%2Fmedia&parent=113429"}],"wp:term":[{"taxonomy":"product_brand","embeddable":true,"href":"https:\/\/www.hediyepazar.com\/index.php?rest_route=%2Fwp%2Fv2%2Fproduct_brand&post=113429"},{"taxonomy":"product_cat","embeddable":true,"href":"https:\/\/www.hediyepazar.com\/index.php?rest_route=%2Fwp%2Fv2%2Fproduct_cat&post=113429"},{"taxonomy":"product_tag","embeddable":true,"href":"https:\/\/www.hediyepazar.com\/index.php?rest_route=%2Fwp%2Fv2%2Fproduct_tag&post=113429"}],"curies":[{"name":"wp","href":"https:\/\/api.w.org\/{rel}","templated":true}]}}