{"id":113431,"date":"2026-05-05T11:36:34","date_gmt":"2026-05-05T14:36:34","guid":{"rendered":"https:\/\/www.hediyepazar.com\/?product=bluetooth-kulaklik-dijital-gostergeli-kablosuz-uzun-pil-omru-2"},"modified":"2026-05-05T11:36:34","modified_gmt":"2026-05-05T14:36:34","slug":"bluetooth-kulaklik-dijital-gostergeli-kablosuz-uzun-pil-omru-2","status":"publish","type":"product","link":"https:\/\/www.hediyepazar.com\/?product=bluetooth-kulaklik-dijital-gostergeli-kablosuz-uzun-pil-omru-2","title":{"rendered":"Bluetooth Kulakl\u0131k Dijital G\u00f6stergeli Kablosuz Uzun Pil \u00d6mr\u00fc"},"content":{"rendered":"<p>Bluetooth kulakl\u0131k, sadece oyun i\u00e7in de\u011fil, ayn\u0131 zamanda pratik kullan\u0131m\u0131 ile de dikkat \u00e7eker. Powerbank \u00f6zelli\u011fi sayesinde, kulakl\u0131k ayn\u0131 zamanda di\u011fer cihazlar\u0131n\u0131z i\u00e7in bir \u015farj kayna\u011f\u0131na d\u00f6n\u00fc\u015febilir. Bu \u00f6zellik, uzun yolculuklar veya d\u0131\u015f mekan etkinlikleri s\u0131ras\u0131nda kulakl\u0131k d\u0131\u015f\u0131nda di\u011fer elektronik cihazlar\u0131n\u0131z\u0131n \u015farj edilmesine imkan tan\u0131r. Kulakl\u0131k, uzun s\u00fcreli oyun seanslar\u0131nda dahi kesintisiz kullan\u0131m imkan\u0131 sa\u011flar. Bu, oyuncular\u0131n pil bitme korkusu ya\u015famadan, oyunlar\u0131n\u0131 tam anlam\u0131yla deneyimlemelerini m\u00fcmk\u00fcn k\u0131lar. M19 kulakl\u0131k, ayn\u0131 zamanda ergonomik tasar\u0131m\u0131 ile uzun s\u00fcreli kullan\u0131mlarda rahatl\u0131k sunar, b\u00f6ylece oyun konforunuzu zirveye \u00e7\u0131kar\u0131r.<\/p>\n","protected":false},"excerpt":{"rendered":"<p>Bluetooth kulakl\u0131k, sadece oyun i\u00e7in de\u011fil, ayn\u0131 zamanda pratik kullan\u0131m\u0131 ile de dikkat \u00e7eker. Powerbank \u00f6zelli\u011fi sayesinde, kulakl\u0131k ayn\u0131 zamanda di\u011fer cihazlar\u0131n\u0131z i\u00e7in bir \u015farj kayna\u011f\u0131na d\u00f6n\u00fc\u015febilir. Bu \u00f6zellik, uzun yolculuklar veya d\u0131\u015f mekan etkinlikleri s\u0131ras\u0131nda kulakl\u0131k d\u0131\u015f\u0131nda di\u011fer elektronik cihazlar\u0131n\u0131z\u0131n \u015farj edilmesine imkan tan\u0131r. Kulakl\u0131k, uzun s\u00fcreli oyun seanslar\u0131nda dahi kesintisiz kullan\u0131m imkan\u0131 sa\u011flar&#8230;.<\/p>\n","protected":false},"featured_media":113430,"comment_status":"open","ping_status":"closed","template":"","meta":{"_kad_post_transparent":"","_kad_post_title":"","_kad_post_layout":"","_kad_post_sidebar_id":"","_kad_post_content_style":"","_kad_post_vertical_padding":"","_kad_post_feature":"","_kad_post_feature_position":"","_kad_post_header":false,"_kad_post_footer":false,"_kad_post_classname":""},"product_brand":[],"product_cat":[14957],"product_tag":[],"class_list":{"0":"post-113431","1":"product","2":"type-product","3":"status-publish","4":"has-post-thumbnail","6":"product_cat-kablosuz-kulaklik-kablosuz-kulaklik","8":"first","9":"instock","10":"purchasable","11":"product-type-simple","12":"entry","13":"content-bg","14":"loop-entry"},"_links":{"self":[{"href":"https:\/\/www.hediyepazar.com\/index.php?rest_route=\/wp\/v2\/product\/113431","targetHints":{"allow":["GET"]}}],"collection":[{"href":"https:\/\/www.hediyepazar.com\/index.php?rest_route=\/wp\/v2\/product"}],"about":[{"href":"https:\/\/www.hediyepazar.com\/index.php?rest_route=\/wp\/v2\/types\/product"}],"replies":[{"embeddable":true,"href":"https:\/\/www.hediyepazar.com\/index.php?rest_route=%2Fwp%2Fv2%2Fcomments&post=113431"}],"wp:featuredmedia":[{"embeddable":true,"href":"https:\/\/www.hediyepazar.com\/index.php?rest_route=\/wp\/v2\/media\/113430"}],"wp:attachment":[{"href":"https:\/\/www.hediyepazar.com\/index.php?rest_route=%2Fwp%2Fv2%2Fmedia&parent=113431"}],"wp:term":[{"taxonomy":"product_brand","embeddable":true,"href":"https:\/\/www.hediyepazar.com\/index.php?rest_route=%2Fwp%2Fv2%2Fproduct_brand&post=113431"},{"taxonomy":"product_cat","embeddable":true,"href":"https:\/\/www.hediyepazar.com\/index.php?rest_route=%2Fwp%2Fv2%2Fproduct_cat&post=113431"},{"taxonomy":"product_tag","embeddable":true,"href":"https:\/\/www.hediyepazar.com\/index.php?rest_route=%2Fwp%2Fv2%2Fproduct_tag&post=113431"}],"curies":[{"name":"wp","href":"https:\/\/api.w.org\/{rel}","templated":true}]}}