{"id":113433,"date":"2026-05-05T11:36:39","date_gmt":"2026-05-05T14:36:39","guid":{"rendered":"https:\/\/www.hediyepazar.com\/?product=bluetooth-kulaklik-powerbankli-dijital-gostergeli-dokunmatik-kontrol-2"},"modified":"2026-05-05T11:36:39","modified_gmt":"2026-05-05T14:36:39","slug":"bluetooth-kulaklik-powerbankli-dijital-gostergeli-dokunmatik-kontrol-2","status":"publish","type":"product","link":"https:\/\/www.hediyepazar.com\/?product=bluetooth-kulaklik-powerbankli-dijital-gostergeli-dokunmatik-kontrol-2","title":{"rendered":"Bluetooth Kulakl\u0131k Powerbankli Dijital G\u00f6stergeli Dokunmatik Kontrol"},"content":{"rendered":"<p>Bluetooth kulakl\u0131k, kablosuz oyuncu kulakl\u0131\u011f\u0131 olarak tasarlanm\u0131\u015f olup, 5.1 Stereo surround ses deste\u011fi sunarak oyun d\u00fcnyas\u0131na derinlik kat\u0131yor. Kulak i\u00e7i tasar\u0131m\u0131, d\u0131\u015far\u0131dan gelen g\u00fcr\u00fclt\u00fcleri engelleyerek oyuncular\u0131n tam anlam\u0131yla oyuna odaklanmas\u0131n\u0131 sa\u011fl\u0131yor. Mikrofonu sayesinde, tak\u0131m arkada\u015flar\u0131n\u0131zla kesintisiz ve net g\u00f6r\u00fc\u015fme sa\u011flayabilirsiniz. Bluetooth 5.0 teknolojisiyle h\u0131zl\u0131 ba\u011flant\u0131 sa\u011flayarak oyun s\u0131ras\u0131nda ses gecikmesini minimuma indirir, b\u00f6ylece oyun deneyiminiz daha ak\u0131c\u0131 hale gelir. Ayr\u0131ca, \u015f\u0131k ve \u0131\u015f\u0131kl\u0131 tasar\u0131m\u0131, karanl\u0131k ortamlarda bile g\u00f6r\u00fc\u015f\u00fcn\u00fcz\u00fc kolayla\u015ft\u0131r\u0131r ve oyunculara g\u00f6rsel bir deneyim sunar. Bu kulakl\u0131k, oyun tutkunlar\u0131 i\u00e7in m\u00fckemmel bir se\u00e7enek olup, ses kalitesinden \u00f6d\u00fcn vermeden uzun s\u00fcreli kullan\u0131m imkan\u0131 da sunar.<\/p>\n","protected":false},"excerpt":{"rendered":"<p>Bluetooth kulakl\u0131k, kablosuz oyuncu kulakl\u0131\u011f\u0131 olarak tasarlanm\u0131\u015f olup, 5.1 Stereo surround ses deste\u011fi sunarak oyun d\u00fcnyas\u0131na derinlik kat\u0131yor. Kulak i\u00e7i tasar\u0131m\u0131, d\u0131\u015far\u0131dan gelen g\u00fcr\u00fclt\u00fcleri engelleyerek oyuncular\u0131n tam anlam\u0131yla oyuna odaklanmas\u0131n\u0131 sa\u011fl\u0131yor. Mikrofonu sayesinde, tak\u0131m arkada\u015flar\u0131n\u0131zla kesintisiz ve net g\u00f6r\u00fc\u015fme sa\u011flayabilirsiniz. Bluetooth 5.0 teknolojisiyle h\u0131zl\u0131 ba\u011flant\u0131 sa\u011flayarak oyun s\u0131ras\u0131nda ses gecikmesini minimuma indirir, b\u00f6ylece oyun deneyiminiz&#8230;<\/p>\n","protected":false},"featured_media":113432,"comment_status":"open","ping_status":"closed","template":"","meta":{"_kad_post_transparent":"","_kad_post_title":"","_kad_post_layout":"","_kad_post_sidebar_id":"","_kad_post_content_style":"","_kad_post_vertical_padding":"","_kad_post_feature":"","_kad_post_feature_position":"","_kad_post_header":false,"_kad_post_footer":false,"_kad_post_classname":""},"product_brand":[],"product_cat":[14957],"product_tag":[],"class_list":{"0":"post-113433","1":"product","2":"type-product","3":"status-publish","4":"has-post-thumbnail","6":"product_cat-kablosuz-kulaklik-kablosuz-kulaklik","8":"first","9":"instock","10":"purchasable","11":"product-type-simple","12":"entry","13":"content-bg","14":"loop-entry"},"_links":{"self":[{"href":"https:\/\/www.hediyepazar.com\/index.php?rest_route=\/wp\/v2\/product\/113433","targetHints":{"allow":["GET"]}}],"collection":[{"href":"https:\/\/www.hediyepazar.com\/index.php?rest_route=\/wp\/v2\/product"}],"about":[{"href":"https:\/\/www.hediyepazar.com\/index.php?rest_route=\/wp\/v2\/types\/product"}],"replies":[{"embeddable":true,"href":"https:\/\/www.hediyepazar.com\/index.php?rest_route=%2Fwp%2Fv2%2Fcomments&post=113433"}],"wp:featuredmedia":[{"embeddable":true,"href":"https:\/\/www.hediyepazar.com\/index.php?rest_route=\/wp\/v2\/media\/113432"}],"wp:attachment":[{"href":"https:\/\/www.hediyepazar.com\/index.php?rest_route=%2Fwp%2Fv2%2Fmedia&parent=113433"}],"wp:term":[{"taxonomy":"product_brand","embeddable":true,"href":"https:\/\/www.hediyepazar.com\/index.php?rest_route=%2Fwp%2Fv2%2Fproduct_brand&post=113433"},{"taxonomy":"product_cat","embeddable":true,"href":"https:\/\/www.hediyepazar.com\/index.php?rest_route=%2Fwp%2Fv2%2Fproduct_cat&post=113433"},{"taxonomy":"product_tag","embeddable":true,"href":"https:\/\/www.hediyepazar.com\/index.php?rest_route=%2Fwp%2Fv2%2Fproduct_tag&post=113433"}],"curies":[{"name":"wp","href":"https:\/\/api.w.org\/{rel}","templated":true}]}}