{"id":113441,"date":"2026-05-05T11:37:03","date_gmt":"2026-05-05T14:37:03","guid":{"rendered":"https:\/\/www.hediyepazar.com\/?product=tv-box-android-uyumlu-4-cekirdekli-wifi-baglantili-4k-2"},"modified":"2026-05-05T11:37:03","modified_gmt":"2026-05-05T14:37:03","slug":"tv-box-android-uyumlu-4-cekirdekli-wifi-baglantili-4k-2","status":"publish","type":"product","link":"https:\/\/www.hediyepazar.com\/?product=tv-box-android-uyumlu-4-cekirdekli-wifi-baglantili-4k-2","title":{"rendered":"TV Box Android Uyumlu 4 \u00c7ekirdekli W\u0130F\u0130 Ba\u011flant\u0131l\u0131 4K"},"content":{"rendered":"<p>Mi Box S 4K UHD TV Box, standart TV\u2019nizi bir ak\u0131ll\u0131 TV\u2019ye d\u00f6n\u00fc\u015ft\u00fcrerek multimedya deneyiminizi bir \u00fcst seviyeye ta\u015f\u0131r. 8 GB dahili haf\u0131zas\u0131 ve 2 GB belle\u011fi, h\u0131zl\u0131 ve ak\u0131c\u0131 bir performans sunarken, 4K UHD \u00e7\u00f6z\u00fcn\u00fcrl\u00fc\u011f\u00fc ve 60 FPS deste\u011fi sayesinde en sevdi\u011finiz i\u00e7eriklerin keyfini \u00fcst\u00fcn kaliteyle \u00e7\u0131karabilirsiniz. 3840\u00d72160 piksel \u00e7\u00f6z\u00fcn\u00fcrl\u00fck ve Dolby Digital ses deste\u011fi, g\u00f6rsel ve i\u015fitsel anlamda \u00fcst d\u00fczey bir deneyim sa\u011flar.Google Asistan ile sesli komut deste\u011fi sunan cihaz, Chromecast ile g\u00f6r\u00fcnt\u00fc yans\u0131tma \u00f6zelli\u011fi ve Wi-Fi ba\u011flant\u0131s\u0131yla benzersiz bir kullan\u0131m kolayl\u0131\u011f\u0131 sunar. HDMI ve USB giri\u015fleri, cihaz\u0131n esnek bir \u015fekilde kullan\u0131lmas\u0131n\u0131 sa\u011flar. 4 \u00e7ekirdekli ARM Cortex-A53 i\u015flemcisi, y\u00fcksek performans gerektiren uygulamalar ve oyunlar i\u00e7in ideal bir altyap\u0131 sunar. \u015e\u0131k tasar\u0131m\u0131 ve dayan\u0131kl\u0131 yap\u0131s\u0131yla Mi Box S 4K, her televizyon i\u00e7in m\u00fckemmel bir ak\u0131ll\u0131 TV \u00e7\u00f6z\u00fcm\u00fc sa\u011flar.<\/p>\n","protected":false},"excerpt":{"rendered":"<p>Mi Box S 4K UHD TV Box, standart TV\u2019nizi bir ak\u0131ll\u0131 TV\u2019ye d\u00f6n\u00fc\u015ft\u00fcrerek multimedya deneyiminizi bir \u00fcst seviyeye ta\u015f\u0131r. 8 GB dahili haf\u0131zas\u0131 ve 2 GB belle\u011fi, h\u0131zl\u0131 ve ak\u0131c\u0131 bir performans sunarken, 4K UHD \u00e7\u00f6z\u00fcn\u00fcrl\u00fc\u011f\u00fc ve 60 FPS deste\u011fi sayesinde en sevdi\u011finiz i\u00e7eriklerin keyfini \u00fcst\u00fcn kaliteyle \u00e7\u0131karabilirsiniz. 3840\u00d72160 piksel \u00e7\u00f6z\u00fcn\u00fcrl\u00fck ve Dolby Digital ses&#8230;<\/p>\n","protected":false},"featured_media":113440,"comment_status":"open","ping_status":"closed","template":"","meta":{"_kad_post_transparent":"","_kad_post_title":"","_kad_post_layout":"","_kad_post_sidebar_id":"","_kad_post_content_style":"","_kad_post_vertical_padding":"","_kad_post_feature":"","_kad_post_feature_position":"","_kad_post_header":false,"_kad_post_footer":false,"_kad_post_classname":""},"product_brand":[],"product_cat":[15012],"product_tag":[],"class_list":{"0":"post-113441","1":"product","2":"type-product","3":"status-publish","4":"has-post-thumbnail","6":"product_cat-media-player-media-player","8":"first","9":"instock","10":"purchasable","11":"product-type-simple","12":"entry","13":"content-bg","14":"loop-entry"},"_links":{"self":[{"href":"https:\/\/www.hediyepazar.com\/index.php?rest_route=\/wp\/v2\/product\/113441","targetHints":{"allow":["GET"]}}],"collection":[{"href":"https:\/\/www.hediyepazar.com\/index.php?rest_route=\/wp\/v2\/product"}],"about":[{"href":"https:\/\/www.hediyepazar.com\/index.php?rest_route=\/wp\/v2\/types\/product"}],"replies":[{"embeddable":true,"href":"https:\/\/www.hediyepazar.com\/index.php?rest_route=%2Fwp%2Fv2%2Fcomments&post=113441"}],"wp:featuredmedia":[{"embeddable":true,"href":"https:\/\/www.hediyepazar.com\/index.php?rest_route=\/wp\/v2\/media\/113440"}],"wp:attachment":[{"href":"https:\/\/www.hediyepazar.com\/index.php?rest_route=%2Fwp%2Fv2%2Fmedia&parent=113441"}],"wp:term":[{"taxonomy":"product_brand","embeddable":true,"href":"https:\/\/www.hediyepazar.com\/index.php?rest_route=%2Fwp%2Fv2%2Fproduct_brand&post=113441"},{"taxonomy":"product_cat","embeddable":true,"href":"https:\/\/www.hediyepazar.com\/index.php?rest_route=%2Fwp%2Fv2%2Fproduct_cat&post=113441"},{"taxonomy":"product_tag","embeddable":true,"href":"https:\/\/www.hediyepazar.com\/index.php?rest_route=%2Fwp%2Fv2%2Fproduct_tag&post=113441"}],"curies":[{"name":"wp","href":"https:\/\/api.w.org\/{rel}","templated":true}]}}