{"id":113461,"date":"2026-05-05T11:38:04","date_gmt":"2026-05-05T14:38:04","guid":{"rendered":"https:\/\/www.hediyepazar.com\/?product=yeni-nesil-bluetooth-baglantili-arama-cevaplama-tema-degistirme-2"},"modified":"2026-05-05T11:38:04","modified_gmt":"2026-05-05T14:38:04","slug":"yeni-nesil-bluetooth-baglantili-arama-cevaplama-tema-degistirme-2","status":"publish","type":"product","link":"https:\/\/www.hediyepazar.com\/?product=yeni-nesil-bluetooth-baglantili-arama-cevaplama-tema-degistirme-2","title":{"rendered":"Yeni Nesil Bluetooth Ba\u011flant\u0131l\u0131 Arama Cevaplama Tema De\u011fi\u015ftirme"},"content":{"rendered":"<p>Zarif ve Fonksiyonel Ak\u0131ll\u0131 Saat \t\u015e\u0131k G\u00fcm\u00fc\u015f Kasa: Modern ve minimalist tasar\u0131m\u0131 sayesinde her ortamda zarif bir g\u00f6r\u00fcn\u00fcm sa\u011flar. \tAd\u0131msayar: G\u00fcnl\u00fck aktivitelerinizi \u00f6l\u00e7erek hareketli bir ya\u015fam i\u00e7in te\u015fvik eder. \tBildirim Titre\u015fimi: \u00c7a\u011fr\u0131lar, mesajlar ve uygulama bildirimleri i\u00e7in titre\u015fimle an\u0131nda haberdar olun. \tG\u00fc\u00e7l\u00fc Batarya: 200-300 mAh kapasitesiyle uzun s\u00fcreli kullan\u0131m sunar. \tUyku Takibi: Uyku d\u00fczeninizi analiz ederek daha sa\u011fl\u0131kl\u0131 bir ya\u015fam i\u00e7in \u00f6nerilerde bulunur. \tTelefon G\u00f6r\u00fc\u015fmesi Deste\u011fi: Ak\u0131ll\u0131 saat \u00fczerinden \u00e7a\u011fr\u0131lar\u0131 kolayca yan\u0131tlayabilirsiniz. \tKalp At\u0131\u015f H\u0131z\u0131 Sens\u00f6r\u00fc: Nabz\u0131n\u0131z\u0131 s\u00fcrekli takip ederek sa\u011fl\u0131\u011f\u0131n\u0131z\u0131 kontrol alt\u0131nda tutman\u0131z\u0131 sa\u011flar.G\u00fcnl\u00fck ya\u015fam\u0131n\u0131za kolayl\u0131k ve stil katmak i\u00e7in m\u00fckemmel bir se\u00e7im!<\/p>\n","protected":false},"excerpt":{"rendered":"<p>Zarif ve Fonksiyonel Ak\u0131ll\u0131 Saat \u015e\u0131k G\u00fcm\u00fc\u015f Kasa: Modern ve minimalist tasar\u0131m\u0131 sayesinde her ortamda zarif bir g\u00f6r\u00fcn\u00fcm sa\u011flar. Ad\u0131msayar: G\u00fcnl\u00fck aktivitelerinizi \u00f6l\u00e7erek hareketli bir ya\u015fam i\u00e7in te\u015fvik eder. Bildirim Titre\u015fimi: \u00c7a\u011fr\u0131lar, mesajlar ve uygulama bildirimleri i\u00e7in titre\u015fimle an\u0131nda haberdar olun. G\u00fc\u00e7l\u00fc Batarya: 200-300 mAh kapasitesiyle uzun s\u00fcreli kullan\u0131m sunar. Uyku Takibi: Uyku d\u00fczeninizi analiz&#8230;<\/p>\n","protected":false},"featured_media":113460,"comment_status":"open","ping_status":"closed","template":"","meta":{"_kad_post_transparent":"","_kad_post_title":"","_kad_post_layout":"","_kad_post_sidebar_id":"","_kad_post_content_style":"","_kad_post_vertical_padding":"","_kad_post_feature":"","_kad_post_feature_position":"","_kad_post_header":false,"_kad_post_footer":false,"_kad_post_classname":""},"product_brand":[],"product_cat":[14935],"product_tag":[],"class_list":{"0":"post-113461","1":"product","2":"type-product","3":"status-publish","4":"has-post-thumbnail","6":"product_cat-akilli-saatler-akilli-saatler","8":"first","9":"instock","10":"purchasable","11":"product-type-simple","12":"entry","13":"content-bg","14":"loop-entry"},"_links":{"self":[{"href":"https:\/\/www.hediyepazar.com\/index.php?rest_route=\/wp\/v2\/product\/113461","targetHints":{"allow":["GET"]}}],"collection":[{"href":"https:\/\/www.hediyepazar.com\/index.php?rest_route=\/wp\/v2\/product"}],"about":[{"href":"https:\/\/www.hediyepazar.com\/index.php?rest_route=\/wp\/v2\/types\/product"}],"replies":[{"embeddable":true,"href":"https:\/\/www.hediyepazar.com\/index.php?rest_route=%2Fwp%2Fv2%2Fcomments&post=113461"}],"wp:featuredmedia":[{"embeddable":true,"href":"https:\/\/www.hediyepazar.com\/index.php?rest_route=\/wp\/v2\/media\/113460"}],"wp:attachment":[{"href":"https:\/\/www.hediyepazar.com\/index.php?rest_route=%2Fwp%2Fv2%2Fmedia&parent=113461"}],"wp:term":[{"taxonomy":"product_brand","embeddable":true,"href":"https:\/\/www.hediyepazar.com\/index.php?rest_route=%2Fwp%2Fv2%2Fproduct_brand&post=113461"},{"taxonomy":"product_cat","embeddable":true,"href":"https:\/\/www.hediyepazar.com\/index.php?rest_route=%2Fwp%2Fv2%2Fproduct_cat&post=113461"},{"taxonomy":"product_tag","embeddable":true,"href":"https:\/\/www.hediyepazar.com\/index.php?rest_route=%2Fwp%2Fv2%2Fproduct_tag&post=113461"}],"curies":[{"name":"wp","href":"https:\/\/api.w.org\/{rel}","templated":true}]}}