{"id":113477,"date":"2026-05-05T11:38:52","date_gmt":"2026-05-05T14:38:52","guid":{"rendered":"https:\/\/www.hediyepazar.com\/?product=powerbankli-bluetooth-kulaklik-yuksek-ses-kaliteli-kablosuz-2"},"modified":"2026-05-05T11:38:52","modified_gmt":"2026-05-05T14:38:52","slug":"powerbankli-bluetooth-kulaklik-yuksek-ses-kaliteli-kablosuz-2","status":"publish","type":"product","link":"https:\/\/www.hediyepazar.com\/?product=powerbankli-bluetooth-kulaklik-yuksek-ses-kaliteli-kablosuz-2","title":{"rendered":"Powerbankli Bluetooth Kulakl\u0131k Y\u00fcksek Ses Kaliteli Kablosuz"},"content":{"rendered":"<p>Hem kablolu hem de kablosuz kullan\u0131m se\u00e7enekleriyle, bu kulakl\u0131k \u00fcst\u00fcn ses deneyimi ve uzun kullan\u0131m s\u00fcresi sunuyor. \t\u00c7ift Ba\u011flant\u0131 Se\u00e7ene\u011fi: Kablolu ba\u011flant\u0131 ile kesintisiz ve y\u00fcksek kaliteli ses aktar\u0131m\u0131, Bluetooth 5.3 teknolojisi ile h\u0131zl\u0131, stabil ve kablosuz kullan\u0131m sa\u011flar. \tDayan\u0131kl\u0131 Batarya: 4 saat m\u00fczik dinleme ve konu\u015fma s\u00fcresi, 7 g\u00fcn bekleme s\u00fcresi, 2,000 mAh yedek batarya kapasitesi ve h\u0131zl\u0131 \u015farj \u00f6zelli\u011fi ile s\u00fcrekli kullan\u0131m imkan\u0131 tan\u0131r. \tErgonomik ve \u015e\u0131k Tasar\u0131m: Dokunmatik kontroller ve s\u00fcrg\u00fcl\u00fc kapak mekanizmas\u0131, modern ve kullan\u0131c\u0131 dostu bir deneyim sunar. \tY\u00fcksek Ses Kalitesi: 100-10,000 Hz \u00e7al\u0131\u015fma frekans\u0131 ile net ve zengin bir ses performans\u0131 sa\u011flar. \tDahili Mikrofon: Oyun i\u00e7i ileti\u015fimden telefon g\u00f6r\u00fc\u015fmelerine kadar her an net ve anla\u015f\u0131l\u0131r bir ileti\u015fim imkan\u0131 tan\u0131r.3&#8217;\u00fc 1 arada \u015farj \u00fcnitesi, ithalat\u00e7\u0131 garantisi ve yenilik\u00e7i tasar\u0131m\u0131yla, bu kulakl\u0131k t\u00fcm ihtiya\u00e7lar\u0131n\u0131za eksiksiz bir \u00e7\u00f6z\u00fcm sunar!<\/p>\n","protected":false},"excerpt":{"rendered":"<p>Hem kablolu hem de kablosuz kullan\u0131m se\u00e7enekleriyle, bu kulakl\u0131k \u00fcst\u00fcn ses deneyimi ve uzun kullan\u0131m s\u00fcresi sunuyor. \u00c7ift Ba\u011flant\u0131 Se\u00e7ene\u011fi: Kablolu ba\u011flant\u0131 ile kesintisiz ve y\u00fcksek kaliteli ses aktar\u0131m\u0131, Bluetooth 5.3 teknolojisi ile h\u0131zl\u0131, stabil ve kablosuz kullan\u0131m sa\u011flar. Dayan\u0131kl\u0131 Batarya: 4 saat m\u00fczik dinleme ve konu\u015fma s\u00fcresi, 7 g\u00fcn bekleme s\u00fcresi, 2,000 mAh yedek&#8230;<\/p>\n","protected":false},"featured_media":113476,"comment_status":"open","ping_status":"closed","template":"","meta":{"_kad_post_transparent":"","_kad_post_title":"","_kad_post_layout":"","_kad_post_sidebar_id":"","_kad_post_content_style":"","_kad_post_vertical_padding":"","_kad_post_feature":"","_kad_post_feature_position":"","_kad_post_header":false,"_kad_post_footer":false,"_kad_post_classname":""},"product_brand":[],"product_cat":[14957],"product_tag":[],"class_list":{"0":"post-113477","1":"product","2":"type-product","3":"status-publish","4":"has-post-thumbnail","6":"product_cat-kablosuz-kulaklik-kablosuz-kulaklik","8":"first","9":"instock","10":"purchasable","11":"product-type-simple","12":"entry","13":"content-bg","14":"loop-entry"},"_links":{"self":[{"href":"https:\/\/www.hediyepazar.com\/index.php?rest_route=\/wp\/v2\/product\/113477","targetHints":{"allow":["GET"]}}],"collection":[{"href":"https:\/\/www.hediyepazar.com\/index.php?rest_route=\/wp\/v2\/product"}],"about":[{"href":"https:\/\/www.hediyepazar.com\/index.php?rest_route=\/wp\/v2\/types\/product"}],"replies":[{"embeddable":true,"href":"https:\/\/www.hediyepazar.com\/index.php?rest_route=%2Fwp%2Fv2%2Fcomments&post=113477"}],"wp:featuredmedia":[{"embeddable":true,"href":"https:\/\/www.hediyepazar.com\/index.php?rest_route=\/wp\/v2\/media\/113476"}],"wp:attachment":[{"href":"https:\/\/www.hediyepazar.com\/index.php?rest_route=%2Fwp%2Fv2%2Fmedia&parent=113477"}],"wp:term":[{"taxonomy":"product_brand","embeddable":true,"href":"https:\/\/www.hediyepazar.com\/index.php?rest_route=%2Fwp%2Fv2%2Fproduct_brand&post=113477"},{"taxonomy":"product_cat","embeddable":true,"href":"https:\/\/www.hediyepazar.com\/index.php?rest_route=%2Fwp%2Fv2%2Fproduct_cat&post=113477"},{"taxonomy":"product_tag","embeddable":true,"href":"https:\/\/www.hediyepazar.com\/index.php?rest_route=%2Fwp%2Fv2%2Fproduct_tag&post=113477"}],"curies":[{"name":"wp","href":"https:\/\/api.w.org\/{rel}","templated":true}]}}