{"id":113481,"date":"2026-05-05T11:39:06","date_gmt":"2026-05-05T14:39:06","guid":{"rendered":"https:\/\/www.hediyepazar.com\/?product=bluetooth-kulaklik-gurultu-onleyici-yuksek-ses-kaliteli-kablosuz-2"},"modified":"2026-05-05T11:39:06","modified_gmt":"2026-05-05T14:39:06","slug":"bluetooth-kulaklik-gurultu-onleyici-yuksek-ses-kaliteli-kablosuz-2","status":"publish","type":"product","link":"https:\/\/www.hediyepazar.com\/?product=bluetooth-kulaklik-gurultu-onleyici-yuksek-ses-kaliteli-kablosuz-2","title":{"rendered":"Bluetooth Kulakl\u0131k G\u00fcr\u00fclt\u00fc \u00d6nleyici Y\u00fcksek Ses Kaliteli Kablosuz"},"content":{"rendered":"<p>Yeni nesil kablolu ve kablosuz ba\u011flant\u0131 \u00f6zelliklerini bir araya getiren bu kulakl\u0131k, \u00fcst\u00fcn performans\u0131 ve konforlu kullan\u0131m avantaj\u0131yla dikkat \u00e7ekiyor. \tBa\u011flant\u0131 Se\u00e7enekleri: Kablolu ba\u011flant\u0131 ile kesintisiz ve y\u00fcksek kaliteli ses aktar\u0131m\u0131, Bluetooth 5.3 teknolojisi ile h\u0131zl\u0131 ve stabil bir kablosuz ba\u011flant\u0131 deneyimi sunar. \tUzun S\u00fcreli Kullan\u0131m: 4 saat m\u00fczik dinleme ve konu\u015fma s\u00fcresi, 7 g\u00fcn bekleme s\u00fcresi, 2 saat \u015farj s\u00fcresi ve 10 metre \u00e7ekim mesafesi ile kesintisiz e\u011flence sa\u011flar. \tG\u00fc\u00e7l\u00fc Batarya: 2,000 mAh yedek batarya kapasitesi ve 40 mAh kulakl\u0131k bataryas\u0131 sayesinde uzun s\u00fcreli kullan\u0131m imkan\u0131 tan\u0131r. \tPratik \u00d6zellikler: Dahili mikrofonu ile net ileti\u015fim, dokunmatik kontroller ve s\u00fcrg\u00fcl\u00fc kapak tasar\u0131m\u0131yla kolay kullan\u0131m sunar. \tSes Kalitesi: 100-10,000 Hz \u00e7al\u0131\u015fma frekans\u0131 ile y\u00fcksek kaliteli ses deneyimi ya\u015fat\u0131r.3&#8217;\u00fc 1 arada \u015farj \u00fcnitesi ve ithalat\u00e7\u0131 garantisiyle hem g\u00fcvenilir hem de \u00fcst\u00fcn performansl\u0131 bir kulakl\u0131k arayanlar i\u00e7in ideal!<\/p>\n","protected":false},"excerpt":{"rendered":"<p>Yeni nesil kablolu ve kablosuz ba\u011flant\u0131 \u00f6zelliklerini bir araya getiren bu kulakl\u0131k, \u00fcst\u00fcn performans\u0131 ve konforlu kullan\u0131m avantaj\u0131yla dikkat \u00e7ekiyor. Ba\u011flant\u0131 Se\u00e7enekleri: Kablolu ba\u011flant\u0131 ile kesintisiz ve y\u00fcksek kaliteli ses aktar\u0131m\u0131, Bluetooth 5.3 teknolojisi ile h\u0131zl\u0131 ve stabil bir kablosuz ba\u011flant\u0131 deneyimi sunar. Uzun S\u00fcreli Kullan\u0131m: 4 saat m\u00fczik dinleme ve konu\u015fma s\u00fcresi, 7 g\u00fcn&#8230;<\/p>\n","protected":false},"featured_media":113480,"comment_status":"open","ping_status":"closed","template":"","meta":{"_kad_post_transparent":"","_kad_post_title":"","_kad_post_layout":"","_kad_post_sidebar_id":"","_kad_post_content_style":"","_kad_post_vertical_padding":"","_kad_post_feature":"","_kad_post_feature_position":"","_kad_post_header":false,"_kad_post_footer":false,"_kad_post_classname":""},"product_brand":[],"product_cat":[14957],"product_tag":[],"class_list":{"0":"post-113481","1":"product","2":"type-product","3":"status-publish","4":"has-post-thumbnail","6":"product_cat-kablosuz-kulaklik-kablosuz-kulaklik","8":"first","9":"instock","10":"purchasable","11":"product-type-simple","12":"entry","13":"content-bg","14":"loop-entry"},"_links":{"self":[{"href":"https:\/\/www.hediyepazar.com\/index.php?rest_route=\/wp\/v2\/product\/113481","targetHints":{"allow":["GET"]}}],"collection":[{"href":"https:\/\/www.hediyepazar.com\/index.php?rest_route=\/wp\/v2\/product"}],"about":[{"href":"https:\/\/www.hediyepazar.com\/index.php?rest_route=\/wp\/v2\/types\/product"}],"replies":[{"embeddable":true,"href":"https:\/\/www.hediyepazar.com\/index.php?rest_route=%2Fwp%2Fv2%2Fcomments&post=113481"}],"wp:featuredmedia":[{"embeddable":true,"href":"https:\/\/www.hediyepazar.com\/index.php?rest_route=\/wp\/v2\/media\/113480"}],"wp:attachment":[{"href":"https:\/\/www.hediyepazar.com\/index.php?rest_route=%2Fwp%2Fv2%2Fmedia&parent=113481"}],"wp:term":[{"taxonomy":"product_brand","embeddable":true,"href":"https:\/\/www.hediyepazar.com\/index.php?rest_route=%2Fwp%2Fv2%2Fproduct_brand&post=113481"},{"taxonomy":"product_cat","embeddable":true,"href":"https:\/\/www.hediyepazar.com\/index.php?rest_route=%2Fwp%2Fv2%2Fproduct_cat&post=113481"},{"taxonomy":"product_tag","embeddable":true,"href":"https:\/\/www.hediyepazar.com\/index.php?rest_route=%2Fwp%2Fv2%2Fproduct_tag&post=113481"}],"curies":[{"name":"wp","href":"https:\/\/api.w.org\/{rel}","templated":true}]}}