{"id":113489,"date":"2026-05-05T11:39:32","date_gmt":"2026-05-05T14:39:32","guid":{"rendered":"https:\/\/www.hediyepazar.com\/?product=yazili-mug-kupa-karistirici-ozelligi-ve-paslanmaz-celik-2"},"modified":"2026-05-05T11:39:32","modified_gmt":"2026-05-05T14:39:32","slug":"yazili-mug-kupa-karistirici-ozelligi-ve-paslanmaz-celik-2","status":"publish","type":"product","link":"https:\/\/www.hediyepazar.com\/?product=yazili-mug-kupa-karistirici-ozelligi-ve-paslanmaz-celik-2","title":{"rendered":"Yaz\u0131l\u0131 Mug Kupa Kar\u0131\u015ft\u0131r\u0131c\u0131 \u00d6zelli\u011fi Ve Paslanmaz \u00c7elik"},"content":{"rendered":"<p>Kendi Kendini Kar\u0131\u015ft\u0131ran Mikser Kupa Termos Bardak, i\u00e7ecek haz\u0131rlamada devrim yaratan bir \u00fcr\u00fcn! Bu Self Stirring Mug, \u00e7ay, kahve, s\u0131cak \u00e7ikolata veya toz i\u00e7eceklerinizi kolayca kar\u0131\u015ft\u0131rman\u0131z i\u00e7in tasarlanm\u0131\u015ft\u0131r. \u0130\u00e7indeki g\u00fc\u00e7l\u00fc motor ve k\u00fc\u00e7\u00fck pervane sayesinde kar\u0131\u015f\u0131mlar\u0131n\u0131z\u0131 homojen bir \u015fekilde haz\u0131rlarken zamandan tasarruf etmenizi sa\u011flar. Kupan\u0131n kulpundaki d\u00fc\u011fmeye basman\u0131z, i\u00e7ece\u011finizi m\u00fckemmel bir \u015fekilde kar\u0131\u015ft\u0131rmak i\u00e7in yeterli!Paslanmaz metal malzemeden \u00fcretilmi\u015f bu termos kupa, hem dayan\u0131kl\u0131 hem de uzun \u00f6m\u00fcrl\u00fcd\u00fcr. Kapak tasar\u0131m\u0131, s\u0131cak i\u00e7eceklerinizi uzun s\u00fcre s\u0131cak tutman\u0131z\u0131 sa\u011flarken, ergonomik yap\u0131s\u0131 kullan\u0131m kolayl\u0131\u011f\u0131 sunar. Yakla\u015f\u0131k 200 ml kapasitesi ve 2 adet AAA pil ile \u00e7al\u0131\u015fan sistemi sayesinde her an her yerde rahatl\u0131kla kullanabilirsiniz. Ayr\u0131ca bula\u015f\u0131k makinesinde y\u0131kanabilir \u00f6zelli\u011fi ile temizlik derdini ortadan kald\u0131r\u0131r. \u0130\u00e7eceklerinizi haz\u0131rlaman\u0131n en pratik ve e\u011flenceli yolunu sunan bu mikser kupa, modern ya\u015fam\u0131n vazge\u00e7ilmez bir yard\u0131mc\u0131s\u0131 olacak!&nbsp;4o<\/p>\n","protected":false},"excerpt":{"rendered":"<p>Kendi Kendini Kar\u0131\u015ft\u0131ran Mikser Kupa Termos Bardak, i\u00e7ecek haz\u0131rlamada devrim yaratan bir \u00fcr\u00fcn! Bu Self Stirring Mug, \u00e7ay, kahve, s\u0131cak \u00e7ikolata veya toz i\u00e7eceklerinizi kolayca kar\u0131\u015ft\u0131rman\u0131z i\u00e7in tasarlanm\u0131\u015ft\u0131r. \u0130\u00e7indeki g\u00fc\u00e7l\u00fc motor ve k\u00fc\u00e7\u00fck pervane sayesinde kar\u0131\u015f\u0131mlar\u0131n\u0131z\u0131 homojen bir \u015fekilde haz\u0131rlarken zamandan tasarruf etmenizi sa\u011flar. Kupan\u0131n kulpundaki d\u00fc\u011fmeye basman\u0131z, i\u00e7ece\u011finizi m\u00fckemmel bir \u015fekilde kar\u0131\u015ft\u0131rmak i\u00e7in yeterli!Paslanmaz&#8230;<\/p>\n","protected":false},"featured_media":113488,"comment_status":"open","ping_status":"closed","template":"","meta":{"_kad_post_transparent":"","_kad_post_title":"","_kad_post_layout":"","_kad_post_sidebar_id":"","_kad_post_content_style":"","_kad_post_vertical_padding":"","_kad_post_feature":"","_kad_post_feature_position":"","_kad_post_header":false,"_kad_post_footer":false,"_kad_post_classname":""},"product_brand":[],"product_cat":[15014],"product_tag":[],"class_list":{"0":"post-113489","1":"product","2":"type-product","3":"status-publish","4":"has-post-thumbnail","6":"product_cat-mug-mug","8":"first","9":"instock","10":"purchasable","11":"product-type-simple","12":"entry","13":"content-bg","14":"loop-entry"},"_links":{"self":[{"href":"https:\/\/www.hediyepazar.com\/index.php?rest_route=\/wp\/v2\/product\/113489","targetHints":{"allow":["GET"]}}],"collection":[{"href":"https:\/\/www.hediyepazar.com\/index.php?rest_route=\/wp\/v2\/product"}],"about":[{"href":"https:\/\/www.hediyepazar.com\/index.php?rest_route=\/wp\/v2\/types\/product"}],"replies":[{"embeddable":true,"href":"https:\/\/www.hediyepazar.com\/index.php?rest_route=%2Fwp%2Fv2%2Fcomments&post=113489"}],"wp:featuredmedia":[{"embeddable":true,"href":"https:\/\/www.hediyepazar.com\/index.php?rest_route=\/wp\/v2\/media\/113488"}],"wp:attachment":[{"href":"https:\/\/www.hediyepazar.com\/index.php?rest_route=%2Fwp%2Fv2%2Fmedia&parent=113489"}],"wp:term":[{"taxonomy":"product_brand","embeddable":true,"href":"https:\/\/www.hediyepazar.com\/index.php?rest_route=%2Fwp%2Fv2%2Fproduct_brand&post=113489"},{"taxonomy":"product_cat","embeddable":true,"href":"https:\/\/www.hediyepazar.com\/index.php?rest_route=%2Fwp%2Fv2%2Fproduct_cat&post=113489"},{"taxonomy":"product_tag","embeddable":true,"href":"https:\/\/www.hediyepazar.com\/index.php?rest_route=%2Fwp%2Fv2%2Fproduct_tag&post=113489"}],"curies":[{"name":"wp","href":"https:\/\/api.w.org\/{rel}","templated":true}]}}