{"id":113491,"date":"2026-05-05T11:39:43","date_gmt":"2026-05-05T14:39:43","guid":{"rendered":"https:\/\/www.hediyepazar.com\/?product=mikser-kupa-yazili-mug-bardak-karistirma-ozelligi-2"},"modified":"2026-05-05T11:39:43","modified_gmt":"2026-05-05T14:39:43","slug":"mikser-kupa-yazili-mug-bardak-karistirma-ozelligi-2","status":"publish","type":"product","link":"https:\/\/www.hediyepazar.com\/?product=mikser-kupa-yazili-mug-bardak-karistirma-ozelligi-2","title":{"rendered":"Mikser Kupa Yaz\u0131l\u0131 Mug Bardak Kar\u0131\u015ft\u0131rma \u00d6zelli\u011fi"},"content":{"rendered":"<p>Self Stirring Mug \u2013 Mikser Kupa Bardak, yenilik\u00e7i \u00f6zelli\u011fiyle i\u00e7ecek haz\u0131rlaman\u0131n en e\u011flenceli ve kolay yolunu sunuyor! Bu e\u015fsiz termos kupa, i\u00e7indeki k\u00fc\u00e7\u00fck pervane ve g\u00fc\u00e7l\u00fc motoru sayesinde s\u0131cak \u00e7ikolata, cappuccino, \u00e7ay veya protein i\u00e7eceklerinizi h\u0131zl\u0131 bir \u015fekilde kar\u0131\u015ft\u0131r\u0131r. Art\u0131k ka\u015f\u0131k kullanmaya gerek yok; kupan\u0131z sizin i\u00e7in t\u00fcm i\u015fi halleder!Paslanmaz metalden \u00fcretilmi\u015f dayan\u0131kl\u0131 yap\u0131s\u0131, termos \u00f6zelli\u011fi ile birle\u015ferek i\u00e7eceklerinizi uzun s\u00fcre s\u0131cak tutar. Ergonomik tasar\u0131m\u0131 ve kapa\u011f\u0131 sayesinde ta\u015f\u0131nabilirli\u011fi kolayd\u0131r, bu da onu ofis, ev ya da seyahat kullan\u0131m\u0131 i\u00e7in ideal k\u0131lar. 200 ml s\u0131v\u0131 kapasitesine sahip olan bu \u00fcr\u00fcn, 2 adet AAA pil ile \u00e7al\u0131\u015f\u0131r ve \u015fa\u015f\u0131rt\u0131c\u0131 derecede etkili bir kar\u0131\u015ft\u0131rma h\u0131z\u0131 sunar. Ayr\u0131ca, bula\u015f\u0131k makinesinde y\u0131kanabilir olmas\u0131 temizlik a\u00e7\u0131s\u0131ndan ekstra bir avantaj sa\u011flar. Kendini kar\u0131\u015ft\u0131ran kupa, i\u00e7ecek haz\u0131rlaman\u0131n modern ve keyifli bir yolu!<\/p>\n","protected":false},"excerpt":{"rendered":"<p>Self Stirring Mug \u2013 Mikser Kupa Bardak, yenilik\u00e7i \u00f6zelli\u011fiyle i\u00e7ecek haz\u0131rlaman\u0131n en e\u011flenceli ve kolay yolunu sunuyor! Bu e\u015fsiz termos kupa, i\u00e7indeki k\u00fc\u00e7\u00fck pervane ve g\u00fc\u00e7l\u00fc motoru sayesinde s\u0131cak \u00e7ikolata, cappuccino, \u00e7ay veya protein i\u00e7eceklerinizi h\u0131zl\u0131 bir \u015fekilde kar\u0131\u015ft\u0131r\u0131r. Art\u0131k ka\u015f\u0131k kullanmaya gerek yok; kupan\u0131z sizin i\u00e7in t\u00fcm i\u015fi halleder!Paslanmaz metalden \u00fcretilmi\u015f dayan\u0131kl\u0131 yap\u0131s\u0131, termos&#8230;<\/p>\n","protected":false},"featured_media":113490,"comment_status":"open","ping_status":"closed","template":"","meta":{"_kad_post_transparent":"","_kad_post_title":"","_kad_post_layout":"","_kad_post_sidebar_id":"","_kad_post_content_style":"","_kad_post_vertical_padding":"","_kad_post_feature":"","_kad_post_feature_position":"","_kad_post_header":false,"_kad_post_footer":false,"_kad_post_classname":""},"product_brand":[],"product_cat":[15014],"product_tag":[],"class_list":{"0":"post-113491","1":"product","2":"type-product","3":"status-publish","4":"has-post-thumbnail","6":"product_cat-mug-mug","8":"first","9":"instock","10":"purchasable","11":"product-type-simple","12":"entry","13":"content-bg","14":"loop-entry"},"_links":{"self":[{"href":"https:\/\/www.hediyepazar.com\/index.php?rest_route=\/wp\/v2\/product\/113491","targetHints":{"allow":["GET"]}}],"collection":[{"href":"https:\/\/www.hediyepazar.com\/index.php?rest_route=\/wp\/v2\/product"}],"about":[{"href":"https:\/\/www.hediyepazar.com\/index.php?rest_route=\/wp\/v2\/types\/product"}],"replies":[{"embeddable":true,"href":"https:\/\/www.hediyepazar.com\/index.php?rest_route=%2Fwp%2Fv2%2Fcomments&post=113491"}],"wp:featuredmedia":[{"embeddable":true,"href":"https:\/\/www.hediyepazar.com\/index.php?rest_route=\/wp\/v2\/media\/113490"}],"wp:attachment":[{"href":"https:\/\/www.hediyepazar.com\/index.php?rest_route=%2Fwp%2Fv2%2Fmedia&parent=113491"}],"wp:term":[{"taxonomy":"product_brand","embeddable":true,"href":"https:\/\/www.hediyepazar.com\/index.php?rest_route=%2Fwp%2Fv2%2Fproduct_brand&post=113491"},{"taxonomy":"product_cat","embeddable":true,"href":"https:\/\/www.hediyepazar.com\/index.php?rest_route=%2Fwp%2Fv2%2Fproduct_cat&post=113491"},{"taxonomy":"product_tag","embeddable":true,"href":"https:\/\/www.hediyepazar.com\/index.php?rest_route=%2Fwp%2Fv2%2Fproduct_tag&post=113491"}],"curies":[{"name":"wp","href":"https:\/\/api.w.org\/{rel}","templated":true}]}}