{"id":113507,"date":"2026-05-05T11:40:32","date_gmt":"2026-05-05T14:40:32","guid":{"rendered":"https:\/\/www.hediyepazar.com\/?product=kablosuz-6-5-inc-tws-bluetooth-hoparlor-2"},"modified":"2026-05-05T11:40:32","modified_gmt":"2026-05-05T14:40:32","slug":"kablosuz-6-5-inc-tws-bluetooth-hoparlor-2","status":"publish","type":"product","link":"https:\/\/www.hediyepazar.com\/?product=kablosuz-6-5-inc-tws-bluetooth-hoparlor-2","title":{"rendered":"Kablosuz 6.5 \u0130n\u00e7 TWS Bluetooth Hoparl\u00f6r"},"content":{"rendered":"<p>1283 6.5 \u0130n\u00e7 Bluetooth Hoparl\u00f6r, g\u00fc\u00e7l\u00fc ses \u00e7\u0131k\u0131\u015f\u0131 ve \u00e7ok y\u00f6nl\u00fc \u00f6zellikleriyle kullan\u0131c\u0131lar\u0131n favorisi haline geliyor. 15W \u00e7\u0131k\u0131\u015f g\u00fcc\u00fcyle her ortamda y\u00fcksek kaliteli ses deneyimi sunar. 1200mAh kapasitesindeki \u015farj edilebilir pil, uzun s\u00fcreli kullan\u0131m i\u00e7in idealdir ve ta\u015f\u0131nabilir yap\u0131s\u0131 ile yan\u0131n\u0131zda kolayca ta\u015f\u0131yabilirsiniz. FM radyo, USB, TF kart ve mikrofon deste\u011fi gibi bir\u00e7ok ba\u011flant\u0131 se\u00e7ene\u011fi sunan hoparl\u00f6r, \u00e7e\u015fitli ihtiya\u00e7lar i\u00e7in \u00e7ok y\u00f6nl\u00fc bir \u00e7\u00f6z\u00fcm sa\u011flar. Kablosuz mikrofon ve USB kablo gibi aksesuarlarla birlikte gelen bu hoparl\u00f6r, ev e\u011flenceleri, karaoke etkinlikleri ve a\u00e7\u0131k hava partileri i\u00e7in m\u00fckemmeldir. Dayan\u0131kl\u0131 plastik kasa, \u015f\u0131k tasar\u0131m ve kolay kullan\u0131m \u00f6zellikleriyle g\u00fcnl\u00fck hayatta i\u015flevselli\u011fi art\u0131r\u0131r.<\/p>\n","protected":false},"excerpt":{"rendered":"<p>1283 6.5 \u0130n\u00e7 Bluetooth Hoparl\u00f6r, g\u00fc\u00e7l\u00fc ses \u00e7\u0131k\u0131\u015f\u0131 ve \u00e7ok y\u00f6nl\u00fc \u00f6zellikleriyle kullan\u0131c\u0131lar\u0131n favorisi haline geliyor. 15W \u00e7\u0131k\u0131\u015f g\u00fcc\u00fcyle her ortamda y\u00fcksek kaliteli ses deneyimi sunar. 1200mAh kapasitesindeki \u015farj edilebilir pil, uzun s\u00fcreli kullan\u0131m i\u00e7in idealdir ve ta\u015f\u0131nabilir yap\u0131s\u0131 ile yan\u0131n\u0131zda kolayca ta\u015f\u0131yabilirsiniz. FM radyo, USB, TF kart ve mikrofon deste\u011fi gibi bir\u00e7ok ba\u011flant\u0131 se\u00e7ene\u011fi&#8230;<\/p>\n","protected":false},"featured_media":113506,"comment_status":"open","ping_status":"closed","template":"","meta":{"_kad_post_transparent":"","_kad_post_title":"","_kad_post_layout":"","_kad_post_sidebar_id":"","_kad_post_content_style":"","_kad_post_vertical_padding":"","_kad_post_feature":"","_kad_post_feature_position":"","_kad_post_header":false,"_kad_post_footer":false,"_kad_post_classname":""},"product_brand":[],"product_cat":[14911],"product_tag":[],"class_list":{"0":"post-113507","1":"product","2":"type-product","3":"status-publish","4":"has-post-thumbnail","6":"product_cat-kablosuz-hoparlor-kablosuz-hoparlor","8":"first","9":"instock","10":"purchasable","11":"product-type-simple","12":"entry","13":"content-bg","14":"loop-entry"},"_links":{"self":[{"href":"https:\/\/www.hediyepazar.com\/index.php?rest_route=\/wp\/v2\/product\/113507","targetHints":{"allow":["GET"]}}],"collection":[{"href":"https:\/\/www.hediyepazar.com\/index.php?rest_route=\/wp\/v2\/product"}],"about":[{"href":"https:\/\/www.hediyepazar.com\/index.php?rest_route=\/wp\/v2\/types\/product"}],"replies":[{"embeddable":true,"href":"https:\/\/www.hediyepazar.com\/index.php?rest_route=%2Fwp%2Fv2%2Fcomments&post=113507"}],"wp:featuredmedia":[{"embeddable":true,"href":"https:\/\/www.hediyepazar.com\/index.php?rest_route=\/wp\/v2\/media\/113506"}],"wp:attachment":[{"href":"https:\/\/www.hediyepazar.com\/index.php?rest_route=%2Fwp%2Fv2%2Fmedia&parent=113507"}],"wp:term":[{"taxonomy":"product_brand","embeddable":true,"href":"https:\/\/www.hediyepazar.com\/index.php?rest_route=%2Fwp%2Fv2%2Fproduct_brand&post=113507"},{"taxonomy":"product_cat","embeddable":true,"href":"https:\/\/www.hediyepazar.com\/index.php?rest_route=%2Fwp%2Fv2%2Fproduct_cat&post=113507"},{"taxonomy":"product_tag","embeddable":true,"href":"https:\/\/www.hediyepazar.com\/index.php?rest_route=%2Fwp%2Fv2%2Fproduct_tag&post=113507"}],"curies":[{"name":"wp","href":"https:\/\/api.w.org\/{rel}","templated":true}]}}