{"id":113511,"date":"2026-05-05T11:40:44","date_gmt":"2026-05-05T14:40:44","guid":{"rendered":"https:\/\/www.hediyepazar.com\/?product=guclu-ve-sarj-edilebilir-bluetooth-hoparlor-6-5-inc-2"},"modified":"2026-05-05T11:40:44","modified_gmt":"2026-05-05T14:40:44","slug":"guclu-ve-sarj-edilebilir-bluetooth-hoparlor-6-5-inc-2","status":"publish","type":"product","link":"https:\/\/www.hediyepazar.com\/?product=guclu-ve-sarj-edilebilir-bluetooth-hoparlor-6-5-inc-2","title":{"rendered":"G\u00fc\u00e7l\u00fc ve \u015earj Edilebilir Bluetooth Hoparl\u00f6r 6.5 \u0130n\u00e7"},"content":{"rendered":"<p>1283 Kablosuz Bluetooth Hoparl\u00f6r, 6.5 in\u00e7lik g\u00fc\u00e7l\u00fc woofer boyutuyla etkileyici bir ses performans\u0131 sunar. 15W \u00e7\u0131k\u0131\u015f g\u00fcc\u00fc sayesinde derin bas ve net tiz sesler \u00fcreterek m\u00fczik dinleme deneyiminizi bir \u00fcst seviyeye ta\u015f\u0131r. Ta\u015f\u0131nabilir yap\u0131s\u0131, \u015farj edilebilir 1200mAh lityum pil ile birle\u015ferek, evde, d\u0131\u015far\u0131da veya yolculukta rahat\u00e7a kullan\u0131m sa\u011flar. Hoparl\u00f6r, USB, TF kart, FM radyo ve mikrofon deste\u011fi gibi \u00e7oklu ba\u011flant\u0131 se\u00e7enekleri sunarak \u00e7ok y\u00f6nl\u00fc bir kullan\u0131m sa\u011flar. \u00dcr\u00fcn, kablosuz mikrofon ve USB kablosu gibi aksesuarlarla birlikte gelir, b\u00f6ylece karaoke veya ta\u015f\u0131nabilir m\u00fczik \u00e7alar olarak kullan\u0131labilir. Dayan\u0131kl\u0131 plastik kasas\u0131 ve ergonomik tasar\u0131m\u0131yla uzun \u00f6m\u00fcrl\u00fc ve rahat bir kullan\u0131m imkan\u0131 sunar.&nbsp;<\/p>\n","protected":false},"excerpt":{"rendered":"<p>1283 Kablosuz Bluetooth Hoparl\u00f6r, 6.5 in\u00e7lik g\u00fc\u00e7l\u00fc woofer boyutuyla etkileyici bir ses performans\u0131 sunar. 15W \u00e7\u0131k\u0131\u015f g\u00fcc\u00fc sayesinde derin bas ve net tiz sesler \u00fcreterek m\u00fczik dinleme deneyiminizi bir \u00fcst seviyeye ta\u015f\u0131r. Ta\u015f\u0131nabilir yap\u0131s\u0131, \u015farj edilebilir 1200mAh lityum pil ile birle\u015ferek, evde, d\u0131\u015far\u0131da veya yolculukta rahat\u00e7a kullan\u0131m sa\u011flar. Hoparl\u00f6r, USB, TF kart, FM radyo ve&#8230;<\/p>\n","protected":false},"featured_media":113510,"comment_status":"open","ping_status":"closed","template":"","meta":{"_kad_post_transparent":"","_kad_post_title":"","_kad_post_layout":"","_kad_post_sidebar_id":"","_kad_post_content_style":"","_kad_post_vertical_padding":"","_kad_post_feature":"","_kad_post_feature_position":"","_kad_post_header":false,"_kad_post_footer":false,"_kad_post_classname":""},"product_brand":[],"product_cat":[14911],"product_tag":[],"class_list":{"0":"post-113511","1":"product","2":"type-product","3":"status-publish","4":"has-post-thumbnail","6":"product_cat-kablosuz-hoparlor-kablosuz-hoparlor","8":"first","9":"instock","10":"purchasable","11":"product-type-simple","12":"entry","13":"content-bg","14":"loop-entry"},"_links":{"self":[{"href":"https:\/\/www.hediyepazar.com\/index.php?rest_route=\/wp\/v2\/product\/113511","targetHints":{"allow":["GET"]}}],"collection":[{"href":"https:\/\/www.hediyepazar.com\/index.php?rest_route=\/wp\/v2\/product"}],"about":[{"href":"https:\/\/www.hediyepazar.com\/index.php?rest_route=\/wp\/v2\/types\/product"}],"replies":[{"embeddable":true,"href":"https:\/\/www.hediyepazar.com\/index.php?rest_route=%2Fwp%2Fv2%2Fcomments&post=113511"}],"wp:featuredmedia":[{"embeddable":true,"href":"https:\/\/www.hediyepazar.com\/index.php?rest_route=\/wp\/v2\/media\/113510"}],"wp:attachment":[{"href":"https:\/\/www.hediyepazar.com\/index.php?rest_route=%2Fwp%2Fv2%2Fmedia&parent=113511"}],"wp:term":[{"taxonomy":"product_brand","embeddable":true,"href":"https:\/\/www.hediyepazar.com\/index.php?rest_route=%2Fwp%2Fv2%2Fproduct_brand&post=113511"},{"taxonomy":"product_cat","embeddable":true,"href":"https:\/\/www.hediyepazar.com\/index.php?rest_route=%2Fwp%2Fv2%2Fproduct_cat&post=113511"},{"taxonomy":"product_tag","embeddable":true,"href":"https:\/\/www.hediyepazar.com\/index.php?rest_route=%2Fwp%2Fv2%2Fproduct_tag&post=113511"}],"curies":[{"name":"wp","href":"https:\/\/api.w.org\/{rel}","templated":true}]}}