{"id":113513,"date":"2026-05-05T11:40:50","date_gmt":"2026-05-05T14:40:50","guid":{"rendered":"https:\/\/www.hediyepazar.com\/?product=burun-ve-kulak-temizleme-baslikli-220-240v-tiras-makinesi-2"},"modified":"2026-05-05T11:40:50","modified_gmt":"2026-05-05T14:40:50","slug":"burun-ve-kulak-temizleme-baslikli-220-240v-tiras-makinesi-2","status":"publish","type":"product","link":"https:\/\/www.hediyepazar.com\/?product=burun-ve-kulak-temizleme-baslikli-220-240v-tiras-makinesi-2","title":{"rendered":"Burun ve Kulak Temizleme Ba\u015fl\u0131kl\u0131 220-240V T\u0131ra\u015f Makinesi"},"content":{"rendered":"<p>220-240V \u00c7ok Ama\u00e7l\u0131 \u015earjl\u0131 T\u0131ra\u015f MakinesiSa\u00e7, sakal ve v\u00fccut i\u00e7in \u00f6zel ba\u015fl\u0131k se\u00e7enekleriyle ki\u015fiselle\u015ftirilmi\u015f bak\u0131m sunan bu t\u0131ra\u015f makinesi, \u0131slak ve kuru kullan\u0131m \u00f6zelli\u011fi ile her t\u00fcrl\u00fc kullan\u0131m senaryosuna uyum sa\u011flar. 1 ila 2 saat aras\u0131nda de\u011fi\u015fen \u015farjl\u0131 kullan\u0131m s\u00fcresi sayesinde uzun s\u00fcre kesintisiz bir deneyim ya\u015fat\u0131r. Seyahatlerde kullan\u0131ma uygun voltaj uyumlulu\u011fu ve kompakt tasar\u0131m\u0131yla, ki\u015fisel bak\u0131m ihtiya\u00e7lar\u0131n\u0131z\u0131 her zaman ve her yerde kar\u015f\u0131layabilirsiniz. \u00dcr\u00fcn, g\u00fcvenilir bir kullan\u0131m i\u00e7in 1 y\u0131l ithalat\u00e7\u0131 garantisi ile sunulmakta olup, dayan\u0131kl\u0131l\u0131\u011f\u0131 ve i\u015flevselli\u011fi ile uzun vadede memnuniyet sa\u011flar.<\/p>\n","protected":false},"excerpt":{"rendered":"<p>220-240V \u00c7ok Ama\u00e7l\u0131 \u015earjl\u0131 T\u0131ra\u015f MakinesiSa\u00e7, sakal ve v\u00fccut i\u00e7in \u00f6zel ba\u015fl\u0131k se\u00e7enekleriyle ki\u015fiselle\u015ftirilmi\u015f bak\u0131m sunan bu t\u0131ra\u015f makinesi, \u0131slak ve kuru kullan\u0131m \u00f6zelli\u011fi ile her t\u00fcrl\u00fc kullan\u0131m senaryosuna uyum sa\u011flar. 1 ila 2 saat aras\u0131nda de\u011fi\u015fen \u015farjl\u0131 kullan\u0131m s\u00fcresi sayesinde uzun s\u00fcre kesintisiz bir deneyim ya\u015fat\u0131r. Seyahatlerde kullan\u0131ma uygun voltaj uyumlulu\u011fu ve kompakt tasar\u0131m\u0131yla,&#8230;<\/p>\n","protected":false},"featured_media":113512,"comment_status":"open","ping_status":"closed","template":"","meta":{"_kad_post_transparent":"","_kad_post_title":"","_kad_post_layout":"","_kad_post_sidebar_id":"","_kad_post_content_style":"","_kad_post_vertical_padding":"","_kad_post_feature":"","_kad_post_feature_position":"","_kad_post_header":false,"_kad_post_footer":false,"_kad_post_classname":""},"product_brand":[],"product_cat":[14925],"product_tag":[],"class_list":{"0":"post-113513","1":"product","2":"type-product","3":"status-publish","4":"has-post-thumbnail","6":"product_cat-tiras-makinesi-tiras-makinesi","8":"first","9":"instock","10":"purchasable","11":"product-type-simple","12":"entry","13":"content-bg","14":"loop-entry"},"_links":{"self":[{"href":"https:\/\/www.hediyepazar.com\/index.php?rest_route=\/wp\/v2\/product\/113513","targetHints":{"allow":["GET"]}}],"collection":[{"href":"https:\/\/www.hediyepazar.com\/index.php?rest_route=\/wp\/v2\/product"}],"about":[{"href":"https:\/\/www.hediyepazar.com\/index.php?rest_route=\/wp\/v2\/types\/product"}],"replies":[{"embeddable":true,"href":"https:\/\/www.hediyepazar.com\/index.php?rest_route=%2Fwp%2Fv2%2Fcomments&post=113513"}],"wp:featuredmedia":[{"embeddable":true,"href":"https:\/\/www.hediyepazar.com\/index.php?rest_route=\/wp\/v2\/media\/113512"}],"wp:attachment":[{"href":"https:\/\/www.hediyepazar.com\/index.php?rest_route=%2Fwp%2Fv2%2Fmedia&parent=113513"}],"wp:term":[{"taxonomy":"product_brand","embeddable":true,"href":"https:\/\/www.hediyepazar.com\/index.php?rest_route=%2Fwp%2Fv2%2Fproduct_brand&post=113513"},{"taxonomy":"product_cat","embeddable":true,"href":"https:\/\/www.hediyepazar.com\/index.php?rest_route=%2Fwp%2Fv2%2Fproduct_cat&post=113513"},{"taxonomy":"product_tag","embeddable":true,"href":"https:\/\/www.hediyepazar.com\/index.php?rest_route=%2Fwp%2Fv2%2Fproduct_tag&post=113513"}],"curies":[{"name":"wp","href":"https:\/\/api.w.org\/{rel}","templated":true}]}}