{"id":113525,"date":"2026-05-05T11:41:22","date_gmt":"2026-05-05T14:41:22","guid":{"rendered":"https:\/\/www.hediyepazar.com\/?product=2-nesil-kablosuz-bluetooth-kulaklik-uzun-pil-omru-2"},"modified":"2026-05-05T11:41:22","modified_gmt":"2026-05-05T14:41:22","slug":"2-nesil-kablosuz-bluetooth-kulaklik-uzun-pil-omru-2","status":"publish","type":"product","link":"https:\/\/www.hediyepazar.com\/?product=2-nesil-kablosuz-bluetooth-kulaklik-uzun-pil-omru-2","title":{"rendered":"2.Nesil Kablosuz Bluetooth Kulakl\u0131k Uzun Pil \u00d6mr\u00fc"},"content":{"rendered":"<p>Beyaz 2. Nesil Bluetooth 5.0 Kablosuz Kulakl\u0131k, m\u00fczik keyfinizi ve telefon g\u00f6r\u00fc\u015fmelerinizi daha kaliteli hale getirmek i\u00e7in tasarland\u0131. Bluetooth 5.0 ile h\u0131zl\u0131 ve g\u00fcvenilir ba\u011flant\u0131 sa\u011flar, b\u00f6ylece ba\u011flant\u0131 kopmalar\u0131 ya\u015fanmaz. HD ses s\u00fcr\u00fcc\u00fcleri ve dahili mikrofon sayesinde, net sesli aramalar yapabilir ve m\u00fcziklerinizi en kaliteli \u015fekilde dinleyebilirsiniz. Derin baslar\u0131 ve net tizleriyle, m\u00fcziklerinizin her y\u00f6n\u00fcn\u00fc hissedebilirsiniz.Ergonomik ve hafif tasar\u0131m\u0131, kulaklar\u0131n\u0131za m\u00fckemmel uyum sa\u011flar ve uzun s\u00fcreli kullan\u0131mlarda bile rahatl\u0131k sunar. 8 saatlik pil \u00f6mr\u00fc ve h\u0131zl\u0131 \u015farj \u00f6zelli\u011fi, g\u00fcnl\u00fck kullan\u0131mda uzun s\u00fcreli kesintisiz m\u00fczik dinleme imkan\u0131 sunar. IPX7 su ge\u00e7irmezlik \u00f6zelli\u011fi sayesinde, spor yaparken veya ya\u011fmurda kullan\u0131rken kulakl\u0131klar\u0131n\u0131z zarar g\u00f6rmez. 10 metreye kadar kablosuz menzil, \u00f6zg\u00fcrce hareket ederken m\u00fczik dinlemenize olanak tan\u0131r.Kullan\u0131c\u0131 dostu ak\u0131ll\u0131 dokunmatik sens\u00f6r kontrolleri sayesinde, \u015fark\u0131lar\u0131 \u00e7alabilir, duraklatabilir, ses seviyesini ayarlayabilir ve telefon g\u00f6r\u00fc\u015fmelerini kolayca y\u00f6netebilirsiniz. Siri veya Google Asistan&#8217;\u0131 etkinle\u015ftirerek sesli komutlarla y\u00f6netim yapabilirsiniz. Kulakl\u0131k, t\u00fcm Bluetooth \u00f6zellikli cihazlarla uyumlu olup, otomatik e\u015fle\u015ftirme \u00f6zelli\u011fi ile saniyeler i\u00e7inde ba\u011flan\u0131r. Kablosuz \u015farj deste\u011fi, ta\u015f\u0131nabilir ta\u015f\u0131ma \u00e7antas\u0131 ve ek aksesuarlar ile kullan\u0131m kolayl\u0131\u011f\u0131 sa\u011flar.<\/p>\n","protected":false},"excerpt":{"rendered":"<p>Beyaz 2. Nesil Bluetooth 5.0 Kablosuz Kulakl\u0131k, m\u00fczik keyfinizi ve telefon g\u00f6r\u00fc\u015fmelerinizi daha kaliteli hale getirmek i\u00e7in tasarland\u0131. Bluetooth 5.0 ile h\u0131zl\u0131 ve g\u00fcvenilir ba\u011flant\u0131 sa\u011flar, b\u00f6ylece ba\u011flant\u0131 kopmalar\u0131 ya\u015fanmaz. HD ses s\u00fcr\u00fcc\u00fcleri ve dahili mikrofon sayesinde, net sesli aramalar yapabilir ve m\u00fcziklerinizi en kaliteli \u015fekilde dinleyebilirsiniz. Derin baslar\u0131 ve net tizleriyle, m\u00fcziklerinizin her y\u00f6n\u00fcn\u00fc&#8230;<\/p>\n","protected":false},"featured_media":113524,"comment_status":"open","ping_status":"closed","template":"","meta":{"_kad_post_transparent":"","_kad_post_title":"","_kad_post_layout":"","_kad_post_sidebar_id":"","_kad_post_content_style":"","_kad_post_vertical_padding":"","_kad_post_feature":"","_kad_post_feature_position":"","_kad_post_header":false,"_kad_post_footer":false,"_kad_post_classname":""},"product_brand":[],"product_cat":[14957],"product_tag":[],"class_list":{"0":"post-113525","1":"product","2":"type-product","3":"status-publish","4":"has-post-thumbnail","6":"product_cat-kablosuz-kulaklik-kablosuz-kulaklik","8":"first","9":"instock","10":"purchasable","11":"product-type-simple","12":"entry","13":"content-bg","14":"loop-entry"},"_links":{"self":[{"href":"https:\/\/www.hediyepazar.com\/index.php?rest_route=\/wp\/v2\/product\/113525","targetHints":{"allow":["GET"]}}],"collection":[{"href":"https:\/\/www.hediyepazar.com\/index.php?rest_route=\/wp\/v2\/product"}],"about":[{"href":"https:\/\/www.hediyepazar.com\/index.php?rest_route=\/wp\/v2\/types\/product"}],"replies":[{"embeddable":true,"href":"https:\/\/www.hediyepazar.com\/index.php?rest_route=%2Fwp%2Fv2%2Fcomments&post=113525"}],"wp:featuredmedia":[{"embeddable":true,"href":"https:\/\/www.hediyepazar.com\/index.php?rest_route=\/wp\/v2\/media\/113524"}],"wp:attachment":[{"href":"https:\/\/www.hediyepazar.com\/index.php?rest_route=%2Fwp%2Fv2%2Fmedia&parent=113525"}],"wp:term":[{"taxonomy":"product_brand","embeddable":true,"href":"https:\/\/www.hediyepazar.com\/index.php?rest_route=%2Fwp%2Fv2%2Fproduct_brand&post=113525"},{"taxonomy":"product_cat","embeddable":true,"href":"https:\/\/www.hediyepazar.com\/index.php?rest_route=%2Fwp%2Fv2%2Fproduct_cat&post=113525"},{"taxonomy":"product_tag","embeddable":true,"href":"https:\/\/www.hediyepazar.com\/index.php?rest_route=%2Fwp%2Fv2%2Fproduct_tag&post=113525"}],"curies":[{"name":"wp","href":"https:\/\/api.w.org\/{rel}","templated":true}]}}