{"id":113527,"date":"2026-05-05T11:41:29","date_gmt":"2026-05-05T14:41:29","guid":{"rendered":"https:\/\/www.hediyepazar.com\/?product=2-nesil-tws-bluetooth-kulaklik-yuksek-ses-kaliteli-2"},"modified":"2026-05-05T11:41:29","modified_gmt":"2026-05-05T14:41:29","slug":"2-nesil-tws-bluetooth-kulaklik-yuksek-ses-kaliteli-2","status":"publish","type":"product","link":"https:\/\/www.hediyepazar.com\/?product=2-nesil-tws-bluetooth-kulaklik-yuksek-ses-kaliteli-2","title":{"rendered":"2.Nesil TWS Bluetooth Kulakl\u0131k Y\u00fcksek Ses Kaliteli"},"content":{"rendered":"<p>Beyaz 2. Nesil Bluetooth 5.0 Kulakl\u0131k, m\u00fczik dinleme ve telefon g\u00f6r\u00fc\u015fmelerinde e\u015fsiz bir deneyim sunar. Bluetooth 5.0 teknolojisi sayesinde h\u0131zl\u0131 ba\u011flant\u0131 ve d\u00fc\u015f\u00fck enerji t\u00fcketimi ile uzun s\u00fcreli kullan\u0131m sa\u011flar. HD ses s\u00fcr\u00fcc\u00fcleri ve dahili mikrofon, kristal netli\u011finde aramalar yapman\u0131z\u0131 ve dinledi\u011finiz m\u00fczikleri en kaliteli \u015fekilde deneyimlemenizi sa\u011flar. Derin baslar ve net tizler ile m\u00fcziklerin her detay\u0131n\u0131 hissedebilirsiniz.Ergonomik tasar\u0131m\u0131 sayesinde kulaklar\u0131n\u0131za rahat\u00e7a oturur ve saatlerce konforlu bir kullan\u0131m sunar. IPX7 su ge\u00e7irmezlik \u00f6zelli\u011fi sayesinde ter ve su s\u0131\u00e7ramalar\u0131na kar\u015f\u0131 dayan\u0131kl\u0131d\u0131r, b\u00f6ylece spor yaparken veya ya\u011fmurlu havalarda da g\u00fcvenle kullanabilirsiniz. 10 metreye kadar kablosuz menzil sunan bu kulakl\u0131k, m\u00fczik dinlerken veya arama yaparken hareket \u00f6zg\u00fcrl\u00fc\u011f\u00fc sa\u011flar. Tek bir \u015farjla 8 saatlik kullan\u0131m s\u00fcresi sunan kulakl\u0131k, h\u0131zl\u0131 \u015farj \u00f6zelli\u011fi ile sadece k\u0131sa bir s\u00fcrede tekrar kullan\u0131labilir hale gelir.Kulakl\u0131k, otomatik e\u015fle\u015ftirme \u00f6zelli\u011fi sayesinde a\u00e7\u0131ld\u0131\u011f\u0131nda cihaz\u0131n\u0131za saniyeler i\u00e7inde ba\u011flan\u0131r. Ak\u0131ll\u0131 dokunmatik sens\u00f6rlerle m\u00fczik kontrol\u00fc, arama yan\u0131tlama ve sesli komutlarla y\u00f6netim yapabilirsiniz. Hem iOS hem de Android cihazlarla uyumlu olan bu kulakl\u0131k, kablosuz \u015farj deste\u011fi ve ta\u015f\u0131ma \u00e7antas\u0131 ile son derece pratik bir kullan\u0131m sunar. Ek olarak silikon kulak u\u00e7lar\u0131, USB kablosu ve kullan\u0131m k\u0131lavuzu gibi aksesuarlar da paket i\u00e7eri\u011finde yer almaktad\u0131r.<\/p>\n","protected":false},"excerpt":{"rendered":"<p>Beyaz 2. Nesil Bluetooth 5.0 Kulakl\u0131k, m\u00fczik dinleme ve telefon g\u00f6r\u00fc\u015fmelerinde e\u015fsiz bir deneyim sunar. Bluetooth 5.0 teknolojisi sayesinde h\u0131zl\u0131 ba\u011flant\u0131 ve d\u00fc\u015f\u00fck enerji t\u00fcketimi ile uzun s\u00fcreli kullan\u0131m sa\u011flar. HD ses s\u00fcr\u00fcc\u00fcleri ve dahili mikrofon, kristal netli\u011finde aramalar yapman\u0131z\u0131 ve dinledi\u011finiz m\u00fczikleri en kaliteli \u015fekilde deneyimlemenizi sa\u011flar. Derin baslar ve net tizler ile m\u00fcziklerin&#8230;<\/p>\n","protected":false},"featured_media":113526,"comment_status":"open","ping_status":"closed","template":"","meta":{"_kad_post_transparent":"","_kad_post_title":"","_kad_post_layout":"","_kad_post_sidebar_id":"","_kad_post_content_style":"","_kad_post_vertical_padding":"","_kad_post_feature":"","_kad_post_feature_position":"","_kad_post_header":false,"_kad_post_footer":false,"_kad_post_classname":""},"product_brand":[],"product_cat":[14957],"product_tag":[],"class_list":{"0":"post-113527","1":"product","2":"type-product","3":"status-publish","4":"has-post-thumbnail","6":"product_cat-kablosuz-kulaklik-kablosuz-kulaklik","8":"first","9":"instock","10":"purchasable","11":"product-type-simple","12":"entry","13":"content-bg","14":"loop-entry"},"_links":{"self":[{"href":"https:\/\/www.hediyepazar.com\/index.php?rest_route=\/wp\/v2\/product\/113527","targetHints":{"allow":["GET"]}}],"collection":[{"href":"https:\/\/www.hediyepazar.com\/index.php?rest_route=\/wp\/v2\/product"}],"about":[{"href":"https:\/\/www.hediyepazar.com\/index.php?rest_route=\/wp\/v2\/types\/product"}],"replies":[{"embeddable":true,"href":"https:\/\/www.hediyepazar.com\/index.php?rest_route=%2Fwp%2Fv2%2Fcomments&post=113527"}],"wp:featuredmedia":[{"embeddable":true,"href":"https:\/\/www.hediyepazar.com\/index.php?rest_route=\/wp\/v2\/media\/113526"}],"wp:attachment":[{"href":"https:\/\/www.hediyepazar.com\/index.php?rest_route=%2Fwp%2Fv2%2Fmedia&parent=113527"}],"wp:term":[{"taxonomy":"product_brand","embeddable":true,"href":"https:\/\/www.hediyepazar.com\/index.php?rest_route=%2Fwp%2Fv2%2Fproduct_brand&post=113527"},{"taxonomy":"product_cat","embeddable":true,"href":"https:\/\/www.hediyepazar.com\/index.php?rest_route=%2Fwp%2Fv2%2Fproduct_cat&post=113527"},{"taxonomy":"product_tag","embeddable":true,"href":"https:\/\/www.hediyepazar.com\/index.php?rest_route=%2Fwp%2Fv2%2Fproduct_tag&post=113527"}],"curies":[{"name":"wp","href":"https:\/\/api.w.org\/{rel}","templated":true}]}}