{"id":113533,"date":"2026-05-05T11:41:48","date_gmt":"2026-05-05T14:41:48","guid":{"rendered":"https:\/\/www.hediyepazar.com\/?product=bluetooth-kablosuz-kulaklik-yuksek-ses-kalitesi-uzun-pil-omru-2"},"modified":"2026-05-05T11:41:48","modified_gmt":"2026-05-05T14:41:48","slug":"bluetooth-kablosuz-kulaklik-yuksek-ses-kalitesi-uzun-pil-omru-2","status":"publish","type":"product","link":"https:\/\/www.hediyepazar.com\/?product=bluetooth-kablosuz-kulaklik-yuksek-ses-kalitesi-uzun-pil-omru-2","title":{"rendered":"Bluetooth Kablosuz Kulakl\u0131k Y\u00fcksek Ses Kalitesi Uzun Pil \u00d6mr\u00fc"},"content":{"rendered":"<p>Bu kablosuz Bluetooth kulakl\u0131k, m\u00fczik dinlerken ve telefon g\u00f6r\u00fc\u015fmeleri yaparken en y\u00fcksek kaliteyi arayanlar i\u00e7in tasarland\u0131. G\u00fcr\u00fclt\u00fc engelleme \u00f6zelli\u011fi sayesinde, d\u0131\u015far\u0131daki rahats\u0131z edici sesleri filtreler ve sadece m\u00fczi\u011finizin ya da konu\u015fmalar\u0131n\u0131z\u0131n tad\u0131n\u0131 \u00e7\u0131karabilirsiniz. Suya dayan\u0131kl\u0131 yap\u0131s\u0131 ile ya\u011fmurlu g\u00fcnlerde ya da spor yaparken g\u00fcvenle kullanabilirsiniz. Ergonomik tasar\u0131m\u0131, kula\u011f\u0131n\u0131za m\u00fckemmel bir \u015fekilde oturur, b\u00f6ylece uzun s\u00fcreli kullan\u0131mda bile rahatl\u0131k sunar. Kulakl\u0131klar, hafif ve \u015f\u0131k yap\u0131lar\u0131yla zarif bir g\u00f6r\u00fcn\u00fcm sunar, ayn\u0131 zamanda sa\u011flaml\u0131klar\u0131 ile uzun \u00f6m\u00fcrl\u00fc kullan\u0131m sa\u011flar. Dahili mikrofon sayesinde telefon g\u00f6r\u00fc\u015fmelerinizi kulakl\u0131k \u00fczerinden kolayca yapabilir, eller serbest \u00f6zelli\u011fi ile g\u00fcvenli bir \u015fekilde g\u00f6r\u00fc\u015fme ger\u00e7ekle\u015ftirebilirsiniz. Ayr\u0131ca, \u015farj k\u0131l\u0131f\u0131 ile kulakl\u0131\u011f\u0131n\u0131z\u0131 ta\u015f\u0131mak ve \u015farj etmek son derece kolayd\u0131r. H\u0131zl\u0131 \u015farj \u00f6zelli\u011fi sayesinde, kulakl\u0131\u011f\u0131n\u0131z\u0131 k\u0131sa s\u00fcrede \u015farj edebilir, uzun s\u00fcreli m\u00fczik keyfi ya\u015fayabilirsiniz.<\/p>\n","protected":false},"excerpt":{"rendered":"<p>Bu kablosuz Bluetooth kulakl\u0131k, m\u00fczik dinlerken ve telefon g\u00f6r\u00fc\u015fmeleri yaparken en y\u00fcksek kaliteyi arayanlar i\u00e7in tasarland\u0131. G\u00fcr\u00fclt\u00fc engelleme \u00f6zelli\u011fi sayesinde, d\u0131\u015far\u0131daki rahats\u0131z edici sesleri filtreler ve sadece m\u00fczi\u011finizin ya da konu\u015fmalar\u0131n\u0131z\u0131n tad\u0131n\u0131 \u00e7\u0131karabilirsiniz. Suya dayan\u0131kl\u0131 yap\u0131s\u0131 ile ya\u011fmurlu g\u00fcnlerde ya da spor yaparken g\u00fcvenle kullanabilirsiniz. Ergonomik tasar\u0131m\u0131, kula\u011f\u0131n\u0131za m\u00fckemmel bir \u015fekilde oturur, b\u00f6ylece uzun s\u00fcreli&#8230;<\/p>\n","protected":false},"featured_media":113532,"comment_status":"open","ping_status":"closed","template":"","meta":{"_kad_post_transparent":"","_kad_post_title":"","_kad_post_layout":"","_kad_post_sidebar_id":"","_kad_post_content_style":"","_kad_post_vertical_padding":"","_kad_post_feature":"","_kad_post_feature_position":"","_kad_post_header":false,"_kad_post_footer":false,"_kad_post_classname":""},"product_brand":[],"product_cat":[14957],"product_tag":[],"class_list":{"0":"post-113533","1":"product","2":"type-product","3":"status-publish","4":"has-post-thumbnail","6":"product_cat-kablosuz-kulaklik-kablosuz-kulaklik","8":"first","9":"instock","10":"purchasable","11":"product-type-simple","12":"entry","13":"content-bg","14":"loop-entry"},"_links":{"self":[{"href":"https:\/\/www.hediyepazar.com\/index.php?rest_route=\/wp\/v2\/product\/113533","targetHints":{"allow":["GET"]}}],"collection":[{"href":"https:\/\/www.hediyepazar.com\/index.php?rest_route=\/wp\/v2\/product"}],"about":[{"href":"https:\/\/www.hediyepazar.com\/index.php?rest_route=\/wp\/v2\/types\/product"}],"replies":[{"embeddable":true,"href":"https:\/\/www.hediyepazar.com\/index.php?rest_route=%2Fwp%2Fv2%2Fcomments&post=113533"}],"wp:featuredmedia":[{"embeddable":true,"href":"https:\/\/www.hediyepazar.com\/index.php?rest_route=\/wp\/v2\/media\/113532"}],"wp:attachment":[{"href":"https:\/\/www.hediyepazar.com\/index.php?rest_route=%2Fwp%2Fv2%2Fmedia&parent=113533"}],"wp:term":[{"taxonomy":"product_brand","embeddable":true,"href":"https:\/\/www.hediyepazar.com\/index.php?rest_route=%2Fwp%2Fv2%2Fproduct_brand&post=113533"},{"taxonomy":"product_cat","embeddable":true,"href":"https:\/\/www.hediyepazar.com\/index.php?rest_route=%2Fwp%2Fv2%2Fproduct_cat&post=113533"},{"taxonomy":"product_tag","embeddable":true,"href":"https:\/\/www.hediyepazar.com\/index.php?rest_route=%2Fwp%2Fv2%2Fproduct_tag&post=113533"}],"curies":[{"name":"wp","href":"https:\/\/api.w.org\/{rel}","templated":true}]}}