{"id":113553,"date":"2026-05-05T11:42:39","date_gmt":"2026-05-05T14:42:39","guid":{"rendered":"https:\/\/www.hediyepazar.com\/?product=seramik-kaplama-isi-ayarli-yipranma-karsiti-sac-duzlestirici-2"},"modified":"2026-05-05T11:42:39","modified_gmt":"2026-05-05T14:42:39","slug":"seramik-kaplama-isi-ayarli-yipranma-karsiti-sac-duzlestirici-2","status":"publish","type":"product","link":"https:\/\/www.hediyepazar.com\/?product=seramik-kaplama-isi-ayarli-yipranma-karsiti-sac-duzlestirici-2","title":{"rendered":"Seramik Kaplama Is\u0131 Ayarl\u0131 Y\u0131pranma Kar\u015f\u0131t\u0131 Sa\u00e7 D\u00fczle\u015ftirici"},"content":{"rendered":"<p>H\u0131zl\u0131 Is\u0131nma: Sadece 25 saniyede maksimum 230\u00b0C&#8217;ye ula\u015f\u0131r, an\u0131nda \u015fekillendirme imkan\u0131 sunar.Is\u0131 Kontrol\u00fc: 5 farkl\u0131 \u0131s\u0131 seviyesi ile ki\u015fiselle\u015ftirilmi\u015f kullan\u0131m imkan\u0131 sa\u011flar.Seramik Kaplama: Sa\u00e7 tellerine e\u015fit \u0131s\u0131 yay\u0131l\u0131m\u0131 sa\u011flayarak elektriklenmeyi \u00f6nler ve parlak bir g\u00f6r\u00fcn\u00fcm kazand\u0131r\u0131r.Geni\u015f Plaka Tasar\u0131m\u0131: Geni\u015f plakalar\u0131 sayesinde daha fazla sa\u00e7 tutam\u0131n\u0131 ayn\u0131 anda d\u00fczle\u015ftirebilirsiniz.G\u00fcvenli ve Ergonomik Tasar\u0131mIs\u0131ya Dayan\u0131kl\u0131 G\u00f6vde: Is\u0131y\u0131 yaln\u0131zca plakalar\u0131nda tutar, d\u0131\u015f y\u00fczeyi g\u00fcvenli kal\u0131r.Otomatik Kapanma: 60 dakika hareketsiz kald\u0131\u011f\u0131nda g\u00fcvenli\u011finiz i\u00e7in otomatik olarak kapan\u0131r.360\u00b0 D\u00f6nebilen Kablo: Kablonun dola\u015fmas\u0131n\u0131 \u00f6nleyen tasar\u0131m\u0131yla hareket \u00f6zg\u00fcrl\u00fc\u011f\u00fc sunar.So\u011fuk U\u00e7 Teknolojisi: Cihaz\u0131n u\u00e7 k\u0131sm\u0131 so\u011fuk kalarak g\u00fcvenli bir kullan\u0131m sa\u011flar.<\/p>\n","protected":false},"excerpt":{"rendered":"<p>H\u0131zl\u0131 Is\u0131nma: Sadece 25 saniyede maksimum 230\u00b0C&#8217;ye ula\u015f\u0131r, an\u0131nda \u015fekillendirme imkan\u0131 sunar.Is\u0131 Kontrol\u00fc: 5 farkl\u0131 \u0131s\u0131 seviyesi ile ki\u015fiselle\u015ftirilmi\u015f kullan\u0131m imkan\u0131 sa\u011flar.Seramik Kaplama: Sa\u00e7 tellerine e\u015fit \u0131s\u0131 yay\u0131l\u0131m\u0131 sa\u011flayarak elektriklenmeyi \u00f6nler ve parlak bir g\u00f6r\u00fcn\u00fcm kazand\u0131r\u0131r.Geni\u015f Plaka Tasar\u0131m\u0131: Geni\u015f plakalar\u0131 sayesinde daha fazla sa\u00e7 tutam\u0131n\u0131 ayn\u0131 anda d\u00fczle\u015ftirebilirsiniz.G\u00fcvenli ve Ergonomik Tasar\u0131mIs\u0131ya Dayan\u0131kl\u0131 G\u00f6vde: Is\u0131y\u0131 yaln\u0131zca&#8230;<\/p>\n","protected":false},"featured_media":113552,"comment_status":"open","ping_status":"closed","template":"","meta":{"_kad_post_transparent":"","_kad_post_title":"","_kad_post_layout":"","_kad_post_sidebar_id":"","_kad_post_content_style":"","_kad_post_vertical_padding":"","_kad_post_feature":"","_kad_post_feature_position":"","_kad_post_header":false,"_kad_post_footer":false,"_kad_post_classname":""},"product_brand":[],"product_cat":[14907],"product_tag":[],"class_list":{"0":"post-113553","1":"product","2":"type-product","3":"status-publish","4":"has-post-thumbnail","6":"product_cat-sac-masasi-sac-masasi","8":"first","9":"instock","10":"purchasable","11":"product-type-simple","12":"entry","13":"content-bg","14":"loop-entry"},"_links":{"self":[{"href":"https:\/\/www.hediyepazar.com\/index.php?rest_route=\/wp\/v2\/product\/113553","targetHints":{"allow":["GET"]}}],"collection":[{"href":"https:\/\/www.hediyepazar.com\/index.php?rest_route=\/wp\/v2\/product"}],"about":[{"href":"https:\/\/www.hediyepazar.com\/index.php?rest_route=\/wp\/v2\/types\/product"}],"replies":[{"embeddable":true,"href":"https:\/\/www.hediyepazar.com\/index.php?rest_route=%2Fwp%2Fv2%2Fcomments&post=113553"}],"wp:featuredmedia":[{"embeddable":true,"href":"https:\/\/www.hediyepazar.com\/index.php?rest_route=\/wp\/v2\/media\/113552"}],"wp:attachment":[{"href":"https:\/\/www.hediyepazar.com\/index.php?rest_route=%2Fwp%2Fv2%2Fmedia&parent=113553"}],"wp:term":[{"taxonomy":"product_brand","embeddable":true,"href":"https:\/\/www.hediyepazar.com\/index.php?rest_route=%2Fwp%2Fv2%2Fproduct_brand&post=113553"},{"taxonomy":"product_cat","embeddable":true,"href":"https:\/\/www.hediyepazar.com\/index.php?rest_route=%2Fwp%2Fv2%2Fproduct_cat&post=113553"},{"taxonomy":"product_tag","embeddable":true,"href":"https:\/\/www.hediyepazar.com\/index.php?rest_route=%2Fwp%2Fv2%2Fproduct_tag&post=113553"}],"curies":[{"name":"wp","href":"https:\/\/api.w.org\/{rel}","templated":true}]}}