{"id":113561,"date":"2026-05-05T11:43:03","date_gmt":"2026-05-05T14:43:03","guid":{"rendered":"https:\/\/www.hediyepazar.com\/?product=kristal-dokunmatik-ve-kumandali-masa-ve-gece-lambasi-2"},"modified":"2026-05-05T11:43:03","modified_gmt":"2026-05-05T14:43:03","slug":"kristal-dokunmatik-ve-kumandali-masa-ve-gece-lambasi-2","status":"publish","type":"product","link":"https:\/\/www.hediyepazar.com\/?product=kristal-dokunmatik-ve-kumandali-masa-ve-gece-lambasi-2","title":{"rendered":"Kristal Dokunmatik Ve Kumandal\u0131 Masa Ve Gece lambas\u0131"},"content":{"rendered":"<p>Hayat\u0131n\u0131za renk katmak ve \u00f6zel bir atmosfer yaratmak i\u00e7in m\u00fckemmel bir se\u00e7im olan Kristal RGB LEDli Kumandal\u0131 Masa ve Gece Lambas\u0131, sadece bir ayd\u0131nlatma arac\u0131 de\u011fil, ayn\u0131 zamanda \u015f\u0131k bir sanat eseri gibi g\u00f6r\u00fcn\u00fcyor. Evde, ofiste veya yatak odas\u0131nda farkl\u0131 \u0131\u015f\u0131k modlar\u0131yla ortam\u0131n\u0131z\u0131 d\u00f6n\u00fc\u015ft\u00fcrmek i\u00e7in ideal olan bu lamba, estetik tasar\u0131m\u0131yla da dikkat \u00e7ekiyor.\u00d6zellikler: \tRGB LED Teknolojisi: Kumanda ile istedi\u011finiz renkleri ve parlakl\u0131k seviyelerini se\u00e7ebilirsiniz. Farkl\u0131 renk modlar\u0131 ve yava\u015f\u00e7a de\u011fi\u015fen renk ge\u00e7i\u015fleri sayesinde m\u00fckemmel bir atmosfer yaratabilirsiniz. \tKristal Tasar\u0131m: Modern ve \u015f\u0131k kristal yap\u0131s\u0131, lambay\u0131 sadece bir \u0131\u015f\u0131k kayna\u011f\u0131 de\u011fil, ayn\u0131 zamanda g\u00f6z al\u0131c\u0131 bir dekorasyon \u00f6\u011fesi haline getirir. \tEnerji Tasarrufu ve Uzun \u00d6m\u00fcrl\u00fc: Y\u00fcksek kaliteli LED \u0131\u015f\u0131klar sayesinde uzun s\u00fcre dayan\u0131kl\u0131, enerji tasarrufu sa\u011flayan ve \u00e7evre dostu bir kullan\u0131m sunar. \tGece Lambas\u0131 Fonksiyonu: Yumu\u015fak \u0131\u015f\u0131\u011f\u0131, huzurlu bir uyku ortam\u0131 sa\u011flar. Ayr\u0131ca \u00e7ocuklar\u0131n\u0131z\u0131n gece korkular\u0131n\u0131 hafifletmek i\u00e7in ideal bir se\u00e7imdir. \tKumanda ile Kolay Kontrol: Kolayca renk ve parlakl\u0131k ayarlar\u0131n\u0131 yapabilir, renkleri senkronize ederek bir \u0131\u015f\u0131k \u015fovu olu\u015fturabilirsiniz. \tM\u00fckemmel Hediye Se\u00e7ene\u011fi: Do\u011fum g\u00fcn\u00fc, y\u0131l d\u00f6n\u00fcm\u00fc, sevgililer g\u00fcn\u00fc gibi \u00f6zel g\u00fcnlerde sevdiklerinize hediye edebilece\u011finiz harika bir se\u00e7enek. \tUygulama Alanlar\u0131: Yatak odas\u0131, oturma odas\u0131, ofis, \u00e7ocuk odas\u0131 gibi her ortamda uyumlu bir \u015fekilde kullan\u0131labilir.<\/p>\n","protected":false},"excerpt":{"rendered":"<p>Hayat\u0131n\u0131za renk katmak ve \u00f6zel bir atmosfer yaratmak i\u00e7in m\u00fckemmel bir se\u00e7im olan Kristal RGB LEDli Kumandal\u0131 Masa ve Gece Lambas\u0131, sadece bir ayd\u0131nlatma arac\u0131 de\u011fil, ayn\u0131 zamanda \u015f\u0131k bir sanat eseri gibi g\u00f6r\u00fcn\u00fcyor. Evde, ofiste veya yatak odas\u0131nda farkl\u0131 \u0131\u015f\u0131k modlar\u0131yla ortam\u0131n\u0131z\u0131 d\u00f6n\u00fc\u015ft\u00fcrmek i\u00e7in ideal olan bu lamba, estetik tasar\u0131m\u0131yla da dikkat \u00e7ekiyor.\u00d6zellikler: RGB&#8230;<\/p>\n","protected":false},"featured_media":113560,"comment_status":"open","ping_status":"closed","template":"","meta":{"_kad_post_transparent":"","_kad_post_title":"","_kad_post_layout":"","_kad_post_sidebar_id":"","_kad_post_content_style":"","_kad_post_vertical_padding":"","_kad_post_feature":"","_kad_post_feature_position":"","_kad_post_header":false,"_kad_post_footer":false,"_kad_post_classname":""},"product_brand":[],"product_cat":[14967],"product_tag":[],"class_list":{"0":"post-113561","1":"product","2":"type-product","3":"status-publish","4":"has-post-thumbnail","6":"product_cat-gece-lambasi-gece-lambasi","8":"first","9":"instock","10":"purchasable","11":"product-type-simple","12":"entry","13":"content-bg","14":"loop-entry"},"_links":{"self":[{"href":"https:\/\/www.hediyepazar.com\/index.php?rest_route=\/wp\/v2\/product\/113561","targetHints":{"allow":["GET"]}}],"collection":[{"href":"https:\/\/www.hediyepazar.com\/index.php?rest_route=\/wp\/v2\/product"}],"about":[{"href":"https:\/\/www.hediyepazar.com\/index.php?rest_route=\/wp\/v2\/types\/product"}],"replies":[{"embeddable":true,"href":"https:\/\/www.hediyepazar.com\/index.php?rest_route=%2Fwp%2Fv2%2Fcomments&post=113561"}],"wp:featuredmedia":[{"embeddable":true,"href":"https:\/\/www.hediyepazar.com\/index.php?rest_route=\/wp\/v2\/media\/113560"}],"wp:attachment":[{"href":"https:\/\/www.hediyepazar.com\/index.php?rest_route=%2Fwp%2Fv2%2Fmedia&parent=113561"}],"wp:term":[{"taxonomy":"product_brand","embeddable":true,"href":"https:\/\/www.hediyepazar.com\/index.php?rest_route=%2Fwp%2Fv2%2Fproduct_brand&post=113561"},{"taxonomy":"product_cat","embeddable":true,"href":"https:\/\/www.hediyepazar.com\/index.php?rest_route=%2Fwp%2Fv2%2Fproduct_cat&post=113561"},{"taxonomy":"product_tag","embeddable":true,"href":"https:\/\/www.hediyepazar.com\/index.php?rest_route=%2Fwp%2Fv2%2Fproduct_tag&post=113561"}],"curies":[{"name":"wp","href":"https:\/\/api.w.org\/{rel}","templated":true}]}}