{"id":113569,"date":"2026-05-05T11:43:39","date_gmt":"2026-05-05T14:43:39","guid":{"rendered":"https:\/\/www.hediyepazar.com\/?product=android-ve-ios-uyumlu-bluetooth-baglantili-powerbankli-kulaklik-2"},"modified":"2026-05-05T11:43:39","modified_gmt":"2026-05-05T14:43:39","slug":"android-ve-ios-uyumlu-bluetooth-baglantili-powerbankli-kulaklik-2","status":"publish","type":"product","link":"https:\/\/www.hediyepazar.com\/?product=android-ve-ios-uyumlu-bluetooth-baglantili-powerbankli-kulaklik-2","title":{"rendered":"Android Ve \u0130OS Uyumlu Bluetooth Ba\u011flant\u0131l\u0131 Powerbankli Kulakl\u0131k"},"content":{"rendered":"<p>E\u015fsiz Ses Deneyimi ile Kesintisiz Oyun KeyfiPowerbank \u00f6zellikli E10 Bluetooth kulakl\u0131k, oyun s\u0131ras\u0131nda ses gecikmesini ortadan kald\u0131rarak m\u00fckemmel bir deneyim sa\u011flar. Oyuncular i\u00e7in \u00f6zel olarak tasarlanm\u0131\u015f olan bu kulakl\u0131k, ses aktar\u0131mlar\u0131ndaki gecikmeleri engeller, oyun i\u00e7inde anl\u0131k ileti\u015fim kurman\u0131za olanak verir. S\u00fcper 3D ses kalitesi ile m\u00fczik dinlerken ve oyun oynarken \u00e7evresel sesleri net bir \u015fekilde duyabilirsiniz.Konfor ve G\u00fcvenli Kullan\u0131mKulakl\u0131k, spor ve egzersiz s\u0131ras\u0131nda rahat\u00e7a yerinde kalacak \u015fekilde tasarlanm\u0131\u015ft\u0131r. D\u0131\u015f ortam g\u00fcr\u00fclt\u00fcs\u00fcn\u00fc engellemek i\u00e7in farkl\u0131 boyutlarda kulak t\u0131ka\u00e7lar\u0131 sunulmaktad\u0131r, b\u00f6ylece her kulak yap\u0131s\u0131na uyum sa\u011flar. Ayr\u0131ca, kulakl\u0131\u011f\u0131n ergonomik tasar\u0131m\u0131 uzun s\u00fcreli kullan\u0131mlarda bile konforlu bir deneyim sunar. Oyun s\u0131ras\u0131nda kesintisiz ses ve mikrofon ile m\u00fckemmel bir ileti\u015fim sa\u011flan\u0131r.Powerbank ile Kolay \u015earj \u0130mkan\u0131Kulakl\u0131klar\u0131n\u0131z\u0131n \u015farj\u0131 bitti\u011finde, \u015farj kutusundan kolayca \u00e7\u0131karabilir ve powerbank ile tekrar \u015farj edebilirsiniz. Powerbank sayesinde kulakl\u0131klar\u0131 defalarca \u015farj etme imkan\u0131na sahipsiniz. LED g\u00f6stergesi sayesinde \u015farj durumunu takip edebilir, ayr\u0131ca kulakl\u0131klar\u0131n LED \u0131\u015f\u0131klar\u0131 aras\u0131nda ge\u00e7i\u015f yaparak ho\u015f bir g\u00f6r\u00fcn\u00fcm elde edebilirsiniz. Su ge\u00e7irmez \u00f6zellik, uzun s\u00fcreli ve dayan\u0131kl\u0131 kullan\u0131m i\u00e7in idealdir.Uzun Pil \u00d6mr\u00fc ve H\u0131zl\u0131 Ba\u011flant\u0131Tek bir \u015farjla 4-5 saat kullan\u0131m s\u00fcresi sunan E10 kulakl\u0131klar, Bluetooth 5.1 ile h\u0131zl\u0131 bir ba\u011flant\u0131 kurar. Hem IOS hem de Android cihazlarla uyumludur. Kulakl\u0131klar\u0131 powerbank adapt\u00f6r\u00fcnden \u00e7\u0131kararak telefonunuza otomatik olarak ba\u011flanabilir ve keyifli bir deneyim ya\u015fars\u0131n\u0131z.<\/p>\n","protected":false},"excerpt":{"rendered":"<p>E\u015fsiz Ses Deneyimi ile Kesintisiz Oyun KeyfiPowerbank \u00f6zellikli E10 Bluetooth kulakl\u0131k, oyun s\u0131ras\u0131nda ses gecikmesini ortadan kald\u0131rarak m\u00fckemmel bir deneyim sa\u011flar. Oyuncular i\u00e7in \u00f6zel olarak tasarlanm\u0131\u015f olan bu kulakl\u0131k, ses aktar\u0131mlar\u0131ndaki gecikmeleri engeller, oyun i\u00e7inde anl\u0131k ileti\u015fim kurman\u0131za olanak verir. S\u00fcper 3D ses kalitesi ile m\u00fczik dinlerken ve oyun oynarken \u00e7evresel sesleri net bir \u015fekilde&#8230;<\/p>\n","protected":false},"featured_media":113568,"comment_status":"open","ping_status":"closed","template":"","meta":{"_kad_post_transparent":"","_kad_post_title":"","_kad_post_layout":"","_kad_post_sidebar_id":"","_kad_post_content_style":"","_kad_post_vertical_padding":"","_kad_post_feature":"","_kad_post_feature_position":"","_kad_post_header":false,"_kad_post_footer":false,"_kad_post_classname":""},"product_brand":[],"product_cat":[14957],"product_tag":[],"class_list":{"0":"post-113569","1":"product","2":"type-product","3":"status-publish","4":"has-post-thumbnail","6":"product_cat-kablosuz-kulaklik-kablosuz-kulaklik","8":"first","9":"instock","10":"purchasable","11":"product-type-simple","12":"entry","13":"content-bg","14":"loop-entry"},"_links":{"self":[{"href":"https:\/\/www.hediyepazar.com\/index.php?rest_route=\/wp\/v2\/product\/113569","targetHints":{"allow":["GET"]}}],"collection":[{"href":"https:\/\/www.hediyepazar.com\/index.php?rest_route=\/wp\/v2\/product"}],"about":[{"href":"https:\/\/www.hediyepazar.com\/index.php?rest_route=\/wp\/v2\/types\/product"}],"replies":[{"embeddable":true,"href":"https:\/\/www.hediyepazar.com\/index.php?rest_route=%2Fwp%2Fv2%2Fcomments&post=113569"}],"wp:featuredmedia":[{"embeddable":true,"href":"https:\/\/www.hediyepazar.com\/index.php?rest_route=\/wp\/v2\/media\/113568"}],"wp:attachment":[{"href":"https:\/\/www.hediyepazar.com\/index.php?rest_route=%2Fwp%2Fv2%2Fmedia&parent=113569"}],"wp:term":[{"taxonomy":"product_brand","embeddable":true,"href":"https:\/\/www.hediyepazar.com\/index.php?rest_route=%2Fwp%2Fv2%2Fproduct_brand&post=113569"},{"taxonomy":"product_cat","embeddable":true,"href":"https:\/\/www.hediyepazar.com\/index.php?rest_route=%2Fwp%2Fv2%2Fproduct_cat&post=113569"},{"taxonomy":"product_tag","embeddable":true,"href":"https:\/\/www.hediyepazar.com\/index.php?rest_route=%2Fwp%2Fv2%2Fproduct_tag&post=113569"}],"curies":[{"name":"wp","href":"https:\/\/api.w.org\/{rel}","templated":true}]}}