{"id":113577,"date":"2026-05-05T11:44:18","date_gmt":"2026-05-05T14:44:18","guid":{"rendered":"https:\/\/www.hediyepazar.com\/?product=rgb-isikli-yuksek-ses-kaliteli-gamer-kulaklik-bluetooth-baglantili-2"},"modified":"2026-05-05T11:44:18","modified_gmt":"2026-05-05T14:44:18","slug":"rgb-isikli-yuksek-ses-kaliteli-gamer-kulaklik-bluetooth-baglantili-2","status":"publish","type":"product","link":"https:\/\/www.hediyepazar.com\/?product=rgb-isikli-yuksek-ses-kaliteli-gamer-kulaklik-bluetooth-baglantili-2","title":{"rendered":"RGB I\u015f\u0131kl\u0131 Y\u00fcksek Ses Kaliteli Gamer Kulakl\u0131k Bluetooth Ba\u011flant\u0131l\u0131"},"content":{"rendered":"<p>Kusursuz Oyun ve M\u00fczik Deneyimi \u0130\u00e7in Tasarlanm\u0131\u015f Bluetooth Kulakl\u0131kOyun severler i\u00e7in tasarlanm\u0131\u015f bu Bluetooth kulakl\u0131k, y\u00fcksek kaliteli ses ve konforu bir arada sunar. Geli\u015fmi\u015f aktif g\u00fcr\u00fclt\u00fc \u00f6nleme (ANC) teknolojisi, d\u0131\u015f d\u00fcnyan\u0131n g\u00fcr\u00fclt\u00fcs\u00fcn\u00fc engelleyerek yaln\u0131zca oyun i\u00e7i sesleri ve m\u00fczikleri net bir \u015fekilde duyman\u0131z\u0131 sa\u011flar. Kulakl\u0131k, 4-5 saatlik pil \u00f6mr\u00fc ile uzun s\u00fcreli kullan\u0131m imkan\u0131 tan\u0131rken, ayn\u0131 zamanda \u015farj kutusu sayesinde kulakl\u0131klar\u0131 defalarca \u015farj edebilirsiniz. Bu sayede kesintisiz bir oyun deneyimi veya m\u00fczik keyfi ya\u015fayabilirsiniz. 3D ses teknolojisi, oyunlar ve m\u00fczikler i\u00e7in ola\u011fan\u00fcst\u00fc bir ses deneyimi sunar, b\u00f6ylece her sesin en ince detay\u0131na kadar duyulmas\u0131n\u0131 sa\u011flar. Oyunlar i\u00e7in ideal olan bu kulakl\u0131k, d\u00fc\u015f\u00fck gecikme oran\u0131 sayesinde m\u00fckemmel bir ses senkronizasyonu sunar.Konfor ve Dayan\u0131kl\u0131l\u0131\u011f\u0131 Bir Arada Sunan Kulakl\u0131klarSpor yaparken veya egzersiz s\u0131ras\u0131nda kulakl\u0131klar\u0131n d\u00fc\u015fmesini istemezsiniz. Bu kulakl\u0131klar, birden fazla boyut se\u00e7ene\u011fi ile kulaklar\u0131n\u0131za m\u00fckemmel \u015fekilde uyum sa\u011flar ve rahats\u0131zl\u0131k yaratmadan uzun s\u00fcreli kullan\u0131m imkan\u0131 tan\u0131r. Ayr\u0131ca IPX5 su ge\u00e7irmezlik \u00f6zelli\u011fi sayesinde, terlemeye ve ya\u011fmura kar\u015f\u0131 dayan\u0131kl\u0131d\u0131r, b\u00f6ylece d\u0131\u015f mekan aktivitelerinizde de kullanabilirsiniz. Kulakl\u0131klar, ayn\u0131 zamanda \u015f\u0131k ve modern bir tasar\u0131ma sahiptir, bu sayede her an tarz\u0131n\u0131z\u0131 yans\u0131tabilirsiniz. H\u0131zl\u0131 ba\u011flant\u0131 \u00f6zelli\u011fi ile kulakl\u0131klar\u0131n\u0131zla telefonunuz aras\u0131nda otomatik ba\u011flant\u0131 kurarak zaman kaybetmeden kullanmaya ba\u015flayabilirsiniz. Bu kulakl\u0131klar, m\u00fczik dinlerken veya oyun oynarken size rahatl\u0131k ve y\u00fcksek performans sunar.<\/p>\n","protected":false},"excerpt":{"rendered":"<p>Kusursuz Oyun ve M\u00fczik Deneyimi \u0130\u00e7in Tasarlanm\u0131\u015f Bluetooth Kulakl\u0131kOyun severler i\u00e7in tasarlanm\u0131\u015f bu Bluetooth kulakl\u0131k, y\u00fcksek kaliteli ses ve konforu bir arada sunar. Geli\u015fmi\u015f aktif g\u00fcr\u00fclt\u00fc \u00f6nleme (ANC) teknolojisi, d\u0131\u015f d\u00fcnyan\u0131n g\u00fcr\u00fclt\u00fcs\u00fcn\u00fc engelleyerek yaln\u0131zca oyun i\u00e7i sesleri ve m\u00fczikleri net bir \u015fekilde duyman\u0131z\u0131 sa\u011flar. Kulakl\u0131k, 4-5 saatlik pil \u00f6mr\u00fc ile uzun s\u00fcreli kullan\u0131m imkan\u0131 tan\u0131rken,&#8230;<\/p>\n","protected":false},"featured_media":113576,"comment_status":"open","ping_status":"closed","template":"","meta":{"_kad_post_transparent":"","_kad_post_title":"","_kad_post_layout":"","_kad_post_sidebar_id":"","_kad_post_content_style":"","_kad_post_vertical_padding":"","_kad_post_feature":"","_kad_post_feature_position":"","_kad_post_header":false,"_kad_post_footer":false,"_kad_post_classname":""},"product_brand":[],"product_cat":[14957],"product_tag":[],"class_list":{"0":"post-113577","1":"product","2":"type-product","3":"status-publish","4":"has-post-thumbnail","6":"product_cat-kablosuz-kulaklik-kablosuz-kulaklik","8":"first","9":"instock","10":"purchasable","11":"product-type-simple","12":"entry","13":"content-bg","14":"loop-entry"},"_links":{"self":[{"href":"https:\/\/www.hediyepazar.com\/index.php?rest_route=\/wp\/v2\/product\/113577","targetHints":{"allow":["GET"]}}],"collection":[{"href":"https:\/\/www.hediyepazar.com\/index.php?rest_route=\/wp\/v2\/product"}],"about":[{"href":"https:\/\/www.hediyepazar.com\/index.php?rest_route=\/wp\/v2\/types\/product"}],"replies":[{"embeddable":true,"href":"https:\/\/www.hediyepazar.com\/index.php?rest_route=%2Fwp%2Fv2%2Fcomments&post=113577"}],"wp:featuredmedia":[{"embeddable":true,"href":"https:\/\/www.hediyepazar.com\/index.php?rest_route=\/wp\/v2\/media\/113576"}],"wp:attachment":[{"href":"https:\/\/www.hediyepazar.com\/index.php?rest_route=%2Fwp%2Fv2%2Fmedia&parent=113577"}],"wp:term":[{"taxonomy":"product_brand","embeddable":true,"href":"https:\/\/www.hediyepazar.com\/index.php?rest_route=%2Fwp%2Fv2%2Fproduct_brand&post=113577"},{"taxonomy":"product_cat","embeddable":true,"href":"https:\/\/www.hediyepazar.com\/index.php?rest_route=%2Fwp%2Fv2%2Fproduct_cat&post=113577"},{"taxonomy":"product_tag","embeddable":true,"href":"https:\/\/www.hediyepazar.com\/index.php?rest_route=%2Fwp%2Fv2%2Fproduct_tag&post=113577"}],"curies":[{"name":"wp","href":"https:\/\/api.w.org\/{rel}","templated":true}]}}