{"id":113579,"date":"2026-05-05T11:44:26","date_gmt":"2026-05-05T14:44:26","guid":{"rendered":"https:\/\/www.hediyepazar.com\/?product=bluetooth-oyuncu-kulakligi-led-isikli-kablosuz-anc-ozelligi-2"},"modified":"2026-05-05T11:44:26","modified_gmt":"2026-05-05T14:44:26","slug":"bluetooth-oyuncu-kulakligi-led-isikli-kablosuz-anc-ozelligi-2","status":"publish","type":"product","link":"https:\/\/www.hediyepazar.com\/?product=bluetooth-oyuncu-kulakligi-led-isikli-kablosuz-anc-ozelligi-2","title":{"rendered":"Bluetooth Oyuncu Kulakl\u0131\u011f\u0131 Led I\u015f\u0131kl\u0131 Kablosuz ANC \u00d6zelli\u011fi"},"content":{"rendered":"<p>Geli\u015fmi\u015f \u00d6zelliklere Sahip Bluetooth Kulakl\u0131k &#8211; Kusursuz Ses ve KonforBu Bluetooth kulakl\u0131k, oyun ve m\u00fczik dinleme deneyiminizi bir \u00fcst seviyeye ta\u015f\u0131r. Dokunmatik kontrol \u00f6zelli\u011fi sayesinde, kulakl\u0131\u011f\u0131n\u0131z\u0131 kullan\u0131rken kolayca m\u00fczik \u00e7alma, duraklatma ya da \u00e7a\u011fr\u0131lar\u0131 yan\u0131tlama i\u015flemlerini ger\u00e7ekle\u015ftirebilirsiniz. \u00d6zellikle cep telefonu oyuncular\u0131 i\u00e7in tasarlanm\u0131\u015f olan bu kulakl\u0131k, oyun oynarken sesli komutlar ve ayarlar i\u00e7in b\u00fcy\u00fck kolayl\u0131k sa\u011flar. S\u00fcper 3D ses kalitesi, oyunlarda ve m\u00fczik dinlerken ger\u00e7ek\u00e7i bir ses deneyimi sunarak sizi i\u00e7ine \u00e7eker. Ta\u015f\u0131nabilir medya oynat\u0131c\u0131 ve cep telefonunuzla uyumlu olan bu kulakl\u0131k, gecikmesiz ses aktar\u0131m\u0131 ile en h\u0131zl\u0131 tepkimeleri alman\u0131z\u0131 sa\u011flar.Uzun Pil \u00d6mr\u00fc ve H\u0131zl\u0131 \u015earj \u0130mkan\u0131yla Kesintisiz Kullan\u0131mKulakl\u0131klar, tam \u015farjla 4-5 saat kullan\u0131m s\u00fcresi sunar, b\u00f6ylece uzun s\u00fcreli oyun seanslar\u0131 veya m\u00fczik dinleme keyfi kesintisiz bir \u015fekilde devam edebilir. Dahili \u015farj kutusu, 400mAh kapasitesi ile kulakl\u0131klar\u0131n\u0131z\u0131 defalarca \u015farj etme imkan\u0131 tan\u0131r, bu da uzun s\u00fcreli kullan\u0131mlar i\u00e7in b\u00fcy\u00fck bir avantajd\u0131r. Ayr\u0131ca, kulakl\u0131klar\u0131n \u015farj s\u00fcresi yaln\u0131zca 45 dakika s\u00fcrer, b\u00f6ylece h\u0131zl\u0131ca \u015farj olup tekrar kullan\u0131ma haz\u0131r hale gelirler. H\u0131zl\u0131 ba\u011flant\u0131 \u00f6zelli\u011fiyle de telefonunuzla kolayca e\u015fle\u015fir, b\u00f6ylece ba\u011flant\u0131 derdiyle u\u011fra\u015fmadan an\u0131nda kullanabilirsiniz.Aktif G\u00fcr\u00fclt\u00fc \u00d6nleme ve Konforlu Tasar\u0131m ile S\u0131n\u0131rs\u0131z Spor ve Egzersiz DeneyimiAktif g\u00fcr\u00fclt\u00fc engelleme (ANC) teknolojisi ile d\u0131\u015f ortam g\u00fcr\u00fclt\u00fcs\u00fcn\u00fc etkili bir \u015fekilde engeller, b\u00f6ylece yaln\u0131zca istedi\u011finiz sesi duyabilirsiniz. Bu kulakl\u0131klar, spor yaparken veya egzersiz yaparken d\u0131\u015far\u0131daki g\u00fcr\u00fclt\u00fcden etkilenmeden m\u00fczik dinleyebilir ya da telefon g\u00f6r\u00fc\u015fmelerinizi rahat\u00e7a yapabilirsiniz. Birden fazla boyutta kulak t\u0131kac\u0131, kulakl\u0131\u011f\u0131n\u0131z\u0131n rahat\u00e7a yerinde kalmas\u0131n\u0131 sa\u011flar ve spor s\u0131ras\u0131nda kulakl\u0131klar\u0131n d\u00fc\u015fmesini engeller. IPX5 su ge\u00e7irmezlik \u00f6zelli\u011fi sayesinde ter ve ya\u011fmura kar\u015f\u0131 dayan\u0131kl\u0131d\u0131r, b\u00f6ylece her ortamda g\u00fcvenle kullanabilirsiniz.<\/p>\n","protected":false},"excerpt":{"rendered":"<p>Geli\u015fmi\u015f \u00d6zelliklere Sahip Bluetooth Kulakl\u0131k &#8211; Kusursuz Ses ve KonforBu Bluetooth kulakl\u0131k, oyun ve m\u00fczik dinleme deneyiminizi bir \u00fcst seviyeye ta\u015f\u0131r. Dokunmatik kontrol \u00f6zelli\u011fi sayesinde, kulakl\u0131\u011f\u0131n\u0131z\u0131 kullan\u0131rken kolayca m\u00fczik \u00e7alma, duraklatma ya da \u00e7a\u011fr\u0131lar\u0131 yan\u0131tlama i\u015flemlerini ger\u00e7ekle\u015ftirebilirsiniz. \u00d6zellikle cep telefonu oyuncular\u0131 i\u00e7in tasarlanm\u0131\u015f olan bu kulakl\u0131k, oyun oynarken sesli komutlar ve ayarlar i\u00e7in b\u00fcy\u00fck kolayl\u0131k&#8230;<\/p>\n","protected":false},"featured_media":113578,"comment_status":"open","ping_status":"closed","template":"","meta":{"_kad_post_transparent":"","_kad_post_title":"","_kad_post_layout":"","_kad_post_sidebar_id":"","_kad_post_content_style":"","_kad_post_vertical_padding":"","_kad_post_feature":"","_kad_post_feature_position":"","_kad_post_header":false,"_kad_post_footer":false,"_kad_post_classname":""},"product_brand":[],"product_cat":[14957],"product_tag":[],"class_list":{"0":"post-113579","1":"product","2":"type-product","3":"status-publish","4":"has-post-thumbnail","6":"product_cat-kablosuz-kulaklik-kablosuz-kulaklik","8":"first","9":"instock","10":"purchasable","11":"product-type-simple","12":"entry","13":"content-bg","14":"loop-entry"},"_links":{"self":[{"href":"https:\/\/www.hediyepazar.com\/index.php?rest_route=\/wp\/v2\/product\/113579","targetHints":{"allow":["GET"]}}],"collection":[{"href":"https:\/\/www.hediyepazar.com\/index.php?rest_route=\/wp\/v2\/product"}],"about":[{"href":"https:\/\/www.hediyepazar.com\/index.php?rest_route=\/wp\/v2\/types\/product"}],"replies":[{"embeddable":true,"href":"https:\/\/www.hediyepazar.com\/index.php?rest_route=%2Fwp%2Fv2%2Fcomments&post=113579"}],"wp:featuredmedia":[{"embeddable":true,"href":"https:\/\/www.hediyepazar.com\/index.php?rest_route=\/wp\/v2\/media\/113578"}],"wp:attachment":[{"href":"https:\/\/www.hediyepazar.com\/index.php?rest_route=%2Fwp%2Fv2%2Fmedia&parent=113579"}],"wp:term":[{"taxonomy":"product_brand","embeddable":true,"href":"https:\/\/www.hediyepazar.com\/index.php?rest_route=%2Fwp%2Fv2%2Fproduct_brand&post=113579"},{"taxonomy":"product_cat","embeddable":true,"href":"https:\/\/www.hediyepazar.com\/index.php?rest_route=%2Fwp%2Fv2%2Fproduct_cat&post=113579"},{"taxonomy":"product_tag","embeddable":true,"href":"https:\/\/www.hediyepazar.com\/index.php?rest_route=%2Fwp%2Fv2%2Fproduct_tag&post=113579"}],"curies":[{"name":"wp","href":"https:\/\/api.w.org\/{rel}","templated":true}]}}