{"id":113583,"date":"2026-05-05T11:44:38","date_gmt":"2026-05-05T14:44:38","guid":{"rendered":"https:\/\/www.hediyepazar.com\/?product=telefon-standli-bluetooth-kulaklik-aynali-yuksek-ses-kaliteli-2"},"modified":"2026-05-05T11:44:38","modified_gmt":"2026-05-05T14:44:38","slug":"telefon-standli-bluetooth-kulaklik-aynali-yuksek-ses-kaliteli-2","status":"publish","type":"product","link":"https:\/\/www.hediyepazar.com\/?product=telefon-standli-bluetooth-kulaklik-aynali-yuksek-ses-kaliteli-2","title":{"rendered":"Telefon Standl\u0131 Bluetooth Kulakl\u0131k Aynal\u0131 Y\u00fcksek Ses Kaliteli"},"content":{"rendered":"<p>Y\u00fcksek Performansl\u0131 Bluetooth Kulakl\u0131k &#8211; Kesintisiz M\u00fczik ve Konu\u015fma DeneyimiBluetooth 5.0 teknolojisiyle donat\u0131lm\u0131\u015f bu kulakl\u0131klar, m\u00fczik dinlerken veya telefon g\u00f6r\u00fc\u015fmelerinde size kesintisiz bir deneyim sunar. \u00c7ift dijital g\u00f6sterge sayesinde kulakl\u0131klar\u0131n\u0131z\u0131n pil seviyesini kolayca takip edebilirsiniz. 5-6 g\u00fcn boyunca \u015farj edilmeden kullan\u0131m sa\u011flayan uzun pil \u00f6mr\u00fc, sizi s\u00fcrekli \u015farj etme zahmetinden kurtar\u0131r. Ayr\u0131ca, \u015farj kutusu 2000mAh kapasitesiyle kulakl\u0131klar\u0131n\u0131z\u0131 birden fazla kez h\u0131zl\u0131ca \u015farj eder.Geli\u015fmi\u015f Ses ve G\u00fcr\u00fclt\u00fc \u00d6nleme Teknolojisi ile Net \u0130leti\u015fimKulakl\u0131klar, g\u00fc\u00e7l\u00fc bass \u00f6zelli\u011fiyle zengin bir ses deneyimi sunarken, aktif g\u00fcr\u00fclt\u00fc \u00f6nleyici teknoloji sayesinde d\u0131\u015f d\u00fcnyadan gelen g\u00fcr\u00fclt\u00fcy\u00fc etkili bir \u015fekilde engeller. Bu \u00f6zellik, telefon g\u00f6r\u00fc\u015fmelerinizde kar\u015f\u0131 tarafa daha net bir ses iletmenizi sa\u011flar, \u00f6zellikle g\u00fcr\u00fclt\u00fcl\u00fc ortamlarda ses kalitesinden \u00f6d\u00fcn vermez. Sesli komut \u00f6zellikleriyle m\u00fczik \u00e7alma\/durma ve \u00e7a\u011fr\u0131 cevaplama gibi i\u015flemleri kolayca kontrol edebilirsiniz.Suya Dayan\u0131kl\u0131 ve Ergonomik Tasar\u0131m ile Konforlu Kullan\u0131mIPX5 suya dayan\u0131kl\u0131l\u0131k \u00f6zelli\u011fi ile terlemeye ve ya\u011fmura kar\u015f\u0131 korumal\u0131d\u0131r, bu sayede spor yaparken veya d\u0131\u015f mekanlarda kullan\u0131m i\u00e7in idealdir. Hafif ve ergonomik yap\u0131s\u0131, uzun s\u00fcreli kullan\u0131mlarda bile rahatl\u0131k sunar. \u015e\u0131k siyah tasar\u0131m\u0131, her ortamda \u015f\u0131kl\u0131\u011f\u0131n\u0131z\u0131 yans\u0131t\u0131r. Bu kulakl\u0131klar, m\u00fczik dinlerken veya konu\u015furken konforlu bir deneyim sa\u011flamak i\u00e7in m\u00fckemmel bir se\u00e7imdir.<\/p>\n","protected":false},"excerpt":{"rendered":"<p>Y\u00fcksek Performansl\u0131 Bluetooth Kulakl\u0131k &#8211; Kesintisiz M\u00fczik ve Konu\u015fma DeneyimiBluetooth 5.0 teknolojisiyle donat\u0131lm\u0131\u015f bu kulakl\u0131klar, m\u00fczik dinlerken veya telefon g\u00f6r\u00fc\u015fmelerinde size kesintisiz bir deneyim sunar. \u00c7ift dijital g\u00f6sterge sayesinde kulakl\u0131klar\u0131n\u0131z\u0131n pil seviyesini kolayca takip edebilirsiniz. 5-6 g\u00fcn boyunca \u015farj edilmeden kullan\u0131m sa\u011flayan uzun pil \u00f6mr\u00fc, sizi s\u00fcrekli \u015farj etme zahmetinden kurtar\u0131r. Ayr\u0131ca, \u015farj kutusu 2000mAh&#8230;<\/p>\n","protected":false},"featured_media":113582,"comment_status":"open","ping_status":"closed","template":"","meta":{"_kad_post_transparent":"","_kad_post_title":"","_kad_post_layout":"","_kad_post_sidebar_id":"","_kad_post_content_style":"","_kad_post_vertical_padding":"","_kad_post_feature":"","_kad_post_feature_position":"","_kad_post_header":false,"_kad_post_footer":false,"_kad_post_classname":""},"product_brand":[],"product_cat":[14957],"product_tag":[],"class_list":{"0":"post-113583","1":"product","2":"type-product","3":"status-publish","4":"has-post-thumbnail","6":"product_cat-kablosuz-kulaklik-kablosuz-kulaklik","8":"first","9":"instock","10":"purchasable","11":"product-type-simple","12":"entry","13":"content-bg","14":"loop-entry"},"_links":{"self":[{"href":"https:\/\/www.hediyepazar.com\/index.php?rest_route=\/wp\/v2\/product\/113583","targetHints":{"allow":["GET"]}}],"collection":[{"href":"https:\/\/www.hediyepazar.com\/index.php?rest_route=\/wp\/v2\/product"}],"about":[{"href":"https:\/\/www.hediyepazar.com\/index.php?rest_route=\/wp\/v2\/types\/product"}],"replies":[{"embeddable":true,"href":"https:\/\/www.hediyepazar.com\/index.php?rest_route=%2Fwp%2Fv2%2Fcomments&post=113583"}],"wp:featuredmedia":[{"embeddable":true,"href":"https:\/\/www.hediyepazar.com\/index.php?rest_route=\/wp\/v2\/media\/113582"}],"wp:attachment":[{"href":"https:\/\/www.hediyepazar.com\/index.php?rest_route=%2Fwp%2Fv2%2Fmedia&parent=113583"}],"wp:term":[{"taxonomy":"product_brand","embeddable":true,"href":"https:\/\/www.hediyepazar.com\/index.php?rest_route=%2Fwp%2Fv2%2Fproduct_brand&post=113583"},{"taxonomy":"product_cat","embeddable":true,"href":"https:\/\/www.hediyepazar.com\/index.php?rest_route=%2Fwp%2Fv2%2Fproduct_cat&post=113583"},{"taxonomy":"product_tag","embeddable":true,"href":"https:\/\/www.hediyepazar.com\/index.php?rest_route=%2Fwp%2Fv2%2Fproduct_tag&post=113583"}],"curies":[{"name":"wp","href":"https:\/\/api.w.org\/{rel}","templated":true}]}}