{"id":113589,"date":"2026-05-05T11:45:01","date_gmt":"2026-05-05T14:45:01","guid":{"rendered":"https:\/\/www.hediyepazar.com\/?product=yeni-nesil-pro-bluetooth-kulaklik-uzun-pil-omru-beyaz-2"},"modified":"2026-05-05T11:45:01","modified_gmt":"2026-05-05T14:45:01","slug":"yeni-nesil-pro-bluetooth-kulaklik-uzun-pil-omru-beyaz-2","status":"publish","type":"product","link":"https:\/\/www.hediyepazar.com\/?product=yeni-nesil-pro-bluetooth-kulaklik-uzun-pil-omru-beyaz-2","title":{"rendered":"Yeni Nesil Pro Bluetooth Kulakl\u0131k Uzun Pil \u00d6mr\u00fc Beyaz"},"content":{"rendered":"<p>Y\u00fcksek Ses Kalitesi ile Kesintisiz Oyun ve M\u00fczik DeneyimiY\u00fcksek ses kalitesi sunan kulakl\u0131k, derin basslar ve kristal netli\u011finde tizler ile m\u00fckemmel bir dinleme deneyimi sa\u011flar. Oyunlarda, sesli komutlarla tam koordinasyon sa\u011flarken, m\u00fczik dinlerken her enstr\u00fcman\u0131 net bir \u015fekilde duyabilirsiniz. Geli\u015fmi\u015f ses s\u00fcr\u00fcc\u00fcs\u00fc sayesinde, kulakl\u0131k t\u00fcm frekans aral\u0131klar\u0131nda y\u00fcksek performans g\u00f6sterir. Bu sayede seslerin her ayr\u0131nt\u0131s\u0131n\u0131 duyabilir, en k\u00fc\u00e7\u00fck ses de\u011fi\u015fikliklerini fark edebilirsiniz. Oyun s\u0131ras\u0131nda d\u00fc\u015fman ad\u0131mlar\u0131n\u0131 bile net bir \u015fekilde duyabilece\u011finiz gibi, m\u00fczik dinlerken de y\u00fcksek kaliteli ses deneyimini ya\u015fars\u0131n\u0131z.Ergonomik Tasar\u0131m ile Uzun S\u00fcreli Kullan\u0131mda KonforKulakl\u0131k, ergonomik tasar\u0131m\u0131yla uzun s\u00fcreli kullan\u0131mlarda bile maksimum konfor sa\u011flar. Hafif yap\u0131s\u0131 ve kulaklar\u0131 saran yumu\u015fak pedleri sayesinde kulakl\u0131k, ba\u015f\u0131n\u0131zda a\u011f\u0131rl\u0131k yapmadan rahat\u00e7a kullan\u0131labilir. \u00d6zellikle uzun oyun maratonlar\u0131 veya m\u00fczik dinleme seanslar\u0131nda kula\u011f\u0131n\u0131zda herhangi bir rahats\u0131zl\u0131k hissetmezsiniz. Kulak \u00fcst\u00fc tasar\u0131m\u0131, kulaklar\u0131 rahat\u00e7a kavrayarak d\u0131\u015f sesleri engeller ve \u00e7evre g\u00fcr\u00fclt\u00fcs\u00fcnden izole olman\u0131z\u0131 sa\u011flar. Bu ergonomik \u00f6zellik, kulakl\u0131klar\u0131 saatlerce kesintisiz kullanmaya uygun hale getirir.<\/p>\n","protected":false},"excerpt":{"rendered":"<p>Y\u00fcksek Ses Kalitesi ile Kesintisiz Oyun ve M\u00fczik DeneyimiY\u00fcksek ses kalitesi sunan kulakl\u0131k, derin basslar ve kristal netli\u011finde tizler ile m\u00fckemmel bir dinleme deneyimi sa\u011flar. Oyunlarda, sesli komutlarla tam koordinasyon sa\u011flarken, m\u00fczik dinlerken her enstr\u00fcman\u0131 net bir \u015fekilde duyabilirsiniz. Geli\u015fmi\u015f ses s\u00fcr\u00fcc\u00fcs\u00fc sayesinde, kulakl\u0131k t\u00fcm frekans aral\u0131klar\u0131nda y\u00fcksek performans g\u00f6sterir. Bu sayede seslerin her ayr\u0131nt\u0131s\u0131n\u0131&#8230;<\/p>\n","protected":false},"featured_media":113588,"comment_status":"open","ping_status":"closed","template":"","meta":{"_kad_post_transparent":"","_kad_post_title":"","_kad_post_layout":"","_kad_post_sidebar_id":"","_kad_post_content_style":"","_kad_post_vertical_padding":"","_kad_post_feature":"","_kad_post_feature_position":"","_kad_post_header":false,"_kad_post_footer":false,"_kad_post_classname":""},"product_brand":[],"product_cat":[14957],"product_tag":[],"class_list":{"0":"post-113589","1":"product","2":"type-product","3":"status-publish","4":"has-post-thumbnail","6":"product_cat-kablosuz-kulaklik-kablosuz-kulaklik","8":"first","9":"instock","10":"purchasable","11":"product-type-simple","12":"entry","13":"content-bg","14":"loop-entry"},"_links":{"self":[{"href":"https:\/\/www.hediyepazar.com\/index.php?rest_route=\/wp\/v2\/product\/113589","targetHints":{"allow":["GET"]}}],"collection":[{"href":"https:\/\/www.hediyepazar.com\/index.php?rest_route=\/wp\/v2\/product"}],"about":[{"href":"https:\/\/www.hediyepazar.com\/index.php?rest_route=\/wp\/v2\/types\/product"}],"replies":[{"embeddable":true,"href":"https:\/\/www.hediyepazar.com\/index.php?rest_route=%2Fwp%2Fv2%2Fcomments&post=113589"}],"wp:featuredmedia":[{"embeddable":true,"href":"https:\/\/www.hediyepazar.com\/index.php?rest_route=\/wp\/v2\/media\/113588"}],"wp:attachment":[{"href":"https:\/\/www.hediyepazar.com\/index.php?rest_route=%2Fwp%2Fv2%2Fmedia&parent=113589"}],"wp:term":[{"taxonomy":"product_brand","embeddable":true,"href":"https:\/\/www.hediyepazar.com\/index.php?rest_route=%2Fwp%2Fv2%2Fproduct_brand&post=113589"},{"taxonomy":"product_cat","embeddable":true,"href":"https:\/\/www.hediyepazar.com\/index.php?rest_route=%2Fwp%2Fv2%2Fproduct_cat&post=113589"},{"taxonomy":"product_tag","embeddable":true,"href":"https:\/\/www.hediyepazar.com\/index.php?rest_route=%2Fwp%2Fv2%2Fproduct_tag&post=113589"}],"curies":[{"name":"wp","href":"https:\/\/api.w.org\/{rel}","templated":true}]}}