{"id":113595,"date":"2026-05-05T11:45:27","date_gmt":"2026-05-05T14:45:27","guid":{"rendered":"https:\/\/www.hediyepazar.com\/?product=mini-fan-sogutucu-telefon-tutucu-vantilator-2"},"modified":"2026-05-05T11:45:27","modified_gmt":"2026-05-05T14:45:27","slug":"mini-fan-sogutucu-telefon-tutucu-vantilator-2","status":"publish","type":"product","link":"https:\/\/www.hediyepazar.com\/?product=mini-fan-sogutucu-telefon-tutucu-vantilator-2","title":{"rendered":"Mini Fan So\u011futucu Telefon Tutucu Vantilat\u00f6r"},"content":{"rendered":"<p>\u0130thalat\u00e7\u0131 garantisi ile sat\u0131n alabilece\u011finiz bu mini fan, 2 y\u0131l boyunca herhangi bir sorunda m\u00fc\u015fteri deste\u011fi sa\u011flayarak g\u00fcvenli bir al\u0131\u015fveri\u015f deneyimi sunar. Herhangi bir problemde sizinle ilgilenerek, her an yan\u0131n\u0131zda olmaya devam eder. \u00dcr\u00fcn\u00fcn sa\u011flaml\u0131\u011f\u0131 ve garantisi, g\u00f6n\u00fcl rahatl\u0131\u011f\u0131yla kullan\u0131m\u0131n\u0131z\u0131 garanti eder.Ta\u015f\u0131nabilir ve Kullan\u0131\u015fl\u0131: Katlanabilir Tasar\u0131m\u0131yla Her Yere Ta\u015f\u0131yabilirsinizMini fan\u0131n katlanabilir yap\u0131s\u0131 sayesinde, istedi\u011finiz her yere kolayca ta\u015f\u0131yabilirsiniz. Boyutu sayesinde dar alanlarda bile rahatl\u0131kla kullan\u0131labilir. K\u00fc\u00e7\u00fck ama etkili tasar\u0131m\u0131, evde, ofiste veya seyahatte her an yan\u0131n\u0131zda olmas\u0131n\u0131 sa\u011flar. Hem kullan\u0131m hem de ta\u015f\u0131nabilirlik a\u00e7\u0131s\u0131ndan ideal bir \u00fcr\u00fcnd\u00fcr.3 H\u0131z Ayar\u0131 ile Esnek Kullan\u0131m: Farkl\u0131 \u0130htiya\u00e7lara Uygun So\u011futma Se\u00e7enekleriBu mini fan, 3 farkl\u0131 h\u0131z kademesi sunarak istedi\u011finiz ortamda etkili so\u011futma sa\u011flar. S\u0131cak yaz g\u00fcnlerinde, ofiste \u00e7al\u0131\u015f\u0131rken veya dinlenirken ihtiyac\u0131n\u0131za g\u00f6re h\u0131z ayar\u0131n\u0131 yapabilirsiniz. Ki\u015fisel konforunuza g\u00f6re so\u011futma g\u00fcc\u00fcn\u00fc esnek bir \u015fekilde ayarlayarak, her an rahat bir hava ak\u0131\u015f\u0131 yaratabilirsiniz.<\/p>\n","protected":false},"excerpt":{"rendered":"<p>\u0130thalat\u00e7\u0131 garantisi ile sat\u0131n alabilece\u011finiz bu mini fan, 2 y\u0131l boyunca herhangi bir sorunda m\u00fc\u015fteri deste\u011fi sa\u011flayarak g\u00fcvenli bir al\u0131\u015fveri\u015f deneyimi sunar. Herhangi bir problemde sizinle ilgilenerek, her an yan\u0131n\u0131zda olmaya devam eder. \u00dcr\u00fcn\u00fcn sa\u011flaml\u0131\u011f\u0131 ve garantisi, g\u00f6n\u00fcl rahatl\u0131\u011f\u0131yla kullan\u0131m\u0131n\u0131z\u0131 garanti eder.Ta\u015f\u0131nabilir ve Kullan\u0131\u015fl\u0131: Katlanabilir Tasar\u0131m\u0131yla Her Yere Ta\u015f\u0131yabilirsinizMini fan\u0131n katlanabilir yap\u0131s\u0131 sayesinde, istedi\u011finiz her&#8230;<\/p>\n","protected":false},"featured_media":113594,"comment_status":"open","ping_status":"closed","template":"","meta":{"_kad_post_transparent":"","_kad_post_title":"","_kad_post_layout":"","_kad_post_sidebar_id":"","_kad_post_content_style":"","_kad_post_vertical_padding":"","_kad_post_feature":"","_kad_post_feature_position":"","_kad_post_header":false,"_kad_post_footer":false,"_kad_post_classname":""},"product_brand":[],"product_cat":[15021],"product_tag":[],"class_list":{"0":"post-113595","1":"product","2":"type-product","3":"status-publish","4":"has-post-thumbnail","6":"product_cat-vantilator-vantilator","8":"first","9":"instock","10":"purchasable","11":"product-type-simple","12":"entry","13":"content-bg","14":"loop-entry"},"_links":{"self":[{"href":"https:\/\/www.hediyepazar.com\/index.php?rest_route=\/wp\/v2\/product\/113595","targetHints":{"allow":["GET"]}}],"collection":[{"href":"https:\/\/www.hediyepazar.com\/index.php?rest_route=\/wp\/v2\/product"}],"about":[{"href":"https:\/\/www.hediyepazar.com\/index.php?rest_route=\/wp\/v2\/types\/product"}],"replies":[{"embeddable":true,"href":"https:\/\/www.hediyepazar.com\/index.php?rest_route=%2Fwp%2Fv2%2Fcomments&post=113595"}],"wp:featuredmedia":[{"embeddable":true,"href":"https:\/\/www.hediyepazar.com\/index.php?rest_route=\/wp\/v2\/media\/113594"}],"wp:attachment":[{"href":"https:\/\/www.hediyepazar.com\/index.php?rest_route=%2Fwp%2Fv2%2Fmedia&parent=113595"}],"wp:term":[{"taxonomy":"product_brand","embeddable":true,"href":"https:\/\/www.hediyepazar.com\/index.php?rest_route=%2Fwp%2Fv2%2Fproduct_brand&post=113595"},{"taxonomy":"product_cat","embeddable":true,"href":"https:\/\/www.hediyepazar.com\/index.php?rest_route=%2Fwp%2Fv2%2Fproduct_cat&post=113595"},{"taxonomy":"product_tag","embeddable":true,"href":"https:\/\/www.hediyepazar.com\/index.php?rest_route=%2Fwp%2Fv2%2Fproduct_tag&post=113595"}],"curies":[{"name":"wp","href":"https:\/\/api.w.org\/{rel}","templated":true}]}}