{"id":113619,"date":"2026-05-05T11:46:48","date_gmt":"2026-05-05T14:46:48","guid":{"rendered":"https:\/\/www.hediyepazar.com\/?product=tasinabilir-yuz-temizleme-cihazi-masaj-peeling-temizlik-5-baslikli-2"},"modified":"2026-05-05T11:46:48","modified_gmt":"2026-05-05T14:46:48","slug":"tasinabilir-yuz-temizleme-cihazi-masaj-peeling-temizlik-5-baslikli-2","status":"publish","type":"product","link":"https:\/\/www.hediyepazar.com\/?product=tasinabilir-yuz-temizleme-cihazi-masaj-peeling-temizlik-5-baslikli-2","title":{"rendered":"Ta\u015f\u0131nabilir Y\u00fcz Temizleme Cihaz\u0131 Masaj Peeling Temizlik 5 Ba\u015fl\u0131kl\u0131"},"content":{"rendered":"<p>Cilt bak\u0131m rutininizi bir \u00fcst seviyeye ta\u015f\u0131mak isteyenler i\u00e7in m\u00fckemmel bir se\u00e7enek olan bu 5 fonksiyonlu cilt bak\u0131m cihaz\u0131, cildinizi derinlemesine temizlerken ayn\u0131 zamanda bak\u0131m yapar. Masaj fonksiyonu ile ciltteki kan dola\u015f\u0131m\u0131n\u0131 art\u0131r\u0131rken, peeling fonksiyonu ile \u00f6l\u00fc deriden ar\u0131nd\u0131r\u0131r ve cildinizin taze, gen\u00e7 ve \u0131\u015f\u0131lt\u0131l\u0131 g\u00f6r\u00fcnmesini sa\u011flar. Y\u00fcz temizleme ba\u015fl\u0131\u011f\u0131 ise ciltteki kirleri ve makyaj kal\u0131nt\u0131lar\u0131n\u0131 etkili bir \u015fekilde temizler. Tonlama fonksiyonu, cildinizin pH dengesini d\u00fczenlerken, nemlendirme fonksiyonu cildinizi nemlendirir ve elastikiyetini art\u0131r\u0131r. Hafif ve ta\u015f\u0131nabilir tasar\u0131m\u0131 sayesinde g\u00fcnl\u00fck bak\u0131m\u0131n\u0131z\u0131 her yerde yapabilmenizi sa\u011flar. Kablosuz yap\u0131s\u0131, hareket \u00f6zg\u00fcrl\u00fc\u011f\u00fc sunar, b\u00f6ylece seyahatteyken ya da yo\u011fun bir g\u00fcn\u00fcn ortas\u0131nda bile rahatl\u0131kla kullanabilirsiniz. Ayr\u0131ca uzun pil \u00f6mr\u00fc sayesinde cihaz\u0131n\u0131z\u0131 g\u00fcn boyu kullanabilirsiniz, b\u00f6ylece s\u0131k s\u0131k pil de\u011fi\u015ftirme ihtiyac\u0131 duymazs\u0131n\u0131z. Cildinizin sa\u011fl\u0131\u011f\u0131n\u0131 ve g\u00f6r\u00fcn\u00fcm\u00fcn\u00fc koruyarak, daha gen\u00e7 ve canl\u0131 bir g\u00f6r\u00fcn\u00fcm elde etmenize yard\u0131mc\u0131 olur.<\/p>\n","protected":false},"excerpt":{"rendered":"<p>Cilt bak\u0131m rutininizi bir \u00fcst seviyeye ta\u015f\u0131mak isteyenler i\u00e7in m\u00fckemmel bir se\u00e7enek olan bu 5 fonksiyonlu cilt bak\u0131m cihaz\u0131, cildinizi derinlemesine temizlerken ayn\u0131 zamanda bak\u0131m yapar. Masaj fonksiyonu ile ciltteki kan dola\u015f\u0131m\u0131n\u0131 art\u0131r\u0131rken, peeling fonksiyonu ile \u00f6l\u00fc deriden ar\u0131nd\u0131r\u0131r ve cildinizin taze, gen\u00e7 ve \u0131\u015f\u0131lt\u0131l\u0131 g\u00f6r\u00fcnmesini sa\u011flar. Y\u00fcz temizleme ba\u015fl\u0131\u011f\u0131 ise ciltteki kirleri ve makyaj&#8230;<\/p>\n","protected":false},"featured_media":113618,"comment_status":"open","ping_status":"closed","template":"","meta":{"_kad_post_transparent":"","_kad_post_title":"","_kad_post_layout":"","_kad_post_sidebar_id":"","_kad_post_content_style":"","_kad_post_vertical_padding":"","_kad_post_feature":"","_kad_post_feature_position":"","_kad_post_header":false,"_kad_post_footer":false,"_kad_post_classname":""},"product_brand":[],"product_cat":[15018],"product_tag":[],"class_list":{"0":"post-113619","1":"product","2":"type-product","3":"status-publish","4":"has-post-thumbnail","6":"product_cat-yuz-temizleme-cihazi-yuz-temizleme-cihazi","8":"first","9":"instock","10":"purchasable","11":"product-type-simple","12":"entry","13":"content-bg","14":"loop-entry"},"_links":{"self":[{"href":"https:\/\/www.hediyepazar.com\/index.php?rest_route=\/wp\/v2\/product\/113619","targetHints":{"allow":["GET"]}}],"collection":[{"href":"https:\/\/www.hediyepazar.com\/index.php?rest_route=\/wp\/v2\/product"}],"about":[{"href":"https:\/\/www.hediyepazar.com\/index.php?rest_route=\/wp\/v2\/types\/product"}],"replies":[{"embeddable":true,"href":"https:\/\/www.hediyepazar.com\/index.php?rest_route=%2Fwp%2Fv2%2Fcomments&post=113619"}],"wp:featuredmedia":[{"embeddable":true,"href":"https:\/\/www.hediyepazar.com\/index.php?rest_route=\/wp\/v2\/media\/113618"}],"wp:attachment":[{"href":"https:\/\/www.hediyepazar.com\/index.php?rest_route=%2Fwp%2Fv2%2Fmedia&parent=113619"}],"wp:term":[{"taxonomy":"product_brand","embeddable":true,"href":"https:\/\/www.hediyepazar.com\/index.php?rest_route=%2Fwp%2Fv2%2Fproduct_brand&post=113619"},{"taxonomy":"product_cat","embeddable":true,"href":"https:\/\/www.hediyepazar.com\/index.php?rest_route=%2Fwp%2Fv2%2Fproduct_cat&post=113619"},{"taxonomy":"product_tag","embeddable":true,"href":"https:\/\/www.hediyepazar.com\/index.php?rest_route=%2Fwp%2Fv2%2Fproduct_tag&post=113619"}],"curies":[{"name":"wp","href":"https:\/\/api.w.org\/{rel}","templated":true}]}}